{"id":7815,"date":"2024-05-15T15:59:29","date_gmt":"2024-05-15T12:59:29","guid":{"rendered":"https:\/\/nibd.lt\/?page_id=7815"},"modified":"2025-02-03T12:05:02","modified_gmt":"2025-02-03T09:05:02","slug":"jungtys-registracija","status":"publish","type":"page","link":"https:\/\/nibd.lt\/en\/jungtys-registracija\/","title":{"rendered":"Registracija \u012f program\u0105 Jungtys"},"content":{"rendered":"<div class=\"wp-block-group alignwide is-layout-constrained wp-block-group-is-layout-constrained\">\n<div class=\"forminator-ui forminator-custom-form forminator-custom-form-8451 forminator-design--material  forminator_ajax\" data-forminator-render=\"0\" data-form=\"forminator-module-8451\" data-uid=\"69e6964cc8d48\"><br\/><\/div><form\n\t\t\t\tid=\"forminator-module-8451\"\n\t\t\t\tclass=\"forminator-ui forminator-custom-form forminator-custom-form-8451 forminator-design--material  forminator_ajax\"\n\t\t\t\tmethod=\"post\"\n\t\t\t\tdata-forminator-render=\"0\"\n\t\t\t\tdata-form-id=\"8451\"\n\t\t\t\t\n\t\t\t\tdata-design=\"material\"\n\t\t\t\t\n\t\t\t\t\n\t\t\t\t\n\t\t\t\tdata-grid=\"open\"\n\t\t\t\t\n\t\t\t\t\n\t\t\t\tstyle=\"display: none;\"\n\t\t\t\t\n\t\t\t\tdata-uid=\"69e6964cc8d48\" action=\"\"\n\t\t\t><div role=\"alert\" aria-live=\"polite\" class=\"forminator-response-message forminator-error\" aria-hidden=\"true\"><\/div><div class=\"forminator-row\"><div id=\"name-1\" class=\"forminator-field-name forminator-col forminator-col-12\"><div class=\"forminator-row forminator-no-margin\" data-multiple=\"true\"><div class=\"forminator-col forminator-col-md-6\"><div class=\"forminator-field\"><label for=\"forminator-field-first-name-1_69e6964cc8d48\" id=\"forminator-field-first-name-1_69e6964cc8d48-label\" class=\"forminator-label\">Vardas <span class=\"forminator-required\">*<\/span><\/label><input type=\"text\" name=\"name-1-first-name\" placeholder=\"Vardas\" id=\"forminator-field-first-name-1_69e6964cc8d48\" class=\"forminator-input\" aria-required=\"true\" data-multi=\"1\" value=\"\" \/><\/div><\/div><div class=\"forminator-col forminator-col-md-6\"><div class=\"forminator-field\"><label for=\"forminator-field-last-name-1_69e6964cc8d48\" id=\"forminator-field-last-name-1_69e6964cc8d48-label\" class=\"forminator-label\">Pavard\u0117 <span class=\"forminator-required\">*<\/span><\/label><input type=\"text\" name=\"name-1-last-name\" placeholder=\"Pavard\u0117\" id=\"forminator-field-last-name-1_69e6964cc8d48\" class=\"forminator-input\" aria-required=\"true\" data-multi=\"1\" value=\"\" \/><\/div><\/div><\/div><\/div><\/div><div class=\"forminator-row\"><div id=\"phone-1\" class=\"forminator-field-phone forminator-col forminator-col-12\"><div class=\"forminator-field\"><label for=\"forminator-field-phone-1_69e6964cc8d48\" id=\"forminator-field-phone-1_69e6964cc8d48-label\" class=\"forminator-label\">Telefono numeris <span class=\"forminator-required\">*<\/span><\/label><input type=\"text\" name=\"phone-1\" value=\"\" placeholder=\"+370\" id=\"forminator-field-phone-1_69e6964cc8d48\" class=\"forminator-input forminator-field--phone\" data-required=\"1\" aria-required=\"true\" autocomplete=\"off\" data-national_mode=\"enabled\" data-country=\"lt\" data-validation=\"standard\" \/><\/div><\/div><\/div><div class=\"forminator-row\"><div id=\"email-1\" class=\"forminator-field-email forminator-col forminator-col-12\"><div class=\"forminator-field\"><label for=\"forminator-field-email-1_69e6964cc8d48\" id=\"forminator-field-email-1_69e6964cc8d48-label\" class=\"forminator-label\">El. pa\u0161to adresas <span class=\"forminator-required\">*<\/span><\/label><input type=\"email\" name=\"email-1\" value=\"\" placeholder=\"El. pa\u0161to adresas\" id=\"forminator-field-email-1_69e6964cc8d48\" class=\"forminator-input forminator-email--field\" data-required=\"1\" aria-required=\"true\" \/><\/div><\/div><\/div><div class=\"forminator-row\"><div id=\"date-1\" class=\"forminator-field-date forminator-col forminator-col-12\"><div class=\"forminator-field\"><label for=\"forminator-field-date-1-picker_69e6964cc8d48\" id=\"forminator-field-date-1-picker_69e6964cc8d48-label\" class=\"forminator-label\">Gimimo data <span class=\"forminator-required\">*<\/span><\/label><div class=\"forminator-input-with-icon\"><span class=\"forminator-icon-calendar\" aria-hidden=\"true\"><\/span><input autocomplete=\"off\" type=\"text\" size=\"1\" name=\"date-1\" value=\"\" placeholder=\"Gimimo data\" id=\"forminator-field-date-1-picker_69e6964cc8d48\" class=\"forminator-input forminator-datepicker\" data-required=\"1\" data-format=\"yy\/mm\/dd\" data-restrict-type=\"\" data-restrict=\"\" data-start-year=\"1926\" data-end-year=\"2126\" data-past-dates=\"enable\" data-start-of-week=\"1\" data-start-date=\"\" data-end-date=\"\" data-start-field=\"\" data-end-field=\"\" data-start-offset=\"\" data-end-offset=\"\" data-disable-date=\"\" data-disable-range=\"\" \/><\/div><\/div><\/div><\/div><div class=\"forminator-row\"><div id=\"select-1\" class=\"forminator-field-select forminator-col forminator-col-12\"><div class=\"forminator-field\"><label for=\"forminator-form-8451__field--select-1_69e6964cc8d48\" id=\"forminator-form-8451__field--select-1_69e6964cc8d48-label\" class=\"forminator-label\">Vilniaus r. savivaldyb\u0117s seni\u016bnija, kurioje fakti\u0161kai gyvenu<\/label><select  id=\"forminator-form-8451__field--select-1_69e6964cc8d48\" class=\"forminator-select--field forminator-select2 forminator-select2-multiple\" data-required=\"\" name=\"select-1\" data-default-value=\"\" data-hidden-behavior=\"zero\" data-placeholder=\"Seni\u016bnija, kurioje fakti\u0161kai gyvenu\" data-search=\"true\" data-search-placeholder=\"Seni\u016bnija, kurioje fakti\u0161kai gyvenu\" data-checkbox=\"false\" data-allow-clear=\"false\" aria-labelledby=\"forminator-form-8451__field--select-1_69e6964cc8d48-label\"><option value=\"\"  >Seni\u016bnija, kurioje fakti\u0161kai gyvenu<\/option><option value=\"Avi\u017eieni\u0173\"  data-calculation=\"0\">Avi\u017eieni\u0173<\/option><option value=\"Bezdoni\u0173\"  data-calculation=\"0\">Bezdoni\u0173<\/option><option value=\"Buivyd\u017ei\u0173\"  data-calculation=\"0\">Buivyd\u017ei\u0173<\/option><option value=\"D\u016bk\u0161t\u0173\"  data-calculation=\"0\">D\u016bk\u0161t\u0173<\/option><option value=\"Mai\u0161iagalos\"  data-calculation=\"0\">Mai\u0161iagalos<\/option><option value=\"Nemen\u010din\u0117s\"  data-calculation=\"0\">Nemen\u010din\u0117s<\/option><option value=\"Nemen\u010din\u0117s m.\"  data-calculation=\"0\">Nemen\u010din\u0117s m.<\/option><option value=\"Paber\u017e\u0117s\"  data-calculation=\"0\">Paber\u017e\u0117s<\/option><option value=\"Rie\u0161\u0117s\"  data-calculation=\"0\">Rie\u0161\u0117s<\/option><option value=\"Suderv\u0117s\"  data-calculation=\"0\">Suderv\u0117s<\/option><option value=\"Su\u017eioni\u0173\"  data-calculation=\"0\">Su\u017eioni\u0173<\/option><option value=\"Zuj\u016bn\u0173\"  data-calculation=\"0\">Zuj\u016bn\u0173<\/option><option value=\"Juod\u0161ili\u0173\"  data-calculation=\"0\">Juod\u0161ili\u0173<\/option><option value=\"Kalveli\u0173\"  data-calculation=\"0\">Kalveli\u0173<\/option><option value=\"Lavori\u0161ki\u0173\"  data-calculation=\"0\">Lavori\u0161ki\u0173<\/option><option value=\"Marijampolio\"  data-calculation=\"0\">Marijampolio<\/option><option value=\"Medinink\u0173\"  data-calculation=\"0\">Medinink\u0173<\/option><option value=\"Mick\u016bn\u0173\"  data-calculation=\"0\">Mick\u016bn\u0173<\/option><option value=\"Nem\u0117\u017eio\"  data-calculation=\"0\">Nem\u0117\u017eio<\/option><option value=\"Pagiri\u0173\"  data-calculation=\"0\">Pagiri\u0173<\/option><option value=\"Rudaminos\"  data-calculation=\"0\">Rudaminos<\/option><option value=\"Rukaini\u0173\"  data-calculation=\"0\">Rukaini\u0173<\/option><option value=\"\u0160atrinink\u0173\"  data-calculation=\"0\">\u0160atrinink\u0173<\/option><option value=\"Gyvenu ne Vilniaus raj. savivaldyb\u0117je\"  data-calculation=\"0\">Gyvenu ne Vilniaus r. savivaldyb\u0117je<\/option><\/select><\/div><\/div><\/div><div class=\"forminator-row\"><div id=\"textarea-4\" class=\"forminator-field-textarea forminator-col forminator-col-12\"><div class=\"forminator-field\"><label for=\"forminator-field-textarea-4_69e6964cc8d48\" id=\"forminator-field-textarea-4_69e6964cc8d48-label\" class=\"forminator-label\">\u012era\u0161yti savivaldyb\u0119 jei gyvenu ne Vilniaus r. savivaldyb\u0117je<\/label><textarea name=\"textarea-4\" placeholder=\"\" id=\"forminator-field-textarea-4_69e6964cc8d48\" class=\"forminator-textarea\" rows=\"6\" style=\"min-height:140px;\" ><\/textarea><\/div><\/div><\/div><div class=\"forminator-row\"><div id=\"textarea-3\" class=\"forminator-field-textarea forminator-col forminator-col-12\"><div class=\"forminator-field\"><label for=\"forminator-field-textarea-3_69e6964cc8d48\" id=\"forminator-field-textarea-3_69e6964cc8d48-label\" class=\"forminator-label\">Motyvacija dalyvauti programoje \/ aktual\u016bs klausimai <span class=\"forminator-required\">*<\/span><\/label><textarea name=\"textarea-3\" placeholder=\"\" id=\"forminator-field-textarea-3_69e6964cc8d48\" class=\"forminator-textarea\" rows=\"6\" style=\"min-height:140px;\" ><\/textarea><\/div><\/div><\/div><div class=\"forminator-row\"><div id=\"textarea-1\" class=\"forminator-field-textarea forminator-col forminator-col-12\"><div class=\"forminator-field\"><label for=\"forminator-field-textarea-1_69e6964cc8d48\" id=\"forminator-field-textarea-1_69e6964cc8d48-label\" class=\"forminator-label\">Kur su\u017einojote apie \u0161i\u0105 savanoryst\u0117s program\u0105? <span class=\"forminator-required\">*<\/span><\/label><textarea name=\"textarea-1\" placeholder=\"\" id=\"forminator-field-textarea-1_69e6964cc8d48\" class=\"forminator-textarea\" rows=\"6\" style=\"min-height:140px;\" ><\/textarea><\/div><\/div><\/div><div class=\"forminator-row\"><div id=\"consent-1\" class=\"forminator-field-consent forminator-col forminator-col-12\"><div class=\"forminator-field\"><label for=\"forminator-field-consent-1_69e6964cc8d48\" id=\"forminator-field-consent-1_69e6964cc8d48-label\" class=\"forminator-label\">Sutikimas <span class=\"forminator-required\">*<\/span><\/label><div class=\"forminator-checkbox__wrapper\"><label id=\"forminator-field-consent-1_69e6964cc8d48__label\" class=\"forminator-checkbox forminator-consent\" aria-labelledby=\"forminator-field-consent-1_69e6964cc8d48-label\" aria-hidden=\"true\"><input type=\"checkbox\" name=\"consent-1\" id=\"forminator-field-consent-1_69e6964cc8d48\" value=\"checked\" aria-labelledby=\"forminator-field-consent-1_69e6964cc8d48-label\" aria-describedby=\"forminator-field-consent-1_69e6964cc8d48__description\" data-required=\"true\" aria-required=\"true\" \/><span class=\"forminator-checkbox-box\" aria-hidden=\"true\"><\/span><\/label><div id=\"forminator-field-consent-1_69e6964cc8d48__description\" class=\"forminator-checkbox__label forminator-consent__label\"><p>Sutinku, kad mano asmens duomenys (vardas, pavard\u0117, tel. nr., el. pa\u0161to adresas) b\u016bt\u0173 tvarkomi supa\u017eindinimo su projektu JUNGTYS Nr. 07-020-P-0001 tikslu ir naudojami susisiekti su manimi.<\/p><\/div><\/div><\/div><\/div><\/div><div class=\"forminator-row\"><div id=\"captcha-1\" class=\"forminator-field-captcha forminator-col forminator-col-12\"><div class=\"forminator-captcha-left forminator-g-recaptcha recaptcha-invisible\" data-theme=\"light\" data-badge=\"bottomright\" data-sitekey=\"6LecR_okAAAAABiiUtsByyvmDXhtoNvH3l1-Oj1F\" data-size=\"invisible\"><\/div> <\/div><\/div><input type=\"hidden\" name=\"referer_url\" value=\"\" \/><div class=\"forminator-row forminator-row-last\"><div class=\"forminator-col\"><div class=\"forminator-field\"><button class=\"forminator-button forminator-button-submit\"><span>Pateikti<\/span><span aria-hidden=\"true\"><\/span><\/button><\/div><\/div><\/div><input type=\"hidden\" id=\"forminator_nonce\" name=\"forminator_nonce\" value=\"d49c4ef6e9\" \/><input type=\"hidden\" name=\"_wp_http_referer\" value=\"\/en\/wp-json\/wp\/v2\/pages\/7815\" \/><input type=\"hidden\" name=\"form_id\" value=\"8451\"><input type=\"hidden\" name=\"page_id\" value=\"7815\"><input type=\"hidden\" name=\"form_type\" value=\"default\"><input type=\"hidden\" name=\"current_url\" value=\"https:\/\/nibd.lt\/en\/jungtys-registracija\/\"><input type=\"hidden\" name=\"render_id\" value=\"0\"><input type=\"hidden\" name=\"action\" value=\"forminator_submit_form_custom-forms\"><input type=\"hidden\" name=\"trp-form-language\" value=\"en\"\/><\/form>\n<\/div>","protected":false},"excerpt":{"rendered":"","protected":false},"author":1,"featured_media":0,"parent":0,"menu_order":0,"comment_status":"closed","ping_status":"closed","template":"","meta":{"_uag_custom_page_level_css":"","ngg_post_thumbnail":0,"footnotes":""},"class_list":["post-7815","page","type-page","status-publish","hentry"],"uagb_featured_image_src":{"full":false,"thumbnail":false,"medium":false,"medium_large":false,"large":false,"1536x1536":false,"2048x2048":false,"trp-custom-language-flag":false,"chromenews-featured":false,"chromenews-large":false,"chromenews-medium":false},"uagb_author_info":{"display_name":"E. Lukas","author_link":"https:\/\/nibd.lt\/en\/author\/neimtigmail-com\/"},"uagb_comment_info":0,"uagb_excerpt":null,"_links":{"self":[{"href":"https:\/\/nibd.lt\/en\/wp-json\/wp\/v2\/pages\/7815","targetHints":{"allow":["GET"]}}],"collection":[{"href":"https:\/\/nibd.lt\/en\/wp-json\/wp\/v2\/pages"}],"about":[{"href":"https:\/\/nibd.lt\/en\/wp-json\/wp\/v2\/types\/page"}],"author":[{"embeddable":true,"href":"https:\/\/nibd.lt\/en\/wp-json\/wp\/v2\/users\/1"}],"replies":[{"embeddable":true,"href":"https:\/\/nibd.lt\/en\/wp-json\/wp\/v2\/comments?post=7815"}],"version-history":[{"count":4,"href":"https:\/\/nibd.lt\/en\/wp-json\/wp\/v2\/pages\/7815\/revisions"}],"predecessor-version":[{"id":9508,"href":"https:\/\/nibd.lt\/en\/wp-json\/wp\/v2\/pages\/7815\/revisions\/9508"}],"wp:attachment":[{"href":"https:\/\/nibd.lt\/en\/wp-json\/wp\/v2\/media?parent=7815"}],"curies":[{"name":"wp","href":"https:\/\/api.w.org\/{rel}","templated":true}]}}