{"id":7785,"date":"2024-05-14T10:35:18","date_gmt":"2024-05-14T07:35:18","guid":{"rendered":"https:\/\/nibd.lt\/?page_id=7785"},"modified":"2026-04-05T00:22:58","modified_gmt":"2026-04-04T21:22:58","slug":"jungtys","status":"publish","type":"page","link":"https:\/\/nibd.lt\/en\/jungtys\/","title":{"rendered":"Jungtys"},"content":{"rendered":"<div class=\"wp-block-group alignfull is-layout-constrained wp-block-group-is-layout-constrained\">\n<p class=\"has-text-align-justify has-text-align-justify\">Ar kada nors susid\u016brei su kasdien\u0117mis problemomis, kuri\u0173 sprendimas atrodo sunkus?<\/p>\n\n\n\n<p class=\"has-text-align-justify has-text-align-justify\">Ar nor\u0117tum \u012fgyti \u012fg\u016bd\u017ei\u0173, kurie pad\u0117t\u0173 lengviau susidoroti su kasdieniais i\u0161\u0161\u016bkiais ir pasiekti savo tikslus?<\/p>\n\n\n\n<p class=\"has-text-align-justify has-text-align-justify\">Jei taip, kvie\u010diame Tave prisijungti prie projekto JUNGTYS!<\/p>\n\n\n\n<p class=\"has-text-align-center\"><strong>Kas yra JUNGTYS?<\/strong><\/p>\n\n\n\n<p class=\"has-text-align-justify has-text-align-justify\">Tai unikali galimyb\u0117 dirbti su patyrusiais jaunimo darbuotojais, kurie pad\u0117s Tau stiprinti geb\u0117jimus spr\u0119sti kasdienio gyvenimo problemas ir u\u017etikrinti, kad Tavo kasdieniai poreikiai b\u016bt\u0173 patenkinti. Mes kuriame individualius veiklos planus, pritaikytus Tavo asmeniniams tikslams ir poreikiams.<\/p>\n\n\n\n<div class=\"wp-block-blockspare-shape-divider alignfull blockspare-3980b90c-ac9d-4 blockspare-block-animation bs-hover-style-8\" blockspare-animation=\"AFTclipHorizontal\"><style>.blockspare-3980b90c-ac9d-4 .blockspare-svg-wrapper{color:#febc62;height:72px;padding-top:0px;padding-right:0px;padding-bottom:0px;padding-left:0px;margin-top:30px;margin-right:0px;margin-bottom:30px;margin-left:0px}<\/style><div class=\"blockspare-blocks blockspare-svg-wrapper blockspare-hover-item is-horizontally-flipped has-width-1-1\"><div class=\"blockspare-svg-svg-inner blockspare-separator-wrapper\"><svg class=\"double-wave\" preserveaspectratio=\"none\" aria-hidden=\"true\" xmlns=\"http:\/\/www.w3.org\/2000\/svg\" viewbox=\"0 0 1946 175\"><path class=\"st0\" d=\"M-.5 27.7v146.8h1946V10.7s-170.6 20.4-265 57.2c0 0-374.1 116.7-794.2 24.7 0 0-414.1-100.9-673.1-92-.1 0-102.9 5.2-213.7 27.1z\"><\/path><path class=\"st1\" d=\"M1945.5 69.9s-425.5-100-888 20.5c0 0-342.6 63.3-611.4 43.8 0 0-224.9-40.3-446.6-84.4V174h1946V69.9z\"><\/path><path d=\"M-.5 88s425.5-100 888 20.5c0 0 342.6 63.3 611.4 43.8 0 0 224.9-20.2 446.6-64.3v87H-.5V88z\"><\/path><\/svg><\/div><\/div><\/div>\n\n\n\n<div class=\"wp-block-blockspare-shape-divider alignfull blockspare-26f90b3d-9755-4 blockspare-block-animation bs-hover-style-8\" blockspare-animation=\"AFTclipHorizontal\"><style>.blockspare-26f90b3d-9755-4 .blockspare-svg-wrapper{color:#febc62;height:72px;padding-top:0px;padding-right:0px;padding-bottom:0px;padding-left:0px;margin-top:-31px;margin-right:0px;margin-bottom:30px;margin-left:0px}<\/style><div class=\"blockspare-blocks blockspare-svg-wrapper blockspare-hover-item is-vertically-flipped is-horizontally-flipped has-width-1-1\"><div class=\"blockspare-svg-svg-inner blockspare-separator-wrapper\"><svg class=\"fan\" preserveaspectratio=\"none\" aria-hidden=\"true\" xmlns=\"http:\/\/www.w3.org\/2000\/svg\" viewbox=\"0 0 1917 105\"><path class=\"st1\" d=\"M-.5 0l958.8 69.3L1917 0v77H-.5z\"><\/path><path class=\"st2\" d=\"M-.5 24.5l958.8 46.3L1917 24.5V77H-.5z\"><\/path><path class=\"st3\" d=\"M-.5 49.1l958.8 23.1L1917 49.1V77H-.5z\"><\/path><path d=\"M-.5 77H1917v28H-.5z\"><\/path><\/svg><\/div><\/div><\/div>\n\n\n\n<p class=\"has-text-align-center\"><strong>Kaip tai vyksta?<\/strong><\/p>\n\n\n\n<p class=\"has-text-align-justify has-text-align-justify\">1. <strong>Pokalbis ir tiksl\u0173 nustatymas:<\/strong> pirmiausia susitiksime pokalbiui, kurio metu aptarsime Tavo poreikius ir tikslus.<\/p>\n\n\n\n<p class=\"has-text-align-justify has-text-align-justify\">2. <strong>Individualus veiklos planas:<\/strong> kartu sudarysime veiklos plan\u0105, kuriame bus ai\u0161kiai nurodyti \u017eingsniai, kaip pasiekti Tavo tikslus.<\/p>\n\n\n\n<p class=\"has-text-align-justify has-text-align-justify\">3. <strong>Praktin\u0117 pagalba ir palaikymas:<\/strong> gausi nuolatin\u012f jaunimo darbuotojo palaikym\u0105 ir praktin\u0119 pagalb\u0105, sprend\u017eiant kasdienes problemas.<\/p>\n\n\n\n<p class=\"has-text-align-justify has-text-align-justify\">4. <strong>Gr\u012f\u017etamasis ry\u0161ys:<\/strong> reguliariai aptarsime Tavo pa\u017eang\u0105 ir kartu ie\u0161kosime b\u016bd\u0173, kaip dar labiau pagerinti Tavo \u012fg\u016bd\u017eius.<\/p>\n\n\n\n<p class=\"has-text-align-center\"><strong>Kod\u0117l verta dalyvauti?<\/strong><\/p>\n\n\n\n<p class=\"has-text-align-justify has-text-align-justify\">\u21d2 <strong>Asmeninis tobul\u0117jimas:<\/strong> i\u0161moksi efektyviai valdyti laik\u0105, planuoti savo veikl\u0105 ir spr\u0119sti problemas.<\/p>\n\n\n\n<p class=\"has-text-align-justify has-text-align-justify\">\u21d2 <strong>Pasitik\u0117jimas savimi:<\/strong> tapsi labiau savaranki\u0161ka(s) ir pasitikintis savo geb\u0117jimais.<\/p>\n\n\n\n<p class=\"has-text-align-justify has-text-align-justify\">\u21d2 <strong>Palaikymas:<\/strong> visada jausi, kad turit patikim\u0105 \u017emog\u0173 \u2013 jaunimo darbuotoj\u0105, kuris pad\u0117s Tau pasiekti savo tikslus.<\/p>\n\n\n\n<p class=\"has-text-align-justify has-text-align-justify\">Jei nori daugiau su\u017einoti arba prisijungti prie projekto, <a href=\"https:\/\/nibd.lt\/jungtys-registracija\/\">REGISTRUOKIS <\/a>arba susisiek su mumis el. pa\u0161tu <a href=\"mailto:toma.bradunaite@nibd.lt\">toma.bradunaite@nibd.lt <\/a>arba telefonu +37067753961.<\/p>\n\n\n\n<div class=\"wp-block-blockspare-shape-divider alignfull blockspare-bf486d6e-1f6d-4 blockspare-block-animation bs-hover-style-8\" blockspare-animation=\"AFTclipHorizontal\"><style>.blockspare-bf486d6e-1f6d-4 .blockspare-svg-wrapper{color:#febc62;height:72px;padding-top:0px;padding-right:0px;padding-bottom:0px;padding-left:0px;margin-top:30px;margin-right:0px;margin-bottom:30px;margin-left:0px}<\/style><div class=\"blockspare-blocks blockspare-svg-wrapper blockspare-hover-item is-horizontally-flipped has-width-1-1\"><div class=\"blockspare-svg-svg-inner blockspare-separator-wrapper\"><svg class=\"double-wave\" preserveaspectratio=\"none\" aria-hidden=\"true\" xmlns=\"http:\/\/www.w3.org\/2000\/svg\" viewbox=\"0 0 1946 175\"><path class=\"st0\" d=\"M-.5 27.7v146.8h1946V10.7s-170.6 20.4-265 57.2c0 0-374.1 116.7-794.2 24.7 0 0-414.1-100.9-673.1-92-.1 0-102.9 5.2-213.7 27.1z\"><\/path><path class=\"st1\" d=\"M1945.5 69.9s-425.5-100-888 20.5c0 0-342.6 63.3-611.4 43.8 0 0-224.9-40.3-446.6-84.4V174h1946V69.9z\"><\/path><path d=\"M-.5 88s425.5-100 888 20.5c0 0 342.6 63.3 611.4 43.8 0 0 224.9-20.2 446.6-64.3v87H-.5V88z\"><\/path><\/svg><\/div><\/div><\/div>\n\n\n\n<div class=\"wp-block-blockspare-shape-divider alignfull blockspare-9359ff14-2336-4 blockspare-block-animation bs-hover-style-8\" blockspare-animation=\"AFTclipHorizontal\"><style>.blockspare-9359ff14-2336-4 .blockspare-svg-wrapper{color:#febc62;height:72px;padding-top:0px;padding-right:0px;padding-bottom:0px;padding-left:0px;margin-top:-31px;margin-right:0px;margin-bottom:30px;margin-left:0px}<\/style><div class=\"blockspare-blocks blockspare-svg-wrapper blockspare-hover-item is-vertically-flipped is-horizontally-flipped has-width-1-1\"><div class=\"blockspare-svg-svg-inner blockspare-separator-wrapper\"><svg class=\"fan\" preserveaspectratio=\"none\" aria-hidden=\"true\" xmlns=\"http:\/\/www.w3.org\/2000\/svg\" viewbox=\"0 0 1917 105\"><path class=\"st1\" d=\"M-.5 0l958.8 69.3L1917 0v77H-.5z\"><\/path><path class=\"st2\" d=\"M-.5 24.5l958.8 46.3L1917 24.5V77H-.5z\"><\/path><path class=\"st3\" d=\"M-.5 49.1l958.8 23.1L1917 49.1V77H-.5z\"><\/path><path d=\"M-.5 77H1917v28H-.5z\"><\/path><\/svg><\/div><\/div><\/div>\n\n\n\n<p class=\"has-text-align-center\"><strong>GALIMYB\u0116S<\/strong><\/p>\n\n\n\n<p class=\"has-text-align-justify has-text-align-justify\">Mes si\u016blome \u012fvairias paslaugas, kurios pad\u0117s Tau tobul\u0117ti ir siekti savo tiksl\u0173. Kvie\u010diame susipa\u017einti su m\u016bs\u0173 paslaug\u0173 s\u0105ra\u0161u ir su\u017einoti, kaip galime pad\u0117ti Tau ugdyti asmenines, tarpasmenines ir profesines kompetencijas:<\/p>\n\n\n\n<p class=\"has-text-align-justify has-text-align-justify\">1. <strong>Darbas su jaunimo grup\u0117mis:<\/strong> organizuojame grupinius u\u017esi\u0117mimus, kuri\u0173 metu gali mokytis bendradarbiavimo, komunikacijos ir kit\u0173 svarbi\u0173 \u012fg\u016bd\u017ei\u0173. \u0160ios veiklos pad\u0117s Tau ugdyti asmenines, tarpasmenines ir profesines kompetencijas, kurios pravers tiek kasdieniame gyvenime, tiek profesin\u0117je veikloje.<\/p>\n\n\n\n<p class=\"has-text-align-justify has-text-align-justify\">2. <strong>Pagalba pa\u017e\u012fstant save: <\/strong>jaunimo darbuotojai pad\u0117s Tau geriau suprasti savo stiprybes, silpnybes, pom\u0117gius ir tikslus. \u0160ios paslaugos pad\u0117s Tau pasirinkti tinkamiausi\u0105 gyvenimo keli\u0105 ir priimti svarbius sprendimus.<\/p>\n\n\n\n<p class=\"has-text-align-justify has-text-align-justify\">3. <strong>Socialini\u0173 ir gyvenimo \u012fg\u016bd\u017ei\u0173 ugdymas:<\/strong> si\u016blome mokymus, kuri\u0173 metu i\u0161moksi svarbi\u0173 gyvenimo \u012fg\u016bd\u017ei\u0173, pvz., kaip valdyti laik\u0105, spr\u0119sti problemas, priimti sprendimus ir bendrauti su kitais. \u0160ios \u017einios pad\u0117s Tau tapti savaranki\u0161kesniu(-e) ir s\u0117kmingiau veikti kasdieniame gyvenime.<\/p>\n\n\n\n<p class=\"has-text-align-justify has-text-align-justify\">4. <strong>Motyvavimas: <\/strong>pad\u0117sime Tau atrasti vidin\u0119 motyvacij\u0105 siekti savo tiksl\u0173. Jaunimo darbuotojai ir kiti specialistai pad\u0117s Tau nustatyti tikslus, sudaryti veiksm\u0173 plan\u0105 ir i\u0161laikyti motyvacij\u0105 net ir susid\u016brus su sunkumais.<\/p>\n\n\n\n<p class=\"has-text-align-justify has-text-align-justify\">5. <strong>Informavimas apie galimybes:<\/strong> teikiame informacij\u0105 apie \u0161vietimo, karjeros ir kitokias galimybes, skirtas jaunimui. Pad\u0117sime Tau surasti tinkamiausius mokymosi ir darbo pasi\u016blymus bei pasinaudoti \u012fvairiomis programomis ir iniciatyvomis.<\/p>\n\n\n\n<p class=\"has-text-align-justify has-text-align-justify\">6. <strong>Tarpininkavimas u\u017eimtumo ir \u0161vietimo \u012fstaigose:<\/strong> jaunimo darbuotojai pad\u0117s Tau susisiekti su \u0161vietimo \u012fstaigomis ir darbdaviais, kad gal\u0117tum rasti tinkamiausi\u0105 viet\u0105 mokytis ar dirbti. Jaunimo darbuotojai palaikys Tave viso proceso metu, kad u\u017etikrint\u0173 skland\u0173 per\u0117jim\u0105 ir s\u0117kming\u0105 integracij\u0105.<\/p>\n\n\n\n<p class=\"has-text-align-justify has-text-align-justify\">7. <strong>Palyd\u0117jimas ir mentoryst\u0117:<\/strong> patyr\u0119 jaunimo darbuotojai pad\u0117s Tau siekti savo tiksl\u0173, \u012fveikti i\u0161\u0161\u016bkius ir tobul\u0117ti. Visada tur\u0117si patikim\u0105 \u017emog\u0173, kuris pad\u0117s ir patars.<\/p>\n\n\n\n<p class=\"has-text-align-justify has-text-align-justify\">8. <strong>Pagal poreik\u012f teikiamos siauros srities specialist\u0173 paslaugos:<\/strong> priklausomai nuo Tavo poreiki\u0173, mes organizuojame konfidencialias konsultacijas su psichologais, teisininkais, u\u017eimtumo, sveikatos, karjeros, priklausomybi\u0173 specialistais, korepetitoriais ir kitais ekspertais. \u0160ios paslaugos pad\u0117s Tau spr\u0119sti konkre\u010dias problemas ir tobul\u0117ti \u012fvairiose srityse.<\/p>\n\n\n\n<p class=\"has-text-align-justify has-text-align-justify\">9. <strong>Individualios paslaugos:<\/strong> si\u016blome \u012fvairias veiklas ir paslaugas, pritaikytas individualiems poreikiams pagal veiklos plan\u0105. Kiekvienas planas yra unikalus ir pritaikytas asmeniniams tikslams.<\/p>\n\n\n\n<p class=\"has-text-align-justify has-text-align-justify\">10. <strong>Privalomojo sveikatos draudimo \u012fmok\u0173 mok\u0117jimas: <\/strong>mes r\u016bpinam\u0117s, kad visi jaunuoliai, kurie nedirba, nesimoko ir n\u0117ra registruoti u\u017eimtumo tarnyboje, b\u016bt\u0173 apdrausti sveikatos draudimu. Tai u\u017etikrina prieig\u0105 prie reikaling\u0173 sveikatos prie\u017ei\u016bros paslaug\u0173.<\/p>\n\n\n\n<div class=\"wp-block-blockspare-shape-divider alignfull blockspare-92fd46d0-2558-4 blockspare-block-animation bs-hover-style-8\" blockspare-animation=\"AFTclipHorizontal\"><style>.blockspare-92fd46d0-2558-4 .blockspare-svg-wrapper{color:#febc62;height:72px;padding-top:0px;padding-right:0px;padding-bottom:0px;padding-left:0px;margin-top:30px;margin-right:0px;margin-bottom:30px;margin-left:0px}<\/style><div class=\"blockspare-blocks blockspare-svg-wrapper blockspare-hover-item is-horizontally-flipped has-width-1-1\"><div class=\"blockspare-svg-svg-inner blockspare-separator-wrapper\"><svg class=\"double-wave\" preserveaspectratio=\"none\" aria-hidden=\"true\" xmlns=\"http:\/\/www.w3.org\/2000\/svg\" viewbox=\"0 0 1946 175\"><path class=\"st0\" d=\"M-.5 27.7v146.8h1946V10.7s-170.6 20.4-265 57.2c0 0-374.1 116.7-794.2 24.7 0 0-414.1-100.9-673.1-92-.1 0-102.9 5.2-213.7 27.1z\"><\/path><path class=\"st1\" d=\"M1945.5 69.9s-425.5-100-888 20.5c0 0-342.6 63.3-611.4 43.8 0 0-224.9-40.3-446.6-84.4V174h1946V69.9z\"><\/path><path d=\"M-.5 88s425.5-100 888 20.5c0 0 342.6 63.3 611.4 43.8 0 0 224.9-20.2 446.6-64.3v87H-.5V88z\"><\/path><\/svg><\/div><\/div><\/div>\n\n\n\n<div class=\"wp-block-blockspare-shape-divider alignfull blockspare-d6ef3a6d-b105-4 blockspare-block-animation bs-hover-style-8\" blockspare-animation=\"AFTclipHorizontal\"><style>.blockspare-d6ef3a6d-b105-4 .blockspare-svg-wrapper{color:#febc62;height:72px;padding-top:0px;padding-right:0px;padding-bottom:0px;padding-left:0px;margin-top:-31px;margin-right:0px;margin-bottom:30px;margin-left:0px}<\/style><div class=\"blockspare-blocks blockspare-svg-wrapper blockspare-hover-item is-vertically-flipped is-horizontally-flipped has-width-1-1\"><div class=\"blockspare-svg-svg-inner blockspare-separator-wrapper\"><svg class=\"fan\" preserveaspectratio=\"none\" aria-hidden=\"true\" xmlns=\"http:\/\/www.w3.org\/2000\/svg\" viewbox=\"0 0 1917 105\"><path class=\"st1\" d=\"M-.5 0l958.8 69.3L1917 0v77H-.5z\"><\/path><path class=\"st2\" d=\"M-.5 24.5l958.8 46.3L1917 24.5V77H-.5z\"><\/path><path class=\"st3\" d=\"M-.5 49.1l958.8 23.1L1917 49.1V77H-.5z\"><\/path><path d=\"M-.5 77H1917v28H-.5z\"><\/path><\/svg><\/div><\/div><\/div>\n\n\n\n<p class=\"has-text-align-justify has-text-align-justify\">2024.03.06 \u2013 2028.02.29 laikotarpiu V\u0161\u012e \u201eNe imti, bet duoti\u201c drauge su <a href=\"https:\/\/jra.lt\/naujienos\/426-mes-norime-kad-tau-pasisektu-prisijunk-prie-projekto-jungtys\">Jaunimo reikal\u0173 agent\u016bra<\/a> ir 33 partneriais \u012fgyvendina projekt\u0105 <a href=\"https:\/\/jra.lt\/jaunimui\/dalyvauk\/projektas-jungtys\">JUNGTYS Nr. 07-020-P-0001<\/a>, bendrai finansuojam\u0105 Europos S\u0105jungos.<\/p>\n\n\n\n<p class=\"has-text-align-justify has-text-align-justify\"><strong>Projekto tikslas<\/strong> \u2013 neaktyvi\u0173 jaun\u0173 \u017emoni\u0173 (toliau \u2013 NEET) skai\u010diaus ma\u017einimas tikslingai dirbant su ma\u017eiau galimybi\u0173 turin\u010diais (toliau \u2013 MGT) jaunuoliais (potencialiais NEET) bei NEET grup\u0117je esan\u010diais jaunuoliais, nuosekliai \u012fgyvendinant intervencines priemones, siekiant pad\u0117ti jaunuoliams \u012fsitraukti \u012f darbo rink\u0105 ir (ar) \u0161vietimo sistem\u0105, ir (ar) savanori\u0161k\u0105 veikl\u0105, u\u017etikrinant prevencini\u0173 priemoni\u0173, atliepian\u010di\u0173 konkre\u010di\u0173 jaun\u0173 \u017emoni\u0173 poreikius, \u012fgyvendinim\u0105.<\/p>\n\n\n\n<p class=\"has-text-align-justify has-text-align-justify\"><strong>Dalyvi\u0173 am\u017eius:<\/strong> 14-29 metai.<\/p>\n\n\n\n<p class=\"has-text-align-justify has-text-align-justify\">V\u0161\u012e \u201eNe imti, bet duoti\u201c projekt\u0105 \u012fgyvendina <strong>Vilniaus r. savivaldyb\u0117s teritorijoje<\/strong>.<\/p>\n\n\n\n<figure class=\"wp-block-image\"><img loading=\"lazy\" decoding=\"async\" width=\"1024\" height=\"705\" src=\"https:\/\/nibd.lt\/wp-content\/uploads\/2024\/05\/Jungtys-partneriai-1024x705.png\" alt=\"\" class=\"wp-image-7853\" srcset=\"https:\/\/nibd.lt\/wp-content\/uploads\/2024\/05\/Jungtys-partneriai-1024x705.png 1024w, https:\/\/nibd.lt\/wp-content\/uploads\/2024\/05\/Jungtys-partneriai-300x207.png 300w, https:\/\/nibd.lt\/wp-content\/uploads\/2024\/05\/Jungtys-partneriai-768x529.png 768w, https:\/\/nibd.lt\/wp-content\/uploads\/2024\/05\/Jungtys-partneriai-18x12.png 18w, https:\/\/nibd.lt\/wp-content\/uploads\/2024\/05\/Jungtys-partneriai-436x300.png 436w, https:\/\/nibd.lt\/wp-content\/uploads\/2024\/05\/Jungtys-partneriai.png 1413w\" sizes=\"auto, (max-width: 1024px) 100vw, 1024px\" \/><\/figure>\n\n\n\n<figure class=\"wp-block-image\"><img loading=\"lazy\" decoding=\"async\" width=\"722\" height=\"1024\" src=\"https:\/\/nibd.lt\/wp-content\/uploads\/2024\/06\/Jungtys_2-722x1024.jpg\" alt=\"\" class=\"wp-image-7870\" srcset=\"https:\/\/nibd.lt\/wp-content\/uploads\/2024\/06\/Jungtys_2-722x1024.jpg 722w, https:\/\/nibd.lt\/wp-content\/uploads\/2024\/06\/Jungtys_2-211x300.jpg 211w, https:\/\/nibd.lt\/wp-content\/uploads\/2024\/06\/Jungtys_2-768x1089.jpg 768w, https:\/\/nibd.lt\/wp-content\/uploads\/2024\/06\/Jungtys_2-1083x1536.jpg 1083w, https:\/\/nibd.lt\/wp-content\/uploads\/2024\/06\/Jungtys_2-1444x2048.jpg 1444w, https:\/\/nibd.lt\/wp-content\/uploads\/2024\/06\/Jungtys_2-8x12.jpg 8w, https:\/\/nibd.lt\/wp-content\/uploads\/2024\/06\/Jungtys_2.jpg 1749w\" sizes=\"auto, (max-width: 722px) 100vw, 722px\" \/><\/figure>\n\n\n\n<figure class=\"wp-block-image size-large\"><img loading=\"lazy\" decoding=\"async\" width=\"1024\" height=\"215\" src=\"https:\/\/nibd.lt\/wp-content\/uploads\/2024\/03\/Bendrai-finansuoja-ES-1024x215.jpg\" alt=\"\" class=\"wp-image-7651\" srcset=\"https:\/\/nibd.lt\/wp-content\/uploads\/2024\/03\/Bendrai-finansuoja-ES-1024x215.jpg 1024w, https:\/\/nibd.lt\/wp-content\/uploads\/2024\/03\/Bendrai-finansuoja-ES-300x63.jpg 300w, https:\/\/nibd.lt\/wp-content\/uploads\/2024\/03\/Bendrai-finansuoja-ES-768x161.jpg 768w, https:\/\/nibd.lt\/wp-content\/uploads\/2024\/03\/Bendrai-finansuoja-ES-1536x322.jpg 1536w, https:\/\/nibd.lt\/wp-content\/uploads\/2024\/03\/Bendrai-finansuoja-ES-18x4.jpg 18w, https:\/\/nibd.lt\/wp-content\/uploads\/2024\/03\/Bendrai-finansuoja-ES-500x105.jpg 500w, https:\/\/nibd.lt\/wp-content\/uploads\/2024\/03\/Bendrai-finansuoja-ES.jpg 1920w\" sizes=\"auto, (max-width: 1024px) 100vw, 1024px\" \/><\/figure>\n\n\n\n<div class=\"wp-block-blockspare-shape-divider alignfull blockspare-46cb5378-0c52-4 blockspare-block-animation bs-hover-style-8\" blockspare-animation=\"AFTclipHorizontal\"><style>.blockspare-46cb5378-0c52-4 .blockspare-svg-wrapper{color:#febc62;height:72px;padding-top:0px;padding-right:0px;padding-bottom:0px;padding-left:0px;margin-top:30px;margin-right:0px;margin-bottom:30px;margin-left:0px}<\/style><div class=\"blockspare-blocks blockspare-svg-wrapper blockspare-hover-item is-horizontally-flipped has-width-1-1\"><div class=\"blockspare-svg-svg-inner blockspare-separator-wrapper\"><svg class=\"double-wave\" preserveaspectratio=\"none\" aria-hidden=\"true\" xmlns=\"http:\/\/www.w3.org\/2000\/svg\" viewbox=\"0 0 1946 175\"><path class=\"st0\" d=\"M-.5 27.7v146.8h1946V10.7s-170.6 20.4-265 57.2c0 0-374.1 116.7-794.2 24.7 0 0-414.1-100.9-673.1-92-.1 0-102.9 5.2-213.7 27.1z\"><\/path><path class=\"st1\" d=\"M1945.5 69.9s-425.5-100-888 20.5c0 0-342.6 63.3-611.4 43.8 0 0-224.9-40.3-446.6-84.4V174h1946V69.9z\"><\/path><path d=\"M-.5 88s425.5-100 888 20.5c0 0 342.6 63.3 611.4 43.8 0 0 224.9-20.2 446.6-64.3v87H-.5V88z\"><\/path><\/svg><\/div><\/div><\/div>\n\n\n\n<div class=\"wp-block-blockspare-shape-divider alignfull blockspare-0a3c4f09-138c-4 blockspare-block-animation bs-hover-style-8\" blockspare-animation=\"AFTclipHorizontal\"><style>.blockspare-0a3c4f09-138c-4 .blockspare-svg-wrapper{color:#febc62;height:72px;padding-top:0px;padding-right:0px;padding-bottom:0px;padding-left:0px;margin-top:-31px;margin-right:0px;margin-bottom:30px;margin-left:0px}<\/style><div class=\"blockspare-blocks blockspare-svg-wrapper blockspare-hover-item is-vertically-flipped is-horizontally-flipped has-width-1-1\"><div class=\"blockspare-svg-svg-inner blockspare-separator-wrapper\"><svg class=\"fan\" preserveaspectratio=\"none\" aria-hidden=\"true\" xmlns=\"http:\/\/www.w3.org\/2000\/svg\" viewbox=\"0 0 1917 105\"><path class=\"st1\" d=\"M-.5 0l958.8 69.3L1917 0v77H-.5z\"><\/path><path class=\"st2\" d=\"M-.5 24.5l958.8 46.3L1917 24.5V77H-.5z\"><\/path><path class=\"st3\" d=\"M-.5 49.1l958.8 23.1L1917 49.1V77H-.5z\"><\/path><path d=\"M-.5 77H1917v28H-.5z\"><\/path><\/svg><\/div><\/div><\/div>\n<\/div>","protected":false},"excerpt":{"rendered":"<p>Ar kada nors susid\u016brei su kasdien\u0117mis problemomis, kuri\u0173 sprendimas atrodo sunkus? Ar nor\u0117tum \u012fgyti \u012fg\u016bd\u017ei\u0173, kurie pad\u0117t\u0173 lengviau susidoroti su kasdieniais i\u0161\u0161\u016bkiais ir pasiekti savo tikslus? Jei taip, kvie\u010diame Tave prisijungti prie projekto JUNGTYS! Kas yra JUNGTYS? Tai unikali galimyb\u0117 dirbti su patyrusiais jaunimo darbuotojais, kurie pad\u0117s Tau stiprinti geb\u0117jimus spr\u0119sti kasdienio gyvenimo problemas ir u\u017etikrinti, kad Tavo kasdieniai poreikiai b\u016bt\u0173 patenkinti. Mes kuriame individualius veiklos planus, pritaikytus Tavo asmeniniams tikslams ir poreikiams. Kaip tai vyksta? 1. Pokalbis ir tiksl\u0173 nustatymas: pirmiausia susitiksime pokalbiui, kurio metu aptarsime Tavo poreikius ir tikslus. 2. Individualus veiklos planas: kartu sudarysime veiklos plan\u0105, kuriame bus ai\u0161kiai nurodyti \u017eingsniai, kaip pasiekti Tavo tikslus. 3. Praktin\u0117 pagalba ir palaikymas: gausi nuolatin\u012f jaunimo darbuotojo palaikym\u0105 ir praktin\u0119 pagalb\u0105, sprend\u017eiant kasdienes problemas. 4. Gr\u012f\u017etamasis ry\u0161ys: reguliariai aptarsime Tavo pa\u017eang\u0105 ir kartu ie\u0161kosime b\u016bd\u0173, kaip dar labiau pagerinti Tavo \u012fg\u016bd\u017eius. Kod\u0117l verta dalyvauti? \u21d2 Asmeninis tobul\u0117jimas: i\u0161moksi efektyviai valdyti<\/p>","protected":false},"author":1,"featured_media":0,"parent":0,"menu_order":0,"comment_status":"closed","ping_status":"closed","template":"","meta":{"_uag_custom_page_level_css":"","ngg_post_thumbnail":0,"footnotes":""},"class_list":["post-7785","page","type-page","status-publish","hentry"],"uagb_featured_image_src":{"full":false,"thumbnail":false,"medium":false,"medium_large":false,"large":false,"1536x1536":false,"2048x2048":false,"trp-custom-language-flag":false,"chromenews-featured":false,"chromenews-large":false,"chromenews-medium":false},"uagb_author_info":{"display_name":"E. Lukas","author_link":"https:\/\/nibd.lt\/en\/author\/neimtigmail-com\/"},"uagb_comment_info":0,"uagb_excerpt":"Ar kada nors susid\u016brei su kasdien\u0117mis problemomis, kuri\u0173 sprendimas atrodo sunkus? Ar nor\u0117tum \u012fgyti \u012fg\u016bd\u017ei\u0173, kurie pad\u0117t\u0173 lengviau susidoroti su kasdieniais i\u0161\u0161\u016bkiais ir pasiekti savo tikslus? Jei taip, kvie\u010diame Tave prisijungti prie projekto JUNGTYS! Kas yra JUNGTYS? Tai unikali galimyb\u0117 dirbti su patyrusiais jaunimo darbuotojais, kurie pad\u0117s Tau stiprinti geb\u0117jimus spr\u0119sti kasdienio gyvenimo problemas ir&hellip;","_links":{"self":[{"href":"https:\/\/nibd.lt\/en\/wp-json\/wp\/v2\/pages\/7785","targetHints":{"allow":["GET"]}}],"collection":[{"href":"https:\/\/nibd.lt\/en\/wp-json\/wp\/v2\/pages"}],"about":[{"href":"https:\/\/nibd.lt\/en\/wp-json\/wp\/v2\/types\/page"}],"author":[{"embeddable":true,"href":"https:\/\/nibd.lt\/en\/wp-json\/wp\/v2\/users\/1"}],"replies":[{"embeddable":true,"href":"https:\/\/nibd.lt\/en\/wp-json\/wp\/v2\/comments?post=7785"}],"version-history":[{"count":42,"href":"https:\/\/nibd.lt\/en\/wp-json\/wp\/v2\/pages\/7785\/revisions"}],"predecessor-version":[{"id":12054,"href":"https:\/\/nibd.lt\/en\/wp-json\/wp\/v2\/pages\/7785\/revisions\/12054"}],"wp:attachment":[{"href":"https:\/\/nibd.lt\/en\/wp-json\/wp\/v2\/media?parent=7785"}],"curies":[{"name":"wp","href":"https:\/\/api.w.org\/{rel}","templated":true}]}}