{"id":7109,"date":"2023-03-04T00:32:49","date_gmt":"2023-03-03T21:32:49","guid":{"rendered":"https:\/\/nibd.lt\/?page_id=7109"},"modified":"2026-04-05T00:06:19","modified_gmt":"2026-04-04T21:06:19","slug":"organizacijoms","status":"publish","type":"page","link":"https:\/\/nibd.lt\/en\/organizacijoms\/","title":{"rendered":"For organizations"},"content":{"rendered":"<div class=\"wp-block-group alignfull is-layout-constrained wp-block-group-is-layout-constrained\">\n<p class=\"has-text-align-center\"><strong>WHY IS IT WORTH TO PARTICIPATE IN THE PROGRAM?<\/strong><\/p>\n\n\n\n<p class=\"has-text-align-justify has-text-align-justify\">\u21d2 Jaunimo savanori\u0161kos tarnybos programa \u2013 tai ne tik savanoryst\u0117, bet ir investicija \u012f \u017emones, organizacijos reputacij\u0105 bei ateit\u012f. Mainais organizacija gauna motyvuot\u0105, ilgalaik\u012f savanor\u012f, kuris tampa komandos dalimi, stiprina organizacijos veiklas ir prisideda prie jos tvaraus augimo. <\/p>\n\n\n\n<p class=\"has-text-align-justify has-text-align-justify\">\u21d2 Jaunimo reikal\u0173 agent\u016bros prie SADM akreditacija rei\u0161kia, kad organizacija atitinka&nbsp;<strong>nacionalinius savanoryst\u0117s kokyb\u0117s standartus<\/strong>&nbsp;ir veikia patikimoje, koordinuojamoje sistemoje. Tai&nbsp;<strong>didina organizacijos patikimum\u0105<\/strong>, reputacij\u0105 partneri\u0173, finansuotoj\u0173 ir jaun\u0173 \u017emoni\u0173 akyse.<\/p>\n\n\n\n<p class=\"has-text-align-justify has-text-align-justify\">\u21d2 Skirtingai nei trumpalaik\u0117s iniciatyvos, \u0161i programa u\u017etikrina&nbsp;<strong>ne epizodin\u0119, o t\u0119stin\u0119 pagalb\u0105<\/strong>&nbsp;(40 val. per m\u0117nes\u012f), \u012ftraukia jaunuolius, kurie&nbsp;<strong>s\u0105moningai pasirenka tarnyb\u0105<\/strong>, o ne \u201eu\u017esuka trumpam\u201c. <span style=\"font-size: revert;\">Organizacija gauna&nbsp;<\/span><strong>patikim\u0105 \u017emog\u0173 komandai<\/strong><span style=\"font-size: revert;\">, o ne nuolat besikei\u010dian\u010dius savanorius.<\/span><\/p>\n\n\n\n<p class=\"has-text-align-justify has-text-align-justify\">\u21d2 Jaunimo savanori\u0161kos tarnybos programa suteikia ai\u0161ki\u0105 strukt\u016br\u0105 ir metodik\u0105, padeda organizacijoms \u201enei\u0161radin\u0117ti dvira\u010dio\u201c savanoryst\u0117s srityje, leid\u017eia dirbti sistemoje, kur&nbsp;<strong>organizacija n\u0117ra viena<\/strong>. Tai saugesnis, ai\u0161kesnis ir efektyvesnis kelias dirbant su jaunais savanoriais.<\/p>\n\n\n\n<p class=\"has-text-align-justify has-text-align-justify\">\u21d2 Ind\u0117lis \u012f jaunimo politik\u0105 \u2013 realus, ne deklaratyvus. Akredituota organizacija tampa aktyvia jaunimo politikos \u012fgyvendinimo dalimi ir vieta, kur jaunimas&nbsp;<strong>mokosi pilieti\u0161kumo, atsakomyb\u0117s ir darbo kult\u016bros<\/strong>. Tai prasmingas vaidmuo, kuris da\u017enai vertinamas ir savivaldybi\u0173, ir nacionaliniu lygmeniu.<\/p>\n\n\n\n<div class=\"wp-block-blockspare-shape-divider alignfull blockspare-ac1715e7-2798-4 blockspare-block-animation bs-hover-style-8\" blockspare-animation=\"AFTclipHorizontal\"><style>.blockspare-ac1715e7-2798-4 .blockspare-svg-wrapper{color:#febc62;height:72px;padding-top:0px;padding-right:0px;padding-bottom:0px;padding-left:0px;margin-top:30px;margin-right:0px;margin-bottom:30px;margin-left:0px}<\/style><div class=\"blockspare-blocks blockspare-svg-wrapper blockspare-hover-item is-horizontally-flipped has-width-1-1\"><div class=\"blockspare-svg-svg-inner blockspare-separator-wrapper\"><svg class=\"double-wave\" preserveaspectratio=\"none\" aria-hidden=\"true\" xmlns=\"http:\/\/www.w3.org\/2000\/svg\" viewbox=\"0 0 1946 175\"><path class=\"st0\" d=\"M-.5 27.7v146.8h1946V10.7s-170.6 20.4-265 57.2c0 0-374.1 116.7-794.2 24.7 0 0-414.1-100.9-673.1-92-.1 0-102.9 5.2-213.7 27.1z\"><\/path><path class=\"st1\" d=\"M1945.5 69.9s-425.5-100-888 20.5c0 0-342.6 63.3-611.4 43.8 0 0-224.9-40.3-446.6-84.4V174h1946V69.9z\"><\/path><path d=\"M-.5 88s425.5-100 888 20.5c0 0 342.6 63.3 611.4 43.8 0 0 224.9-20.2 446.6-64.3v87H-.5V88z\"><\/path><\/svg><\/div><\/div><\/div>\n\n\n\n<div class=\"wp-block-blockspare-shape-divider alignfull blockspare-0b748593-a8f5-4 blockspare-block-animation bs-hover-style-8\" blockspare-animation=\"AFTclipHorizontal\"><style>.blockspare-0b748593-a8f5-4 .blockspare-svg-wrapper{color:#febc62;height:72px;padding-top:0px;padding-right:0px;padding-bottom:0px;padding-left:0px;margin-top:-31px;margin-right:0px;margin-bottom:30px;margin-left:0px}<\/style><div class=\"blockspare-blocks blockspare-svg-wrapper blockspare-hover-item is-vertically-flipped is-horizontally-flipped has-width-1-1\"><div class=\"blockspare-svg-svg-inner blockspare-separator-wrapper\"><svg class=\"fan\" preserveaspectratio=\"none\" aria-hidden=\"true\" xmlns=\"http:\/\/www.w3.org\/2000\/svg\" viewbox=\"0 0 1917 105\"><path class=\"st1\" d=\"M-.5 0l958.8 69.3L1917 0v77H-.5z\"><\/path><path class=\"st2\" d=\"M-.5 24.5l958.8 46.3L1917 24.5V77H-.5z\"><\/path><path class=\"st3\" d=\"M-.5 49.1l958.8 23.1L1917 49.1V77H-.5z\"><\/path><path d=\"M-.5 77H1917v28H-.5z\"><\/path><\/svg><\/div><\/div><\/div>\n\n\n\n<p class=\"has-text-align-center\"><strong>STAGES OF ACCREDITATION OF ORGANIZATIONS RECEIVING YOUTH VOLUNTEERS<\/strong><\/p>\n\n\n\n<p><strong>1. Akreditacijos parai\u0161kos pateikimas.<\/strong><\/p>\n\n\n\n<p class=\"has-text-align-justify has-text-align-justify\"><span style=\"text-align: justify;\">\u21d2 <\/span>Organizacijos norin\u010dios gauti akreditacij\u0105 turi <a href=\"https:\/\/volunteering.lt\/po-form\/registration\/26\">u\u017epildyti parai\u0161k\u0105<\/a>, kurioje&nbsp;pateikiama informacija apie organizacij\u0105, jos veiklas ir planus.<\/p>\n\n\n\n<p class=\"has-text-align-justify has-text-align-justify\"><span style=\"text-align: justify;\">\u21d2 <\/span>Jei organizacija ketina priimti savanorius daugiau nei vienoje veiklos vietoje (keliuose padaliniuose), parai\u0161kos pateikiamos atskirai.<\/p>\n\n\n\n<p class=\"has-text-align-justify has-text-align-justify\"><span style=\"text-align: justify;\">\u21d2<\/span> Organizacijai, kuriai priiman\u010diosios organizacijos statusas suteikiamas pirm\u0105kart, gali b\u016bti suteikiama teis\u0117 priimti ne daugiau kaip 3&nbsp;savanorius 1&nbsp;veiklos vykdymo vietoje.&nbsp;<\/p>\n\n\n\n<p class=\"has-text-align-justify has-text-align-justify\"><span style=\"text-align: justify;\">\u21d2 Accreditation of organizations hosting youth volunteers takes place throughout the year.<\/span><\/p>\n\n\n\n<p><strong>2. Application evaluation and meeting with an expert.<\/strong><\/p>\n\n\n\n<p class=\"has-text-align-justify has-text-align-justify\"><span style=\"text-align: justify;\">\u21d2 <\/span>Organizacijos parai\u0161k\u0105 vertina Jaunimo reikal\u0173 agent\u016bros darbuotojai ir i\u0161oriniai ekspertai.<\/p>\n\n\n\n<p class=\"has-text-align-justify has-text-align-justify\"><span style=\"text-align: justify;\">\u21d2 <\/span>Akreditacijos pokalbyje turi dalyvauti tiek organizacijos paskirtas savanori\u0173 kuratorius, tiek organizacijos vadovas arba kitas administracijos atstovas.<\/p>\n\n\n\n<p class=\"has-text-align-justify has-text-align-justify\"><span style=\"text-align: justify;\">\u21d2 Prioriteto tvarka vertinamos organizacijos, turin\u010dios kandidat\u0173 tapti Jaunimo savanori\u0161kos tarnybos (toliau \u2013 JST) programos savanoriais. Tokiu atveju teikiant parai\u0161k\u0105 reikia nurodyti, jog yra savanori\u0173, norin\u010di\u0173 atlikti tarnyb\u0105. <\/span><\/p>\n\n\n\n<p class=\"has-text-align-justify has-text-align-justify\"><span style=\"text-align: justify;\">\u21d2 Susitikimo metu ekspertai bendrauja su organizacijos atstovais. Tiek su administracija, kuri galimai neturi tiesioginio kontakto su savanoriais, tiek su atsakingais u\u017e priimam\u0173 savanori\u0173 kuravim\u0105. S<\/span><span style=\"text-align: justify;\">usitikimo metu siekiama \u012fvertinti organizacijos pasiruo\u0161im\u0105, galimybes ir erdv\u0119 jaunam \u017emogui tobul\u0117ti, <\/span>aptariamos galimos savanorio u\u017eduotys, savanorio palyd\u0117jimo strukt\u016bra.&nbsp;<\/p>\n\n\n\n<p><strong>3. Decision and recommendations.<\/strong><\/p>\n\n\n\n<p class=\"has-text-align-justify has-text-align-justify\"><span style=\"text-align: justify;\">\u21d2 <\/span>Po susitikimo su organizacija ekspertai, remdamiesi pateikta informacija organizacijos parai\u0161koje ir susitikimo metu, priima sprendim\u0105 d\u0117l akreditacijos ir rengia rekomendacijas tolimesniam organizacijos tobul\u0117jimui. Jei organizacija turi \u012fg\u016bd\u017ei\u0173 lyd\u0117ti savanorius, ji <strong>akredituojama 3 metams<\/strong>.<\/p>\n\n\n\n<p class=\"has-text-align-justify has-text-align-justify\"><span style=\"text-align: justify;\">\u21d2 <\/span>Organizacija, kuriai nesuteikta akreditacija, gal\u0117s i\u0161 naujo kreiptis d\u0117l akreditacijos ar pakartotin\u0117s akreditacijos ne anks\u010diau kaip po 3 m\u0117nesi\u0173. <span lang=\"LT\">Teikiant pakartotin\u012f pra\u0161ym\u0105, kartu su juo laisva forma pateikiama informacija apie pakeitimus, \u012fgyvendintus atsi\u017evelgiant \u012f organizacijos vertinimo metu gautas ekspert\u0173 rekomendacijas.<\/span><\/p>\n\n\n\n<figure class=\"wp-block-image aligncenter\"><img loading=\"lazy\" decoding=\"async\" width=\"1024\" height=\"576\" src=\"https:\/\/nibd.lt\/wp-content\/uploads\/2020\/10\/PO-1024x576.jpg\" alt=\"\" class=\"wp-image-4974\" srcset=\"https:\/\/nibd.lt\/wp-content\/uploads\/2020\/10\/PO-1024x576.jpg 1024w, https:\/\/nibd.lt\/wp-content\/uploads\/2020\/10\/PO-300x169.jpg 300w, https:\/\/nibd.lt\/wp-content\/uploads\/2020\/10\/PO-768x432.jpg 768w, https:\/\/nibd.lt\/wp-content\/uploads\/2020\/10\/PO-1536x864.jpg 1536w, https:\/\/nibd.lt\/wp-content\/uploads\/2020\/10\/PO-500x281.jpg 500w, https:\/\/nibd.lt\/wp-content\/uploads\/2020\/10\/PO.jpg 1920w\" sizes=\"auto, (max-width: 1024px) 100vw, 1024px\" \/><\/figure>\n\n\n\n<div class=\"wp-block-blockspare-shape-divider alignfull blockspare-c54d2830-7a25-4 blockspare-block-animation bs-hover-style-8\" blockspare-animation=\"AFTclipHorizontal\"><style>.blockspare-c54d2830-7a25-4 .blockspare-svg-wrapper{color:#febc62;height:72px;padding-top:0px;padding-right:0px;padding-bottom:0px;padding-left:0px;margin-top:30px;margin-right:0px;margin-bottom:30px;margin-left:0px}<\/style><div class=\"blockspare-blocks blockspare-svg-wrapper blockspare-hover-item is-horizontally-flipped has-width-1-1\"><div class=\"blockspare-svg-svg-inner blockspare-separator-wrapper\"><svg class=\"double-wave\" preserveaspectratio=\"none\" aria-hidden=\"true\" xmlns=\"http:\/\/www.w3.org\/2000\/svg\" viewbox=\"0 0 1946 175\"><path class=\"st0\" d=\"M-.5 27.7v146.8h1946V10.7s-170.6 20.4-265 57.2c0 0-374.1 116.7-794.2 24.7 0 0-414.1-100.9-673.1-92-.1 0-102.9 5.2-213.7 27.1z\"><\/path><path class=\"st1\" d=\"M1945.5 69.9s-425.5-100-888 20.5c0 0-342.6 63.3-611.4 43.8 0 0-224.9-40.3-446.6-84.4V174h1946V69.9z\"><\/path><path d=\"M-.5 88s425.5-100 888 20.5c0 0 342.6 63.3 611.4 43.8 0 0 224.9-20.2 446.6-64.3v87H-.5V88z\"><\/path><\/svg><\/div><\/div><\/div>\n\n\n\n<div class=\"wp-block-blockspare-shape-divider alignfull blockspare-51d051c5-e7d8-4 blockspare-block-animation bs-hover-style-8\" blockspare-animation=\"AFTclipHorizontal\"><style>.blockspare-51d051c5-e7d8-4 .blockspare-svg-wrapper{color:#febc62;height:72px;padding-top:0px;padding-right:0px;padding-bottom:0px;padding-left:0px;margin-top:-31px;margin-right:0px;margin-bottom:30px;margin-left:0px}<\/style><div class=\"blockspare-blocks blockspare-svg-wrapper blockspare-hover-item is-vertically-flipped is-horizontally-flipped has-width-1-1\"><div class=\"blockspare-svg-svg-inner blockspare-separator-wrapper\"><svg class=\"fan\" preserveaspectratio=\"none\" aria-hidden=\"true\" xmlns=\"http:\/\/www.w3.org\/2000\/svg\" viewbox=\"0 0 1917 105\"><path class=\"st1\" d=\"M-.5 0l958.8 69.3L1917 0v77H-.5z\"><\/path><path class=\"st2\" d=\"M-.5 24.5l958.8 46.3L1917 24.5V77H-.5z\"><\/path><path class=\"st3\" d=\"M-.5 49.1l958.8 23.1L1917 49.1V77H-.5z\"><\/path><path d=\"M-.5 77H1917v28H-.5z\"><\/path><\/svg><\/div><\/div><\/div>\n\n\n\n<p class=\"has-text-align-center\"><strong>AKREDITACIJOS PRAT\u0118SIMAS<\/strong><\/p>\n\n\n\n<p class=\"has-text-align-justify has-text-align-justify\">1. Jei <span lang=\"LT\">priiman\u010dioji <\/span>organizacija turi galiojan\u010di\u0105 akreditacij\u0105 ir pateikia <strong>akreditacijos <a href=\"https:\/\/volunteering.lt\/po-form\/registration\/27\" data-type=\"link\" data-id=\"https:\/\/volunteering.lt\/po-form\/registration\/27\">prat\u0119simo parai\u0161k\u0105<\/a> <span lang=\"LT\">ne v\u0117liau kaip likus 20 d.d. iki akreditacijos pabaigos<\/span><\/strong><span lang=\"LT\">, vertinama tik pateikta parai\u0161ka, nedalyvaujant pokalbyje su ekspertais. A<\/span>kreditacija gali b\u016bti prat\u0119sta 4 metams. Prat\u0119sim\u0173 skai\u010dius neribojamas.<\/p>\n\n\n\n<p class=\"has-text-align-justify has-text-align-justify\">2. Jei <span lang=\"LT\">priiman\u010dioji <\/span>organizacija neturi galiojan\u010dios akreditacijos, nepateik\u0117 akreditacijos pat\u0119simo parai\u0161kos likus bent 20 d.d. iki jos pabaigos arba vertinimo metu nebuvo suteikta akreditacija, akreditavimas vykdomas \u012fprasta tvarka.<\/p>\n\n\n\n<div class=\"wp-block-blockspare-shape-divider alignfull blockspare-2a8b010b-7e30-4 blockspare-block-animation bs-hover-style-8\" blockspare-animation=\"AFTclipHorizontal\"><style>.blockspare-2a8b010b-7e30-4 .blockspare-svg-wrapper{color:#febc62;height:72px;padding-top:0px;padding-right:0px;padding-bottom:0px;padding-left:0px;margin-top:30px;margin-right:0px;margin-bottom:30px;margin-left:0px}<\/style><div class=\"blockspare-blocks blockspare-svg-wrapper blockspare-hover-item is-horizontally-flipped has-width-1-1\"><div class=\"blockspare-svg-svg-inner blockspare-separator-wrapper\"><svg class=\"double-wave\" preserveaspectratio=\"none\" aria-hidden=\"true\" xmlns=\"http:\/\/www.w3.org\/2000\/svg\" viewbox=\"0 0 1946 175\"><path class=\"st0\" d=\"M-.5 27.7v146.8h1946V10.7s-170.6 20.4-265 57.2c0 0-374.1 116.7-794.2 24.7 0 0-414.1-100.9-673.1-92-.1 0-102.9 5.2-213.7 27.1z\"><\/path><path class=\"st1\" d=\"M1945.5 69.9s-425.5-100-888 20.5c0 0-342.6 63.3-611.4 43.8 0 0-224.9-40.3-446.6-84.4V174h1946V69.9z\"><\/path><path d=\"M-.5 88s425.5-100 888 20.5c0 0 342.6 63.3 611.4 43.8 0 0 224.9-20.2 446.6-64.3v87H-.5V88z\"><\/path><\/svg><\/div><\/div><\/div>\n\n\n\n<div class=\"wp-block-blockspare-shape-divider alignfull blockspare-2a05cc70-218d-4 blockspare-block-animation bs-hover-style-8\" blockspare-animation=\"AFTclipHorizontal\"><style>.blockspare-2a05cc70-218d-4 .blockspare-svg-wrapper{color:#febc62;height:72px;padding-top:0px;padding-right:0px;padding-bottom:0px;padding-left:0px;margin-top:-31px;margin-right:0px;margin-bottom:30px;margin-left:0px}<\/style><div class=\"blockspare-blocks blockspare-svg-wrapper blockspare-hover-item is-vertically-flipped is-horizontally-flipped has-width-1-1\"><div class=\"blockspare-svg-svg-inner blockspare-separator-wrapper\"><svg class=\"fan\" preserveaspectratio=\"none\" aria-hidden=\"true\" xmlns=\"http:\/\/www.w3.org\/2000\/svg\" viewbox=\"0 0 1917 105\"><path class=\"st1\" d=\"M-.5 0l958.8 69.3L1917 0v77H-.5z\"><\/path><path class=\"st2\" d=\"M-.5 24.5l958.8 46.3L1917 24.5V77H-.5z\"><\/path><path class=\"st3\" d=\"M-.5 49.1l958.8 23.1L1917 49.1V77H-.5z\"><\/path><path d=\"M-.5 77H1917v28H-.5z\"><\/path><\/svg><\/div><\/div><\/div>\n\n\n\n<p class=\"has-text-align-center\"><strong>IMPORTANT TO REMEMBER<\/strong><\/p>\n\n\n\n<p class=\"has-text-align-justify has-text-align-justify\">1. Organizacijose, kuri\u0173 akreditacija baig\u0117si ir nebuvo prat\u0119sta, savanori\u0173 \u012fgyvendinta JST programa nebus u\u017eskaityta ir (ar) laikotarpis, kur\u012f jaunuolis savanoriaus neakredituotoje organizacijoje \u2013 nebus \u012ftrauktas \u012f bendr\u0105 JST \u012fgyvendint\u0173 savanori\u0161kos veiklos valand\u0173 sum\u0105.<\/p>\n\n\n\n<p class=\"has-text-align-justify has-text-align-justify\">2. Kiekvienas savanori\u0173 kuratorius turi <a href=\"https:\/\/volunteering.lt\/curator-form\/registration\/17\">u\u017esiregistruoti sistemoje<\/a> pasirenkant savo atstovaujam\u0105 priiman\u010di\u0105j\u0105 organizacij\u0105. Jei priiman\u010dioji organizacija n\u0117ra patvirtinta sistemoje, kuratorius jos negal\u0117s pasirinkti. Tuo pa\u010diu el. pa\u0161tu negali b\u016bti sukurtos organizacijos ir kuratoriaus paskyros. <\/p>\n\n\n\n<p class=\"has-text-align-justify has-text-align-justify\">3. Siekianti priimti daugiau programos savanori\u0173 organizacija Jaunimo reikal\u0173 agent\u016brai pateikia laisvos formos pra\u0161ym\u0105, kuriame nurodoma motyvacija priimti daugiau savanori\u0173, numatomos savanori\u0173 veiklos, norimas savanori\u0173 skai\u010dius.<\/p>\n\n\n\n<hr class=\"wp-block-separator has-alpha-channel-opacity\"\/>\n\n\n\n<p class=\"has-text-align-center\"><a href=\"https:\/\/jra.lt\/lt\/duk\/priimancios-organizacijos\">Frequently asked questions from host organizations<\/a><\/p>\n\n\n\n<hr class=\"wp-block-separator has-alpha-channel-opacity\"\/>\n\n\n\n<p>More information for organizations receiving volunteers <a href=\"https:\/\/jra.lt\/dirbantiems\/dalyvauk\/jst-akreditacija\/po-akreditacija\">here<\/a>.<\/p>\n\n\n\n<p>Sekite <a href=\"https:\/\/jra.lt\/naujienos\">naujienas<\/a> Jaunimo reikal\u0173 agent\u016bros svetain\u0117je arba socialiniuose tinkluose <a href=\"https:\/\/www.facebook.com\/Jaunimosavanoriskatarnyba\">Facebook <\/a>ir <a href=\"https:\/\/www.instagram.com\/jaunimosavanoriskatarnyba\/\">Instagram<\/a>.<\/p>\n<\/div>\n\n\n\n<div class=\"wp-block-blockspare-shape-divider alignfull blockspare-8c2244bb-a3a1-4 blockspare-block-animation bs-hover-style-8\" blockspare-animation=\"AFTclipHorizontal\"><style>.blockspare-8c2244bb-a3a1-4 .blockspare-svg-wrapper{color:#febc62;height:72px;padding-top:0px;padding-right:0px;padding-bottom:0px;padding-left:0px;margin-top:30px;margin-right:0px;margin-bottom:30px;margin-left:0px}<\/style><div class=\"blockspare-blocks blockspare-svg-wrapper blockspare-hover-item is-horizontally-flipped has-width-1-1\"><div class=\"blockspare-svg-svg-inner blockspare-separator-wrapper\"><svg class=\"double-wave\" preserveaspectratio=\"none\" aria-hidden=\"true\" xmlns=\"http:\/\/www.w3.org\/2000\/svg\" viewbox=\"0 0 1946 175\"><path class=\"st0\" d=\"M-.5 27.7v146.8h1946V10.7s-170.6 20.4-265 57.2c0 0-374.1 116.7-794.2 24.7 0 0-414.1-100.9-673.1-92-.1 0-102.9 5.2-213.7 27.1z\"><\/path><path class=\"st1\" d=\"M1945.5 69.9s-425.5-100-888 20.5c0 0-342.6 63.3-611.4 43.8 0 0-224.9-40.3-446.6-84.4V174h1946V69.9z\"><\/path><path d=\"M-.5 88s425.5-100 888 20.5c0 0 342.6 63.3 611.4 43.8 0 0 224.9-20.2 446.6-64.3v87H-.5V88z\"><\/path><\/svg><\/div><\/div><\/div>\n\n\n\n<div class=\"wp-block-blockspare-shape-divider alignfull blockspare-4295e164-6c66-4 blockspare-block-animation bs-hover-style-8\" blockspare-animation=\"AFTclipHorizontal\"><style>.blockspare-4295e164-6c66-4 .blockspare-svg-wrapper{color:#febc62;height:72px;padding-top:0px;padding-right:0px;padding-bottom:0px;padding-left:0px;margin-top:-31px;margin-right:0px;margin-bottom:30px;margin-left:0px}<\/style><div class=\"blockspare-blocks blockspare-svg-wrapper blockspare-hover-item is-vertically-flipped is-horizontally-flipped has-width-1-1\"><div class=\"blockspare-svg-svg-inner blockspare-separator-wrapper\"><svg class=\"fan\" preserveaspectratio=\"none\" aria-hidden=\"true\" xmlns=\"http:\/\/www.w3.org\/2000\/svg\" viewbox=\"0 0 1917 105\"><path class=\"st1\" d=\"M-.5 0l958.8 69.3L1917 0v77H-.5z\"><\/path><path class=\"st2\" d=\"M-.5 24.5l958.8 46.3L1917 24.5V77H-.5z\"><\/path><path class=\"st3\" d=\"M-.5 49.1l958.8 23.1L1917 49.1V77H-.5z\"><\/path><path d=\"M-.5 77H1917v28H-.5z\"><\/path><\/svg><\/div><\/div><\/div>","protected":false},"excerpt":{"rendered":"<p>KOD\u0116L VERTA DALYVAUTI PROGRAMOJE? \u21d2 Jaunimo savanori\u0161kos tarnybos programa \u2013 tai ne tik savanoryst\u0117, bet ir investicija \u012f \u017emones, organizacijos reputacij\u0105 bei ateit\u012f. Mainais organizacija gauna motyvuot\u0105, ilgalaik\u012f savanor\u012f, kuris tampa komandos dalimi, stiprina organizacijos veiklas ir prisideda prie jos tvaraus augimo. \u21d2 Jaunimo reikal\u0173 agent\u016bros prie SADM akreditacija rei\u0161kia, kad organizacija atitinka&nbsp;nacionalinius savanoryst\u0117s kokyb\u0117s standartus&nbsp;ir veikia patikimoje, koordinuojamoje sistemoje. Tai&nbsp;didina organizacijos patikimum\u0105, reputacij\u0105 partneri\u0173, finansuotoj\u0173 ir jaun\u0173 \u017emoni\u0173 akyse. \u21d2 Skirtingai nei trumpalaik\u0117s iniciatyvos, \u0161i programa u\u017etikrina&nbsp;ne epizodin\u0119, o t\u0119stin\u0119 pagalb\u0105&nbsp;(40 val. per m\u0117nes\u012f), \u012ftraukia jaunuolius, kurie&nbsp;s\u0105moningai pasirenka tarnyb\u0105, o ne \u201eu\u017esuka trumpam\u201c. Organizacija gauna&nbsp;patikim\u0105 \u017emog\u0173 komandai, o ne nuolat besikei\u010dian\u010dius savanorius. \u21d2 Jaunimo savanori\u0161kos tarnybos programa suteikia ai\u0161ki\u0105 strukt\u016br\u0105 ir metodik\u0105, padeda organizacijoms \u201enei\u0161radin\u0117ti dvira\u010dio\u201c savanoryst\u0117s srityje, leid\u017eia dirbti sistemoje, kur&nbsp;organizacija n\u0117ra viena. Tai saugesnis, ai\u0161kesnis ir efektyvesnis kelias dirbant su jaunais savanoriais. \u21d2 Ind\u0117lis \u012f jaunimo politik\u0105 \u2013 realus, ne deklaratyvus. Akredituota organizacija tampa aktyvia jaunimo politikos<\/p>","protected":false},"author":1,"featured_media":0,"parent":0,"menu_order":0,"comment_status":"closed","ping_status":"closed","template":"","meta":{"_uag_custom_page_level_css":"","ngg_post_thumbnail":0,"footnotes":""},"class_list":["post-7109","page","type-page","status-publish","hentry"],"uagb_featured_image_src":{"full":false,"thumbnail":false,"medium":false,"medium_large":false,"large":false,"1536x1536":false,"2048x2048":false,"trp-custom-language-flag":false,"chromenews-featured":false,"chromenews-large":false,"chromenews-medium":false},"uagb_author_info":{"display_name":"E. Lukas","author_link":"https:\/\/nibd.lt\/en\/author\/neimtigmail-com\/"},"uagb_comment_info":0,"uagb_excerpt":"KOD\u0116L VERTA DALYVAUTI PROGRAMOJE? \u21d2 Jaunimo savanori\u0161kos tarnybos programa \u2013 tai ne tik savanoryst\u0117, bet ir investicija \u012f \u017emones, organizacijos reputacij\u0105 bei ateit\u012f. Mainais organizacija gauna motyvuot\u0105, ilgalaik\u012f savanor\u012f, kuris tampa komandos dalimi, stiprina organizacijos veiklas ir prisideda prie jos tvaraus augimo. \u21d2 Jaunimo reikal\u0173 agent\u016bros prie SADM akreditacija rei\u0161kia, kad organizacija atitinka&nbsp;nacionalinius savanoryst\u0117s kokyb\u0117s&hellip;","_links":{"self":[{"href":"https:\/\/nibd.lt\/en\/wp-json\/wp\/v2\/pages\/7109","targetHints":{"allow":["GET"]}}],"collection":[{"href":"https:\/\/nibd.lt\/en\/wp-json\/wp\/v2\/pages"}],"about":[{"href":"https:\/\/nibd.lt\/en\/wp-json\/wp\/v2\/types\/page"}],"author":[{"embeddable":true,"href":"https:\/\/nibd.lt\/en\/wp-json\/wp\/v2\/users\/1"}],"replies":[{"embeddable":true,"href":"https:\/\/nibd.lt\/en\/wp-json\/wp\/v2\/comments?post=7109"}],"version-history":[{"count":57,"href":"https:\/\/nibd.lt\/en\/wp-json\/wp\/v2\/pages\/7109\/revisions"}],"predecessor-version":[{"id":12036,"href":"https:\/\/nibd.lt\/en\/wp-json\/wp\/v2\/pages\/7109\/revisions\/12036"}],"wp:attachment":[{"href":"https:\/\/nibd.lt\/en\/wp-json\/wp\/v2\/media?parent=7109"}],"curies":[{"name":"wp","href":"https:\/\/api.w.org\/{rel}","templated":true}]}}