{"id":7009,"date":"2023-01-31T02:04:12","date_gmt":"2023-01-30T23:04:12","guid":{"rendered":"https:\/\/nibd.lt\/?page_id=7009"},"modified":"2025-02-03T11:36:38","modified_gmt":"2025-02-03T08:36:38","slug":"trumpalaike-savanoryste-moksleiviams","status":"publish","type":"page","link":"https:\/\/nibd.lt\/en\/trumpalaike-savanoryste-moksleiviams\/","title":{"rendered":"Short-term volunteering for schoolchildren"},"content":{"rendered":"<div class=\"wp-block-group alignwide is-layout-constrained wp-block-group-is-layout-constrained\">\n<p style=\"text-align: justify;\"><strong>The program\u2019s purpose<\/strong> \u2013 organizuoti trumpalaik\u0119 savanoryst\u0119 moksleiviams siekiant \u012fprasminti j\u0173 renkamas socialines-pilietines valandas atliekant visuomenei nauding\u0105 savanori\u0161k\u0105 veikl\u0105.<\/p>\n<p>Informacija ruo\u0161iama&#8230;<\/p>\n<\/div>","protected":false},"excerpt":{"rendered":"<p>Programos tikslas \u2013 organizuoti trumpalaik\u0119 savanoryst\u0119 moksleiviams siekiant \u012fprasminti j\u0173 renkamas socialines-pilietines valandas atliekant visuomenei nauding\u0105 savanori\u0161k\u0105 veikl\u0105. Informacija ruo\u0161iama&#8230;<\/p>","protected":false},"author":1,"featured_media":0,"parent":0,"menu_order":0,"comment_status":"closed","ping_status":"closed","template":"","meta":{"_uag_custom_page_level_css":"","ngg_post_thumbnail":0,"footnotes":""},"class_list":["post-7009","page","type-page","status-publish","hentry"],"uagb_featured_image_src":{"full":false,"thumbnail":false,"medium":false,"medium_large":false,"large":false,"1536x1536":false,"2048x2048":false,"trp-custom-language-flag":false,"chromenews-featured":false,"chromenews-large":false,"chromenews-medium":false},"uagb_author_info":{"display_name":"E. Lukas","author_link":"https:\/\/nibd.lt\/en\/author\/neimtigmail-com\/"},"uagb_comment_info":0,"uagb_excerpt":"Programos tikslas \u2013 organizuoti trumpalaik\u0119 savanoryst\u0119 moksleiviams siekiant \u012fprasminti j\u0173 renkamas socialines-pilietines valandas atliekant visuomenei nauding\u0105 savanori\u0161k\u0105 veikl\u0105. Informacija ruo\u0161iama&#8230;","_links":{"self":[{"href":"https:\/\/nibd.lt\/en\/wp-json\/wp\/v2\/pages\/7009","targetHints":{"allow":["GET"]}}],"collection":[{"href":"https:\/\/nibd.lt\/en\/wp-json\/wp\/v2\/pages"}],"about":[{"href":"https:\/\/nibd.lt\/en\/wp-json\/wp\/v2\/types\/page"}],"author":[{"embeddable":true,"href":"https:\/\/nibd.lt\/en\/wp-json\/wp\/v2\/users\/1"}],"replies":[{"embeddable":true,"href":"https:\/\/nibd.lt\/en\/wp-json\/wp\/v2\/comments?post=7009"}],"version-history":[{"count":4,"href":"https:\/\/nibd.lt\/en\/wp-json\/wp\/v2\/pages\/7009\/revisions"}],"predecessor-version":[{"id":9468,"href":"https:\/\/nibd.lt\/en\/wp-json\/wp\/v2\/pages\/7009\/revisions\/9468"}],"wp:attachment":[{"href":"https:\/\/nibd.lt\/en\/wp-json\/wp\/v2\/media?parent=7009"}],"curies":[{"name":"wp","href":"https:\/\/api.w.org\/{rel}","templated":true}]}}