{"id":68,"date":"2017-03-03T21:34:28","date_gmt":"2017-03-03T21:34:28","guid":{"rendered":"https:\/\/nibdblog.wordpress.com\/kas-mes-esame\/"},"modified":"2025-02-03T10:54:29","modified_gmt":"2025-02-03T07:54:29","slug":"apie-mus","status":"publish","type":"page","link":"https:\/\/nibd.lt\/en\/apie-mus\/","title":{"rendered":"About Us"},"content":{"rendered":"<p><img loading=\"lazy\" decoding=\"async\" class=\"wp-image-3919 size-medium aligncenter\" src=\"https:\/\/nibd.lt\/wp-content\/uploads\/2020\/04\/NIBD_logo_3-sp._PNG-275x300.png\" alt=\"\" width=\"275\" height=\"300\" srcset=\"https:\/\/nibd.lt\/wp-content\/uploads\/2020\/04\/NIBD_logo_3-sp._PNG-275x300.png 275w, https:\/\/nibd.lt\/wp-content\/uploads\/2020\/04\/NIBD_logo_3-sp._PNG-939x1024.png 939w, https:\/\/nibd.lt\/wp-content\/uploads\/2020\/04\/NIBD_logo_3-sp._PNG-768x838.png 768w, https:\/\/nibd.lt\/wp-content\/uploads\/2020\/04\/NIBD_logo_3-sp._PNG.png 1266w\" sizes=\"auto, (max-width: 275px) 100vw, 275px\" \/><\/p>\n<hr>\n<p style=\"text-align: center;\"><b>WHAT DO WE DO?<\/b><b><br \/>\n<\/b><\/p>\n<p style=\"text-align: justify;\">Nuo 2017 m. dirbame su jaunimu remiantis neformaliojo ugdymo(si) principais ir pl\u0117tojant savanoryst\u0119 Vilniaus, Kauno, Utenos apskri\u010di\u0173 regionuose, kviesdami \u012fsitraukti \u012f:<\/p>\n<ul>\n<li style=\"text-align: justify;\"><a href=\"http:\/\/nibd.lt\/savanoriu-korepetitoriu-programa\/\" target=\"_blank\" rel=\"noopener noreferrer\">Volunteer-tutoring program.<\/a><\/li>\n<li><a href=\"http:\/\/nibd.lt\/jaunimo-savanoriska-tarnyba\/\" target=\"_blank\" rel=\"noopener noreferrer\">The voluntary youth service program.<\/a><\/li>\n<li><a href=\"https:\/\/nibd.lt\/trumpalaike-savanoryste-moksleiviams\/\">Short-term volunteering for schoolchildren.<\/a><\/li>\n<li><a href=\"http:\/\/nibd.lt\/savanoryste-verslui\/\" target=\"_blank\" rel=\"noopener noreferrer\">Short-term volunteering program for corporate workers.<\/a><\/li>\n<li><a href=\"https:\/\/www.facebook.com\/VaidotuAJC\">the activities of Vaidotai Open Youth Center - VAJE.<\/a><\/li>\n<\/ul>\nngg_shortcode_0_placeholder\n<hr>\n<p style=\"text-align: justify;\">Nuo 2022 m. V\u0161\u012e \u201eNe imti, bet duoti\u201c yra Jaunimo reikal\u0173 agent\u016bros prie SADM direktoriaus 2022 m. spalio 14 d. \u012fsakymu Nr. 2V-289 (1.4) akredituota <em><strong>jaunimo praktini\u0173 \u012fg\u016bd\u017ei\u0173 ugdymo paslaugas teikianti organizacija<\/strong><\/em>.<\/p>\n<p style=\"text-align: justify;\">Nuo 2020 m. V\u0161\u012e \u201eNe imti, bet duoti\u201c yra Jaunimo reikal\u0173 departamento prie SADM direktoriaus 2020 m. vasario 11 d. \u012fsakymu Nr. 16P-1.1-27 (5.26) akredituota <em><strong>organization<\/strong><\/em> <em><strong>hosting youth volunteers.<\/strong><\/em>.<\/p>\n<p style=\"text-align: justify;\">Nuo 2018 m. V\u0161\u012e \u201eNe imti, bet duoti\u201c yra Jaunimo reikal\u0173 departamento prie SADM direktoriaus 2018 m. spalio 17 d. \u012fsakymu Nr. 2V-178 (1.4) akredituota <em><strong>savanori\u0161k\u0105 veikl\u0105 organizuojanti organizacija<\/strong><\/em>.<\/p>\n<hr>\n<p style=\"text-align: left;\"><strong>Our values:<\/strong><\/p>\n<ol>\n<li>Belief in change in everyone.<\/li>\n<li>Building trust.<\/li>\n<li>Reflection of all experiences.<\/li>\n<\/ol>\n<p style=\"text-align: justify;\"><strong>Our vision: <\/strong>a conscious and independent young generation building a sustainable society.<\/p>\n<p style=\"text-align: justify;\"><strong>Our mission: <\/strong>to work with young people based on the principles of non-formal education and to promote a culture of empowering volunteerism.<\/p>\n<p style=\"text-align: justify;\"><strong>Our goals:<\/strong><\/p>\n<p style=\"text-align: justify;\">1. To promote a culture of empowering volunteerism and organize volunteer activities.<\/p>\n<p style=\"text-align: justify;\">2. To work with young people, creating opportunities to participate in activities that meet the needs of young people and promote awareness.<\/p>","protected":false},"excerpt":{"rendered":"<p>K\u0104 MES VEIKIAME? Nuo 2017 m. dirbame su jaunimu remiantis neformaliojo ugdymo(si) principais ir pl\u0117tojant savanoryst\u0119 Vilniaus, Kauno, Utenos apskri\u010di\u0173 regionuose, kviesdami \u012fsitraukti \u012f: Savanori\u0173 \u2013 korepetitori\u0173 program\u0105. Jaunimo savanori\u0161kos tarnybos program\u0105. Trumpalaik\u0119 savanoryst\u0119 moksleiviams. Trumpalaik\u0119 savanoryst\u0119 \u012fmoni\u0173 darbuotojams. Vaidot\u0173 atviro jaunimo centro \u2013 VAJE veiklas. Nuo 2022 m. V\u0161\u012e \u201eNe imti, bet duoti\u201c yra Jaunimo reikal\u0173 agent\u016bros prie SADM direktoriaus 2022 m. spalio 14 d. \u012fsakymu Nr. 2V-289 (1.4) akredituota jaunimo praktini\u0173 \u012fg\u016bd\u017ei\u0173 ugdymo paslaugas teikianti organizacija. Nuo 2020 m. V\u0161\u012e \u201eNe imti, bet duoti\u201c yra Jaunimo reikal\u0173 departamento prie SADM direktoriaus 2020 m. vasario 11 d. \u012fsakymu Nr. 16P-1.1-27 (5.26) akredituota jaunimo savanorius priimanti organizacija. Nuo 2018 m. V\u0161\u012e \u201eNe imti, bet duoti\u201c yra Jaunimo reikal\u0173 departamento prie SADM direktoriaus 2018 m. spalio 17 d. \u012fsakymu Nr. 2V-178 (1.4) akredituota savanori\u0161k\u0105 veikl\u0105 organizuojanti organizacija. M\u016bs\u0173 vertyb\u0117s: Tik\u0117jimas poky\u010diu kiekviename. Pasitik\u0117jimo k\u016brimas. Vis\u0173 patir\u010di\u0173 refleksija. M\u016bs\u0173 vizija \u2013 s\u0105moninga<\/p>","protected":false},"author":1,"featured_media":0,"parent":0,"menu_order":0,"comment_status":"closed","ping_status":"closed","template":"","meta":{"_uag_custom_page_level_css":"","ngg_post_thumbnail":0,"footnotes":""},"class_list":["post-68","page","type-page","status-publish","hentry"],"uagb_featured_image_src":{"full":false,"thumbnail":false,"medium":false,"medium_large":false,"large":false,"1536x1536":false,"2048x2048":false,"trp-custom-language-flag":false,"chromenews-featured":false,"chromenews-large":false,"chromenews-medium":false},"uagb_author_info":{"display_name":"E. Lukas","author_link":"https:\/\/nibd.lt\/en\/author\/neimtigmail-com\/"},"uagb_comment_info":0,"uagb_excerpt":"K\u0104 MES VEIKIAME? Nuo 2017 m. dirbame su jaunimu remiantis neformaliojo ugdymo(si) principais ir pl\u0117tojant savanoryst\u0119 Vilniaus, Kauno, Utenos apskri\u010di\u0173 regionuose, kviesdami \u012fsitraukti \u012f: Savanori\u0173 \u2013 korepetitori\u0173 program\u0105. Jaunimo savanori\u0161kos tarnybos program\u0105. Trumpalaik\u0119 savanoryst\u0119 moksleiviams. Trumpalaik\u0119 savanoryst\u0119 \u012fmoni\u0173 darbuotojams. Vaidot\u0173 atviro jaunimo centro \u2013 VAJE veiklas. Nuo 2022 m. V\u0161\u012e \u201eNe imti, bet duoti\u201c yra&hellip;","_links":{"self":[{"href":"https:\/\/nibd.lt\/en\/wp-json\/wp\/v2\/pages\/68","targetHints":{"allow":["GET"]}}],"collection":[{"href":"https:\/\/nibd.lt\/en\/wp-json\/wp\/v2\/pages"}],"about":[{"href":"https:\/\/nibd.lt\/en\/wp-json\/wp\/v2\/types\/page"}],"author":[{"embeddable":true,"href":"https:\/\/nibd.lt\/en\/wp-json\/wp\/v2\/users\/1"}],"replies":[{"embeddable":true,"href":"https:\/\/nibd.lt\/en\/wp-json\/wp\/v2\/comments?post=68"}],"version-history":[{"count":67,"href":"https:\/\/nibd.lt\/en\/wp-json\/wp\/v2\/pages\/68\/revisions"}],"predecessor-version":[{"id":8416,"href":"https:\/\/nibd.lt\/en\/wp-json\/wp\/v2\/pages\/68\/revisions\/8416"}],"wp:attachment":[{"href":"https:\/\/nibd.lt\/en\/wp-json\/wp\/v2\/media?parent=68"}],"curies":[{"name":"wp","href":"https:\/\/api.w.org\/{rel}","templated":true}]}}