{"id":6283,"date":"2022-02-26T12:50:37","date_gmt":"2022-02-26T09:50:37","guid":{"rendered":"https:\/\/nibd.lt\/?page_id=6283"},"modified":"2025-01-31T14:38:31","modified_gmt":"2025-01-31T11:38:31","slug":"sakot","status":"publish","type":"page","link":"https:\/\/nibd.lt\/en\/sakot\/","title":{"rendered":"NOCV"},"content":{"rendered":"<div class=\"wp-block-group alignwide is-layout-constrained wp-block-group-is-layout-constrained\">\n<p style=\"text-align: justify;\"><strong>NOCV<\/strong> from 2022 an operating network of organizations coordinating volunteering, the <strong>purpose<\/strong> of which is to develop a culture of volunteering in Lithuania.<\/p>\n<hr>\n<p><strong>NOCV tasks:<\/strong><\/p>\n<ol>\n<li style=\"text-align: justify;\">To develop quality standards for volunteering and strive, that the organizations working with volunteers follow them.<\/li>\n<li style=\"text-align: justify;\">To participate in the formation of public policy on volunteering in order to involve non-governmental organizations working in the field of coordination of volunteering activities in the decision-making processes of state institutions.<\/li>\n<li style=\"text-align: justify;\">To represent the interests of the non-governmental sector working with volunteering in public and management institutions.<\/li>\n<li style=\"text-align: justify;\">To carry out monitoring of volunteering processes in Lithuania.<\/li>\n<li style=\"text-align: justify;\">To delegate representatives to councils, commissions, committees or other advisory collegial management formations and working groups of state institutions that are related to volunteering and its development in Lithuania and beyond, conveying good practice.<\/li>\n<li style=\"text-align: justify;\">To promote cooperation between the parties to this joint activity (partnership) agreement.<\/li>\n<li style=\"text-align: justify;\">To promote and initiate research and analysis related to volunteering processes and the quality of volunteering implementation in Lithuania.<\/li>\n<\/ol>\n<hr>\n<p style=\"text-align: center;\"><strong>NOCV founders<\/strong><\/p>\n<table style=\"border-collapse: collapse; width: 100%; height: 264px;\">\n<tbody>\n<tr style=\"height: 24px;\">\n<td style=\"width: 51.7123%; height: 24px;\">V\u0161\u012e \u201eSocialinis veiksmas\u201c<\/td>\n<td style=\"width: 48.2877%; height: 24px; text-align: right;\">director Milda Luko\u0161evi\u010di\u016bt\u0117<\/td>\n<\/tr>\n<tr style=\"height: 24px;\">\n<td style=\"width: 51.7123%; height: 24px;\">V\u0161\u012e Pal. J. Matulai\u010dio socialinis centras<\/td>\n<td style=\"width: 48.2877%; height: 24px; text-align: right;\">leader Dalia Beliukevi\u010di\u016bt\u0117<\/td>\n<\/tr>\n<tr style=\"height: 24px;\">\n<td style=\"width: 51.7123%; height: 24px;\">V\u0161\u012e \u201eJaunimo asmeninio tobul\u0117jimo centras\u201c<\/td>\n<td style=\"width: 48.2877%; height: 24px; text-align: right;\">director \u017dilvinas Ma\u017eeikis<\/td>\n<\/tr>\n<tr style=\"height: 24px;\">\n<td style=\"width: 51.7123%; height: 24px;\">\"Not to take, but to give\"<\/td>\n<td style=\"width: 48.2877%; height: 24px; text-align: right;\">director Erikas Lukas Dvilevi\u010dius<\/td>\n<\/tr>\n<tr style=\"height: 24px;\">\n<td style=\"width: 51.7123%; height: 24px;\">LPF \u201eMaisto bankas\u201c<\/td>\n<td style=\"width: 48.2877%; height: 24px; text-align: right;\">director Simon Gurevi\u010dius<\/td>\n<\/tr>\n<tr style=\"height: 24px;\">\n<td style=\"width: 51.7123%; height: 24px;\">Maltos ordino pagalbos tarnyba<\/td>\n<td style=\"width: 48.2877%; height: 24px; text-align: right;\">general secretary Dalia Kedavi\u010dien\u0117<\/td>\n<\/tr>\n<tr style=\"height: 24px;\">\n<td style=\"width: 51.7123%; height: 24px;\">Lietuvos Raudonojo Kry\u017eiaus Draugija<\/td>\n<td style=\"width: 48.2877%; height: 24px; text-align: right;\">general secretary Kristina Meid\u0117<\/td>\n<\/tr>\n<tr style=\"height: 24px;\">\n<td style=\"width: 51.7123%; height: 24px;\">V\u0161\u012e \u201eActio Catholica Patria\u201c<\/td>\n<td style=\"width: 48.2877%; height: 24px; text-align: right;\">director R\u016bta Padriez\u0117<\/td>\n<\/tr>\n<tr style=\"height: 24px;\">\n<td style=\"width: 51.7123%; height: 24px;\">V\u0161\u012e Visuomen\u0117s ir verslo pl\u0117tros institutas<\/td>\n<td style=\"width: 48.2877%; height: 24px; text-align: right;\">director Vladas Polevi\u010dius<\/td>\n<\/tr>\n<tr style=\"height: 24px;\">\n<td style=\"width: 51.7123%; height: 24px;\">Asociacija LITDEA<\/td>\n<td style=\"width: 48.2877%; text-align: right; height: 24px;\">the chairman Tomas Kurapkaitis<\/td>\n<\/tr>\n<tr style=\"height: 24px;\">\n<td style=\"width: 51.7123%; height: 24px;\">Vilniaus Arkivyskupijos Caritas<\/td>\n<td style=\"width: 48.2877%; text-align: right; height: 24px;\">director Audron\u0117 Kairien\u0117<\/td>\n<\/tr>\n<\/tbody>\n<\/table>\n<p>&nbsp;<\/p>\n<\/div>","protected":false},"excerpt":{"rendered":"<p>SaKOT \u2013 nuo 2022 m. veikiantis savanoryst\u0119 koordinuojan\u010di\u0173 organizacij\u0173 tinklas, kurio tikslas \u2013 pl\u0117toti savanoryst\u0117s kult\u016br\u0105 Lietuvoje. SaKOT u\u017edaviniai: Vystyti savanori\u0161kos veiklos kokyb\u0117s standartus ir siekti, kad su savanoriais dirban\u010dios organizacijos j\u0173 laikyt\u0173si. Dalyvauti formuojant savanoryst\u0117s vie\u0161\u0105j\u0105 politik\u0105, siekiant \u012ftraukti nevyriausybines organizacijas, dirban\u010dias savanori\u0161kos veiklos koordinavimo srityje, \u012f valstyb\u0117s institucij\u0173 sprendim\u0173 pri\u0117mimo procesus. Atstovauti su savanoryste dirban\u010dio nevyriausybinio sektoriaus interesams vald\u017eios ir valdymo institucijose. Vykdyti savanori\u0161kos veiklos proces\u0173 Lietuvoje steb\u0117sen\u0105. Deleguoti atstovus \u012f valstyb\u0117s institucij\u0173 tarybas, komisijas, komitetus ar kitus patariamuosius kolegialaus valdymo darinius bei darbo grupes, kurios yra susijusios su savanori\u0161ka veikla bei jos vystymu Lietuvoje ir u\u017e jos rib\u0173, perteikiant ger\u0105j\u0105 patirt\u012f. Skatinti \u0161ios jungtin\u0117s veiklos (partneryst\u0117s) sutarties \u0161ali\u0173 bendradarbiavim\u0105. Skatinti ir inicijuoti mokslinius tyrimus ir analizes, susijusias su savanoryst\u0117s procesais ir savanori\u0161kos veiklos \u012fgyvendinimo kokybe Lietuvoje. SaKOT steig\u0117jai V\u0161\u012e \u201eSocialinis veiksmas\u201c direktor\u0117 Milda Luko\u0161evi\u010di\u016bt\u0117 V\u0161\u012e Pal. J. Matulai\u010dio socialinis centras vadov\u0117 Dalia Beliukevi\u010di\u016bt\u0117 V\u0161\u012e \u201eJaunimo asmeninio tobul\u0117jimo<\/p>","protected":false},"author":1,"featured_media":0,"parent":0,"menu_order":0,"comment_status":"closed","ping_status":"closed","template":"","meta":{"_uag_custom_page_level_css":"","ngg_post_thumbnail":0,"footnotes":""},"class_list":["post-6283","page","type-page","status-publish","hentry"],"uagb_featured_image_src":{"full":false,"thumbnail":false,"medium":false,"medium_large":false,"large":false,"1536x1536":false,"2048x2048":false,"trp-custom-language-flag":false,"chromenews-featured":false,"chromenews-large":false,"chromenews-medium":false},"uagb_author_info":{"display_name":"E. Lukas","author_link":"https:\/\/nibd.lt\/en\/author\/neimtigmail-com\/"},"uagb_comment_info":0,"uagb_excerpt":"SaKOT \u2013 nuo 2022 m. veikiantis savanoryst\u0119 koordinuojan\u010di\u0173 organizacij\u0173 tinklas, kurio tikslas \u2013 pl\u0117toti savanoryst\u0117s kult\u016br\u0105 Lietuvoje. SaKOT u\u017edaviniai: Vystyti savanori\u0161kos veiklos kokyb\u0117s standartus ir siekti, kad su savanoriais dirban\u010dios organizacijos j\u0173 laikyt\u0173si. Dalyvauti formuojant savanoryst\u0117s vie\u0161\u0105j\u0105 politik\u0105, siekiant \u012ftraukti nevyriausybines organizacijas, dirban\u010dias savanori\u0161kos veiklos koordinavimo srityje, \u012f valstyb\u0117s institucij\u0173 sprendim\u0173 pri\u0117mimo procesus. Atstovauti su&hellip;","_links":{"self":[{"href":"https:\/\/nibd.lt\/en\/wp-json\/wp\/v2\/pages\/6283","targetHints":{"allow":["GET"]}}],"collection":[{"href":"https:\/\/nibd.lt\/en\/wp-json\/wp\/v2\/pages"}],"about":[{"href":"https:\/\/nibd.lt\/en\/wp-json\/wp\/v2\/types\/page"}],"author":[{"embeddable":true,"href":"https:\/\/nibd.lt\/en\/wp-json\/wp\/v2\/users\/1"}],"replies":[{"embeddable":true,"href":"https:\/\/nibd.lt\/en\/wp-json\/wp\/v2\/comments?post=6283"}],"version-history":[{"count":12,"href":"https:\/\/nibd.lt\/en\/wp-json\/wp\/v2\/pages\/6283\/revisions"}],"predecessor-version":[{"id":9417,"href":"https:\/\/nibd.lt\/en\/wp-json\/wp\/v2\/pages\/6283\/revisions\/9417"}],"wp:attachment":[{"href":"https:\/\/nibd.lt\/en\/wp-json\/wp\/v2\/media?parent=6283"}],"curies":[{"name":"wp","href":"https:\/\/api.w.org\/{rel}","templated":true}]}}