{"id":6146,"date":"2022-01-22T18:14:12","date_gmt":"2022-01-22T15:14:12","guid":{"rendered":"https:\/\/nibd.lt\/?page_id=6146"},"modified":"2025-02-03T11:34:05","modified_gmt":"2025-02-03T08:34:05","slug":"savanoriu-korepetitoriu-programos-dokumentai","status":"publish","type":"page","link":"https:\/\/nibd.lt\/en\/savanoriu-korepetitoriu-programos-dokumentai\/","title":{"rendered":"Volunteer-tutor program documents"},"content":{"rendered":"<div class=\"wp-block-group alignwide is-layout-constrained wp-block-group-is-layout-constrained\">\n<ul>\n<li><a href=\"https:\/\/nibd.lt\/wp-content\/uploads\/2024\/07\/Savanorystes-sutartis_SK.pdf\">Savanori\u0173\u2013korepetitori\u0173 programos sutartis<\/a><\/li>\n<li><a href=\"https:\/\/nibd.lt\/wp-content\/uploads\/2023\/07\/SK-ziniarastis_NIBD.pdf\">Savanori\u0173\u2013korepetitori\u0173 programos savanorio savanori\u0161kos veiklos \u017einiara\u0161tis<\/a><\/li>\n<li><a href=\"https:\/\/nibd.lt\/wp-content\/uploads\/2023\/07\/SK-ziniarascio-pildymo-atmintine_NIBD.pdf\">Savanori\u0173\u2013korepetitori\u0173 programos savanorio savanori\u0161kos veiklos \u017einiara\u0161\u010dio pildymo atmintin\u0117<\/a><\/li>\n<\/ul>\n<\/div>","protected":false},"excerpt":{"rendered":"<p>Savanori\u0173\u2013korepetitori\u0173 programos sutartis Savanori\u0173\u2013korepetitori\u0173 programos savanorio savanori\u0161kos veiklos \u017einiara\u0161tis Savanori\u0173\u2013korepetitori\u0173 programos savanorio savanori\u0161kos veiklos \u017einiara\u0161\u010dio pildymo atmintin\u0117<\/p>","protected":false},"author":1,"featured_media":0,"parent":0,"menu_order":0,"comment_status":"closed","ping_status":"closed","template":"","meta":{"_uag_custom_page_level_css":"","ngg_post_thumbnail":0,"footnotes":""},"class_list":["post-6146","page","type-page","status-publish","hentry"],"uagb_featured_image_src":{"full":false,"thumbnail":false,"medium":false,"medium_large":false,"large":false,"1536x1536":false,"2048x2048":false,"trp-custom-language-flag":false,"chromenews-featured":false,"chromenews-large":false,"chromenews-medium":false},"uagb_author_info":{"display_name":"E. Lukas","author_link":"https:\/\/nibd.lt\/en\/author\/neimtigmail-com\/"},"uagb_comment_info":0,"uagb_excerpt":"Savanori\u0173\u2013korepetitori\u0173 programos sutartis Savanori\u0173\u2013korepetitori\u0173 programos savanorio savanori\u0161kos veiklos \u017einiara\u0161tis Savanori\u0173\u2013korepetitori\u0173 programos savanorio savanori\u0161kos veiklos \u017einiara\u0161\u010dio pildymo atmintin\u0117","_links":{"self":[{"href":"https:\/\/nibd.lt\/en\/wp-json\/wp\/v2\/pages\/6146","targetHints":{"allow":["GET"]}}],"collection":[{"href":"https:\/\/nibd.lt\/en\/wp-json\/wp\/v2\/pages"}],"about":[{"href":"https:\/\/nibd.lt\/en\/wp-json\/wp\/v2\/types\/page"}],"author":[{"embeddable":true,"href":"https:\/\/nibd.lt\/en\/wp-json\/wp\/v2\/users\/1"}],"replies":[{"embeddable":true,"href":"https:\/\/nibd.lt\/en\/wp-json\/wp\/v2\/comments?post=6146"}],"version-history":[{"count":12,"href":"https:\/\/nibd.lt\/en\/wp-json\/wp\/v2\/pages\/6146\/revisions"}],"predecessor-version":[{"id":9462,"href":"https:\/\/nibd.lt\/en\/wp-json\/wp\/v2\/pages\/6146\/revisions\/9462"}],"wp:attachment":[{"href":"https:\/\/nibd.lt\/en\/wp-json\/wp\/v2\/media?parent=6146"}],"curies":[{"name":"wp","href":"https:\/\/api.w.org\/{rel}","templated":true}]}}