{"id":6141,"date":"2022-01-22T18:13:14","date_gmt":"2022-01-22T15:13:14","guid":{"rendered":"https:\/\/nibd.lt\/?page_id=6141"},"modified":"2026-02-10T14:46:09","modified_gmt":"2026-02-10T11:46:09","slug":"jaunimo-savanoriskos-tarnybos-programos-dokumentai","status":"publish","type":"page","link":"https:\/\/nibd.lt\/en\/jaunimo-savanoriskos-tarnybos-programos-dokumentai\/","title":{"rendered":"Jaunimo savanori\u0161kos tarnybos (JST) programos dokumentai"},"content":{"rendered":"<div class=\"wp-block-group alignwide is-layout-constrained wp-block-group-is-layout-constrained\">\n<ul>\n<li><a href=\"https:\/\/nibd.lt\/wp-content\/uploads\/2026\/02\/Savanorystes-sutartis_JST.pdf\">JST programos sutartis<\/a><\/li>\n<li style=\"text-align: left;\"><a href=\"https:\/\/nibd.lt\/wp-content\/uploads\/2023\/06\/Prasymas-stabdyti-JST.docx\">Pra\u0161ymas laikinai stabdyti JST program\u0105<\/a><\/li>\n<\/ul>\n<hr>\n<ul style=\"text-align: left;\">\n<li><a href=\"https:\/\/www.e-tar.lt\/portal\/lt\/legalAct\/434ba564a34411f0a34db2fbd35a03b2\">JST organizavimo tvarkos apra\u0161as<\/a><\/li>\n<\/ul>\n<\/div>","protected":false},"excerpt":{"rendered":"<p>JST programos sutartis Pra\u0161ymas laikinai stabdyti JST program\u0105 JST organizavimo tvarkos apra\u0161as<\/p>","protected":false},"author":1,"featured_media":0,"parent":0,"menu_order":0,"comment_status":"closed","ping_status":"closed","template":"","meta":{"_uag_custom_page_level_css":"","ngg_post_thumbnail":0,"footnotes":""},"class_list":["post-6141","page","type-page","status-publish","hentry"],"uagb_featured_image_src":{"full":false,"thumbnail":false,"medium":false,"medium_large":false,"large":false,"1536x1536":false,"2048x2048":false,"trp-custom-language-flag":false,"chromenews-featured":false,"chromenews-large":false,"chromenews-medium":false},"uagb_author_info":{"display_name":"E. Lukas","author_link":"https:\/\/nibd.lt\/en\/author\/neimtigmail-com\/"},"uagb_comment_info":0,"uagb_excerpt":"JST programos sutartis Pra\u0161ymas laikinai stabdyti JST program\u0105 JST organizavimo tvarkos apra\u0161as","_links":{"self":[{"href":"https:\/\/nibd.lt\/en\/wp-json\/wp\/v2\/pages\/6141","targetHints":{"allow":["GET"]}}],"collection":[{"href":"https:\/\/nibd.lt\/en\/wp-json\/wp\/v2\/pages"}],"about":[{"href":"https:\/\/nibd.lt\/en\/wp-json\/wp\/v2\/types\/page"}],"author":[{"embeddable":true,"href":"https:\/\/nibd.lt\/en\/wp-json\/wp\/v2\/users\/1"}],"replies":[{"embeddable":true,"href":"https:\/\/nibd.lt\/en\/wp-json\/wp\/v2\/comments?post=6141"}],"version-history":[{"count":45,"href":"https:\/\/nibd.lt\/en\/wp-json\/wp\/v2\/pages\/6141\/revisions"}],"predecessor-version":[{"id":11706,"href":"https:\/\/nibd.lt\/en\/wp-json\/wp\/v2\/pages\/6141\/revisions\/11706"}],"wp:attachment":[{"href":"https:\/\/nibd.lt\/en\/wp-json\/wp\/v2\/media?parent=6141"}],"curies":[{"name":"wp","href":"https:\/\/api.w.org\/{rel}","templated":true}]}}