{"id":5847,"date":"2021-09-27T20:28:52","date_gmt":"2021-09-27T17:28:52","guid":{"rendered":"https:\/\/nibd.lt\/?page_id=5847"},"modified":"2021-09-27T20:40:46","modified_gmt":"2021-09-27T17:40:46","slug":"savanorius-priimancioms-organizacijoms","status":"publish","type":"page","link":"https:\/\/nibd.lt\/en\/savanorius-priimancioms-organizacijoms\/","title":{"rendered":"Savanorius priiman\u010dioms organizacijoms"},"content":{"rendered":"<p style=\"text-align: center;\"><strong>SAVANORIUS PRIIMAN\u010cI\u0172 ORGANIZACIJ\u0172 AKREDITACIJA VYKSTA VISUS METUS!<\/strong><\/p>\n<p style=\"text-align: justify;\">Koordinuojame jaunimo savanori\u0161kos tarnybos program\u0105 \u0161iose savivaldyb\u0117se:<\/p>\n<table>\n<tbody>\n<tr>\n<td><strong>In the Vilnius county region:<\/strong><\/td>\n<td><strong>In the Utena county region:<\/strong><\/td>\n<td><strong>In the Kaunas county region:<\/strong><\/td>\n<\/tr>\n<tr>\n<td>Vilnius city municipality<\/td>\n<td>Anyk\u0161\u010diai district municipality<\/td>\n<td>Kauno m. sav.<\/td>\n<\/tr>\n<tr>\n<td>Vilnius district municipality<\/td>\n<td>Utena district municipality<\/td>\n<td>Jonava district municipality<\/td>\n<\/tr>\n<tr>\n<td>Trakai district municipality<\/td>\n<td>Ignalina district municipality<\/td>\n<td>Prienai district municipality<\/td>\n<\/tr>\n<tr>\n<td>Elektr\u0117nai municipality<\/td>\n<td>Mol\u0117tai district municipality<\/td>\n<td>Bir\u0161tonas district municipality<\/td>\n<\/tr>\n<tr>\n<td>\u0160ven\u010dionys district municipality<\/td>\n<td>Zarasai district municipality<\/td>\n<td>&nbsp;<\/td>\n<\/tr>\n<tr>\n<td>\u0160irvintos district municipality<\/td>\n<td>Visaginas district municipality<\/td>\n<td>&nbsp;<\/td>\n<\/tr>\n<tr>\n<td>Ukmerg\u0117 district municipality<\/td>\n<td>&nbsp;<\/td>\n<td>&nbsp;<\/td>\n<\/tr>\n<tr>\n<td>\u0160al\u010dininkai district municipality<\/td>\n<td>&nbsp;<\/td>\n<td>&nbsp;<\/td>\n<\/tr>\n<\/tbody>\n<\/table>\n<p style=\"text-align: center;\"><strong>Kaip vyksta akreditacija?<\/strong><\/p>\n<ol style=\"text-align: justify;\">\n<li>U\u017epildoma <a href=\"https:\/\/nibd.lt\/wp-content\/uploads\/2021\/09\/Priedas-Nr.-2.docx\">akreditacijos parai\u0161kos forma<\/a>&nbsp;<\/li>\n<li>U\u017epildoma&nbsp;<a href=\"https:\/\/docs.google.com\/forms\/d\/e\/1FAIpQLScofdNAvqT1uWs8ykDu2iIvHQ5-W2ppbh_OO6nWA9dJm5IdCQ\/viewform\" target=\"_blank\" rel=\"noopener noreferrer\">akreditacijos anketa<\/a>.<\/li>\n<li style=\"text-align: justify;\">Susitinkama su 2 organizacijos atstovais (\u012fskaitant vadov\u0105), aptariamos galimos savanorio u\u017eduotys, savanorio palyd\u0117jimo strukt\u016bra, atsakingi asmenys organizacijoje. Jei organizacija turi \u012fg\u016bd\u017ei\u0173 lyd\u0117ti savanorius, yra akredituojama.&nbsp;<\/li>\n<\/ol>\n<p style=\"text-align: justify;\"><strong>Jeigu norite akredituotis, susisiekite<\/strong><strong>:<\/strong> <a href=\"mailto:monika.uzkuriene@nibd.lt\">monika.uzkuriene@nibd.lt<\/a><\/p>\n<hr>\n<p style=\"text-align: justify;\">D\u0117l ko reikalingas akreditavimas? \u2013 tai labai aktualu savanoriams, ypa\u010d moksleiviams, nes nuo 2018 met\u0173 tik akredituotose \u012fstaigose savanoriaujantys moksleiviai gal\u0117s gauti 0,25 stojamojo balo \u012f auk\u0161t\u0105sias mokyklas.<\/p>\n<p><iframe loading=\"lazy\" title=\"Kam reikalingi savanoriai? | Ne imti, bet duoti\" width=\"640\" height=\"360\" src=\"https:\/\/www.youtube.com\/embed\/kqDkdsmmZ_8?feature=oembed\" frameborder=\"0\" allow=\"accelerometer; autoplay; clipboard-write; encrypted-media; gyroscope; picture-in-picture; web-share\" referrerpolicy=\"strict-origin-when-cross-origin\" allowfullscreen><\/iframe><\/p>\n<p style=\"text-align: justify;\">Daugiau informacijos apie savanorius priiman\u010di\u0173 organizacij\u0173 akreditacij\u0105 rasite <a href=\"https:\/\/jrd.lt\/informacija-jaunimui\/savanoryste\/po-akreditacija\">\u010dia.<\/a><\/p>","protected":false},"excerpt":{"rendered":"<p>SAVANORIUS PRIIMAN\u010cI\u0172 ORGANIZACIJ\u0172 AKREDITACIJA VYKSTA VISUS METUS! Koordinuojame jaunimo savanori\u0161kos tarnybos program\u0105 \u0161iose savivaldyb\u0117se: Vilniaus apskr. regione: Utenos apskr. regione: Kauno apskr. regione: Vilniaus m. sav. Anyk\u0161\u010di\u0173 r. sav. Kauno m. sav. Vilniaus r. sav. Utenos r. sav. Jonavos r. sav. Trak\u0173 r. sav. Ignalinos r. sav. Prien\u0173 r. sav. Elektr\u0117n\u0173 sav. Mol\u0117t\u0173 r. sav. Bir\u0161tono r. sav. \u0160ven\u010dioni\u0173 r. sav. Zaras\u0173 r. sav. &nbsp; \u0160irvint\u0173 r. sav. Visagino sav. &nbsp; Ukmerg\u0117s r. sav. &nbsp; &nbsp; \u0160al\u010dinink\u0173 r. sav. &nbsp; &nbsp; Kaip vyksta akreditacija? U\u017epildoma akreditacijos parai\u0161kos forma&nbsp; U\u017epildoma&nbsp;akreditacijos anketa. Susitinkama su 2 organizacijos atstovais (\u012fskaitant vadov\u0105), aptariamos galimos savanorio u\u017eduotys, savanorio palyd\u0117jimo strukt\u016bra, atsakingi asmenys organizacijoje. Jei organizacija turi \u012fg\u016bd\u017ei\u0173 lyd\u0117ti savanorius, yra akredituojama.&nbsp; Jeigu norite akredituotis, susisiekite: monika.uzkuriene@nibd.lt D\u0117l ko reikalingas akreditavimas? \u2013 tai labai aktualu savanoriams, ypa\u010d moksleiviams, nes nuo 2018 met\u0173 tik akredituotose \u012fstaigose savanoriaujantys moksleiviai gal\u0117s gauti 0,25 stojamojo balo \u012f auk\u0161t\u0105sias mokyklas. Daugiau informacijos<\/p>","protected":false},"author":1,"featured_media":0,"parent":0,"menu_order":0,"comment_status":"closed","ping_status":"closed","template":"","meta":{"_uag_custom_page_level_css":"","ngg_post_thumbnail":0,"footnotes":""},"class_list":["post-5847","page","type-page","status-publish","hentry"],"uagb_featured_image_src":{"full":false,"thumbnail":false,"medium":false,"medium_large":false,"large":false,"1536x1536":false,"2048x2048":false,"trp-custom-language-flag":false,"chromenews-featured":false,"chromenews-large":false,"chromenews-medium":false},"uagb_author_info":{"display_name":"E. Lukas","author_link":"https:\/\/nibd.lt\/en\/author\/neimtigmail-com\/"},"uagb_comment_info":0,"uagb_excerpt":"SAVANORIUS PRIIMAN\u010cI\u0172 ORGANIZACIJ\u0172 AKREDITACIJA VYKSTA VISUS METUS! Koordinuojame jaunimo savanori\u0161kos tarnybos program\u0105 \u0161iose savivaldyb\u0117se: Vilniaus apskr. regione: Utenos apskr. regione: Kauno apskr. regione: Vilniaus m. sav. Anyk\u0161\u010di\u0173 r. sav. Kauno m. sav. Vilniaus r. sav. Utenos r. sav. Jonavos r. sav. Trak\u0173 r. sav. Ignalinos r. sav. Prien\u0173 r. sav. Elektr\u0117n\u0173 sav. Mol\u0117t\u0173 r. sav.&hellip;","_links":{"self":[{"href":"https:\/\/nibd.lt\/en\/wp-json\/wp\/v2\/pages\/5847","targetHints":{"allow":["GET"]}}],"collection":[{"href":"https:\/\/nibd.lt\/en\/wp-json\/wp\/v2\/pages"}],"about":[{"href":"https:\/\/nibd.lt\/en\/wp-json\/wp\/v2\/types\/page"}],"author":[{"embeddable":true,"href":"https:\/\/nibd.lt\/en\/wp-json\/wp\/v2\/users\/1"}],"replies":[{"embeddable":true,"href":"https:\/\/nibd.lt\/en\/wp-json\/wp\/v2\/comments?post=5847"}],"version-history":[{"count":6,"href":"https:\/\/nibd.lt\/en\/wp-json\/wp\/v2\/pages\/5847\/revisions"}],"predecessor-version":[{"id":5861,"href":"https:\/\/nibd.lt\/en\/wp-json\/wp\/v2\/pages\/5847\/revisions\/5861"}],"wp:attachment":[{"href":"https:\/\/nibd.lt\/en\/wp-json\/wp\/v2\/media?parent=5847"}],"curies":[{"name":"wp","href":"https:\/\/api.w.org\/{rel}","templated":true}]}}