{"id":56,"date":"2017-03-03T21:30:12","date_gmt":"2017-03-03T21:30:12","guid":{"rendered":"https:\/\/nibdblog.wordpress.com\/parama\/"},"modified":"2025-04-26T02:38:06","modified_gmt":"2025-04-25T23:38:06","slug":"parama","status":"publish","type":"page","link":"https:\/\/nibd.lt\/en\/parama\/","title":{"rendered":"Support"},"content":{"rendered":"<figure class=\"wp-block-image size-full\"><img loading=\"lazy\" decoding=\"async\" width=\"810\" height=\"1013\" src=\"https:\/\/nibd.lt\/wp-content\/uploads\/2025\/03\/GPM_2025.png\" alt=\"\" class=\"wp-image-10381\" srcset=\"https:\/\/nibd.lt\/wp-content\/uploads\/2025\/03\/GPM_2025.png 810w, https:\/\/nibd.lt\/wp-content\/uploads\/2025\/03\/GPM_2025-240x300.png 240w, https:\/\/nibd.lt\/wp-content\/uploads\/2025\/03\/GPM_2025-768x960.png 768w, https:\/\/nibd.lt\/wp-content\/uploads\/2025\/03\/GPM_2025-10x12.png 10w\" sizes=\"auto, (max-width: 810px) 100vw, 810px\" \/><\/figure>\n\n\n\n<figure class=\"wp-block-image size-large\"><img loading=\"lazy\" decoding=\"async\" width=\"819\" height=\"1024\" src=\"https:\/\/nibd.lt\/wp-content\/uploads\/2025\/04\/1.2-819x1024.png\" alt=\"\" class=\"wp-image-10391\" srcset=\"https:\/\/nibd.lt\/wp-content\/uploads\/2025\/04\/1.2-819x1024.png 819w, https:\/\/nibd.lt\/wp-content\/uploads\/2025\/04\/1.2-240x300.png 240w, https:\/\/nibd.lt\/wp-content\/uploads\/2025\/04\/1.2-768x960.png 768w, https:\/\/nibd.lt\/wp-content\/uploads\/2025\/04\/1.2-10x12.png 10w, https:\/\/nibd.lt\/wp-content\/uploads\/2025\/04\/1.2-1024x1280.png 1024w, https:\/\/nibd.lt\/wp-content\/uploads\/2025\/04\/1.2.png 1080w\" sizes=\"auto, (max-width: 819px) 100vw, 819px\" \/><\/figure>\n\n\n\n<p class=\"has-text-align-justify has-text-align-justify\">Jeigu tikite, kad s\u0105moninga ir savaranki\u0161ka jaunoji karta yra tvarios visuomen\u0117s pagrindas, kvie\u010diame prisid\u0117ti prie V\u0161\u012e \u201eNe imti, bet duoti\u201c veiklos. J\u016bs\u0173 parama pad\u0117s organizuoti dar daugiau prasming\u0173 veikl\u0173, \u012ftraukti daugiau jaun\u0173 \u017emoni\u0173 ir kurti poky\u010dius, kurie i\u0161lieka visam gyvenimui.<\/p>\n\n\n\n<div class=\"wp-block-group alignwide is-layout-constrained wp-block-group-is-layout-constrained\">\n<p style=\"text-align: center;\">&nbsp;<\/p>\n<p style=\"text-align: center;\"><strong>Pra\u0161ymai pervesti GPM dal\u012f paramos gav\u0117jams gali b\u016bti teikiami tik elektroniniu b\u016bdu per VMI Elektroninio deklaravimo sistem\u0105 (EDS):<\/strong><\/p>\n<p style=\"text-align: justify;\">1. P<span style=\"color: var(--color-text);\">risijunkite prie<\/span><span style=\"color: var(--color-text);\">&nbsp;<\/span><a href=\"http:\/\/deklaravimas.vmi.lt\/lt\/Pradinis_Prisijungimo_puslapis\/Prisijungimasperisorinessistemas.aspx\" target=\"_blank\" rel=\"noopener noreferrer\">Elektroninio deklaravimo sistemos (EDS)<\/a><span style=\"color: var(--color-text);\">.<\/span><\/p>\n<p style=\"text-align: justify;\">2. Vir\u0161utiniame horizontaliajame EDS meniu spustelkite \u201eDeklaravimas\u201c, tada vertikaliajame meniu kair\u0117je \u2013 \u201ePildyti form\u0105\u201c, toliau pasirinkite \u201ePra\u0161ymas skirti param\u0105\u201c.<\/p>\n<p><img loading=\"lazy\" decoding=\"async\" class=\"size-full wp-image-5185 alignnone\" src=\"http:\/\/nibd.lt\/wp-content\/uploads\/2020\/11\/EDS.png\" alt=\"\" width=\"586\" height=\"374\" srcset=\"https:\/\/nibd.lt\/wp-content\/uploads\/2020\/11\/EDS.png 586w, https:\/\/nibd.lt\/wp-content\/uploads\/2020\/11\/EDS-300x191.png 300w, https:\/\/nibd.lt\/wp-content\/uploads\/2020\/11\/EDS-470x300.png 470w\" sizes=\"auto, (max-width: 586px) 100vw, 586px\" \/><\/p>\n<p style=\"text-align: justify;\">3. U\u017epildykite FR0512 form\u0105 tiesiogiai EDS portale. Puslapio apa\u010dioje pamatysite \u201eForm\u0105 elektroniniam pildymui FR0512\u201c. Pasirinkite m\u0117lyn\u0105 ikon\u0105 (gaubl\u012f): \u201ePildyti form\u0105 tiesiogiai portale\u201c.<\/p>\n<p>&nbsp;<\/p>\n<\/div>\n\n\n\n<figure class=\"wp-block-video alignwide\"><video autoplay controls preload=\"auto\" src=\"https:\/\/nibd.lt\/wp-content\/uploads\/2025\/03\/Kaip-skirti-GPM_2025.mp4\" playsinline><\/video><\/figure>","protected":false},"excerpt":{"rendered":"<p>Jeigu tikite, kad s\u0105moninga ir savaranki\u0161ka jaunoji karta yra tvarios visuomen\u0117s pagrindas, kvie\u010diame prisid\u0117ti prie V\u0161\u012e \u201eNe imti, bet duoti\u201c veiklos. J\u016bs\u0173 parama pad\u0117s organizuoti dar daugiau prasming\u0173 veikl\u0173, \u012ftraukti daugiau jaun\u0173 \u017emoni\u0173 ir kurti poky\u010dius, kurie i\u0161lieka visam gyvenimui. &nbsp; Pra\u0161ymai pervesti GPM dal\u012f paramos gav\u0117jams gali b\u016bti teikiami tik elektroniniu b\u016bdu per VMI Elektroninio deklaravimo sistem\u0105 (EDS): 1. Prisijunkite prie&nbsp;Elektroninio deklaravimo sistemos (EDS). 2. Vir\u0161utiniame horizontaliajame EDS meniu spustelkite \u201eDeklaravimas\u201c, tada vertikaliajame meniu kair\u0117je \u2013 \u201ePildyti form\u0105\u201c, toliau pasirinkite \u201ePra\u0161ymas skirti param\u0105\u201c. 3. U\u017epildykite FR0512 form\u0105 tiesiogiai EDS portale. Puslapio apa\u010dioje pamatysite \u201eForm\u0105 elektroniniam pildymui FR0512\u201c. Pasirinkite m\u0117lyn\u0105 ikon\u0105 (gaubl\u012f): \u201ePildyti form\u0105 tiesiogiai portale\u201c. &nbsp;<\/p>","protected":false},"author":1,"featured_media":0,"parent":0,"menu_order":0,"comment_status":"closed","ping_status":"closed","template":"","meta":{"_uag_custom_page_level_css":"","ngg_post_thumbnail":0,"footnotes":""},"class_list":["post-56","page","type-page","status-publish","hentry"],"uagb_featured_image_src":{"full":false,"thumbnail":false,"medium":false,"medium_large":false,"large":false,"1536x1536":false,"2048x2048":false,"trp-custom-language-flag":false,"chromenews-featured":false,"chromenews-large":false,"chromenews-medium":false},"uagb_author_info":{"display_name":"E. Lukas","author_link":"https:\/\/nibd.lt\/en\/author\/neimtigmail-com\/"},"uagb_comment_info":0,"uagb_excerpt":"Jeigu tikite, kad s\u0105moninga ir savaranki\u0161ka jaunoji karta yra tvarios visuomen\u0117s pagrindas, kvie\u010diame prisid\u0117ti prie V\u0161\u012e \u201eNe imti, bet duoti\u201c veiklos. J\u016bs\u0173 parama pad\u0117s organizuoti dar daugiau prasming\u0173 veikl\u0173, \u012ftraukti daugiau jaun\u0173 \u017emoni\u0173 ir kurti poky\u010dius, kurie i\u0161lieka visam gyvenimui. &nbsp; Pra\u0161ymai pervesti GPM dal\u012f paramos gav\u0117jams gali b\u016bti teikiami tik elektroniniu b\u016bdu per VMI&hellip;","_links":{"self":[{"href":"https:\/\/nibd.lt\/en\/wp-json\/wp\/v2\/pages\/56","targetHints":{"allow":["GET"]}}],"collection":[{"href":"https:\/\/nibd.lt\/en\/wp-json\/wp\/v2\/pages"}],"about":[{"href":"https:\/\/nibd.lt\/en\/wp-json\/wp\/v2\/types\/page"}],"author":[{"embeddable":true,"href":"https:\/\/nibd.lt\/en\/wp-json\/wp\/v2\/users\/1"}],"replies":[{"embeddable":true,"href":"https:\/\/nibd.lt\/en\/wp-json\/wp\/v2\/comments?post=56"}],"version-history":[{"count":37,"href":"https:\/\/nibd.lt\/en\/wp-json\/wp\/v2\/pages\/56\/revisions"}],"predecessor-version":[{"id":10443,"href":"https:\/\/nibd.lt\/en\/wp-json\/wp\/v2\/pages\/56\/revisions\/10443"}],"wp:attachment":[{"href":"https:\/\/nibd.lt\/en\/wp-json\/wp\/v2\/media?parent=56"}],"curies":[{"name":"wp","href":"https:\/\/api.w.org\/{rel}","templated":true}]}}