{"id":54,"date":"2017-03-03T21:30:11","date_gmt":"2017-03-03T21:30:11","guid":{"rendered":"https:\/\/nibdblog.wordpress.com\/prisijunk\/"},"modified":"2025-02-03T11:24:28","modified_gmt":"2025-02-03T08:24:28","slug":"sk-registracija","status":"publish","type":"page","link":"https:\/\/nibd.lt\/en\/sk-registracija\/","title":{"rendered":"Registracija \u012f Savanori\u0173\u2013korepetitori\u0173 program\u0105"},"content":{"rendered":"<div class=\"wp-block-group alignwide is-layout-constrained wp-block-group-is-layout-constrained\">\n<div class=\"forminator-ui forminator-custom-form forminator-custom-form-8445 forminator-design--material  forminator_ajax\" data-forminator-render=\"0\" data-form=\"forminator-module-8445\" data-uid=\"69df11a3776d4\"><br\/><\/div><form\n\t\t\t\tid=\"forminator-module-8445\"\n\t\t\t\tclass=\"forminator-ui forminator-custom-form forminator-custom-form-8445 forminator-design--material  forminator_ajax\"\n\t\t\t\tmethod=\"post\"\n\t\t\t\tdata-forminator-render=\"0\"\n\t\t\t\tdata-form-id=\"8445\"\n\t\t\t\t\n\t\t\t\tdata-design=\"material\"\n\t\t\t\t\n\t\t\t\t\n\t\t\t\t\n\t\t\t\tdata-grid=\"open\"\n\t\t\t\tenctype=\"multipart\/form-data\"\n\t\t\t\t\n\t\t\t\tstyle=\"display: none;\"\n\t\t\t\t\n\t\t\t\tdata-uid=\"69df11a3776d4\" action=\"\"\n\t\t\t><div role=\"alert\" aria-live=\"polite\" class=\"forminator-response-message forminator-error\" aria-hidden=\"true\"><\/div><div class=\"forminator-row\"><div id=\"name-1\" class=\"forminator-field-name forminator-col forminator-col-12\"><div class=\"forminator-row forminator-no-margin\" data-multiple=\"true\"><div class=\"forminator-col forminator-col-md-6\"><div class=\"forminator-field\"><label for=\"forminator-field-first-name-1_69df11a3776d4\" id=\"forminator-field-first-name-1_69df11a3776d4-label\" class=\"forminator-label\">Vardas <span class=\"forminator-required\">*<\/span><\/label><input type=\"text\" name=\"name-1-first-name\" placeholder=\"Vardas\" id=\"forminator-field-first-name-1_69df11a3776d4\" class=\"forminator-input\" aria-required=\"true\" data-multi=\"1\" value=\"\" \/><\/div><\/div><div class=\"forminator-col forminator-col-md-6\"><div class=\"forminator-field\"><label for=\"forminator-field-last-name-1_69df11a3776d4\" id=\"forminator-field-last-name-1_69df11a3776d4-label\" class=\"forminator-label\">Pavard\u0117 <span class=\"forminator-required\">*<\/span><\/label><input type=\"text\" name=\"name-1-last-name\" placeholder=\"Pavard\u0117\" id=\"forminator-field-last-name-1_69df11a3776d4\" class=\"forminator-input\" aria-required=\"true\" data-multi=\"1\" value=\"\" \/><\/div><\/div><\/div><\/div><\/div><div class=\"forminator-row\"><div id=\"phone-1\" class=\"forminator-field-phone forminator-col forminator-col-12\"><div class=\"forminator-field\"><label for=\"forminator-field-phone-1_69df11a3776d4\" id=\"forminator-field-phone-1_69df11a3776d4-label\" class=\"forminator-label\">Telefono numeris <span class=\"forminator-required\">*<\/span><\/label><input type=\"text\" name=\"phone-1\" value=\"\" placeholder=\"+370\" id=\"forminator-field-phone-1_69df11a3776d4\" class=\"forminator-input forminator-field--phone\" data-required=\"1\" aria-required=\"true\" autocomplete=\"off\" data-national_mode=\"enabled\" data-country=\"lt\" data-validation=\"standard\" \/><\/div><\/div><\/div><div class=\"forminator-row\"><div id=\"email-1\" class=\"forminator-field-email forminator-col forminator-col-12\"><div class=\"forminator-field\"><label for=\"forminator-field-email-1_69df11a3776d4\" id=\"forminator-field-email-1_69df11a3776d4-label\" class=\"forminator-label\">El. pa\u0161to adresas <span class=\"forminator-required\">*<\/span><\/label><input type=\"email\" name=\"email-1\" value=\"\" placeholder=\"El. pa\u0161to adresas\" id=\"forminator-field-email-1_69df11a3776d4\" class=\"forminator-input forminator-email--field\" data-required=\"1\" aria-required=\"true\" \/><\/div><\/div><\/div><div class=\"forminator-row\"><div id=\"date-1\" class=\"forminator-field-date forminator-col forminator-col-12\"><div class=\"forminator-field\"><label for=\"forminator-field-date-1-picker_69df11a3776d4\" id=\"forminator-field-date-1-picker_69df11a3776d4-label\" class=\"forminator-label\">Gimimo data <span class=\"forminator-required\">*<\/span><\/label><div class=\"forminator-input-with-icon\"><span class=\"forminator-icon-calendar\" aria-hidden=\"true\"><\/span><input autocomplete=\"off\" type=\"text\" size=\"1\" name=\"date-1\" value=\"\" placeholder=\"Gimimo data\" id=\"forminator-field-date-1-picker_69df11a3776d4\" class=\"forminator-input forminator-datepicker\" data-required=\"1\" data-format=\"yy\/mm\/dd\" data-restrict-type=\"\" data-restrict=\"\" data-start-year=\"1926\" data-end-year=\"2126\" data-past-dates=\"enable\" data-start-of-week=\"1\" data-start-date=\"\" data-end-date=\"\" data-start-field=\"\" data-end-field=\"\" data-start-offset=\"\" data-end-offset=\"\" data-disable-date=\"\" data-disable-range=\"\" \/><\/div><\/div><\/div><\/div><div class=\"forminator-row\"><div id=\"address-1\" class=\"forminator-field-address forminator-col forminator-col-12\"><div class=\"forminator-row\"><div id=\"address-1-street_address\" class=\"forminator-col\"><div class=\"forminator-field\"><label for=\"forminator-field-address-1-street_address_69df11a3776d4\" id=\"forminator-field-address-1-street_address_69df11a3776d4-label\" class=\"forminator-label\">Gyvenamos vietos adresas <span class=\"forminator-required\">*<\/span><\/label><input type=\"text\" name=\"address-1-street_address\" placeholder=\"\" id=\"forminator-field-address-1-street_address_69df11a3776d4\" class=\"forminator-input\" data-required=\"1\" aria-required=\"true\" value=\"\" \/><\/div><\/div><\/div><\/div><\/div><div class=\"forminator-row\"><div id=\"radio-1\" class=\"forminator-field-radio forminator-col forminator-col-12\"><div role=\"radiogroup\" class=\"forminator-field\" aria-labelledby=\"forminator-radiogroup-radio-1-69df11a3776d4-label\"><span id=\"forminator-radiogroup-radio-1-69df11a3776d4-label\" class=\"forminator-label\">Savivaldyb\u0117, kurioje norite savanoriauti <span class=\"forminator-required\">*<\/span><\/span><label id=\"forminator-field-radio-1-label-1\" for=\"forminator-field-radio-1-1-69df11a3776d4\" class=\"forminator-radio forminator-radio-inline\" title=\"Vilniaus m.\"><input type=\"radio\" name=\"radio-1\" value=\"one\" id=\"forminator-field-radio-1-1-69df11a3776d4\" aria-labelledby=\"forminator-field-radio-1-label-1\" data-calculation=\"0\"   data-hidden-behavior=\"zero\"\/><span class=\"forminator-radio-bullet\" aria-hidden=\"true\"><\/span><span class=\"forminator-radio-label\">Vilniaus m.<\/span><\/label><label id=\"forminator-field-radio-1-label-2\" for=\"forminator-field-radio-1-2-69df11a3776d4\" class=\"forminator-radio forminator-radio-inline\" title=\"Vilniaus r.\"><input type=\"radio\" name=\"radio-1\" value=\"two\" id=\"forminator-field-radio-1-2-69df11a3776d4\" aria-labelledby=\"forminator-field-radio-1-label-2\" data-calculation=\"0\"   data-hidden-behavior=\"zero\"\/><span class=\"forminator-radio-bullet\" aria-hidden=\"true\"><\/span><span class=\"forminator-radio-label\">Vilniaus r.<\/span><\/label><\/div><\/div><\/div><div class=\"forminator-row\"><div id=\"checkbox-1\" class=\"forminator-field-checkbox forminator-col forminator-col-12\"><div role=\"group\" class=\"forminator-field required\" aria-labelledby=\"forminator-checkbox-group-forminator-field-checkbox-1-69df11a3776d4-label\"><span id=\"forminator-checkbox-group-forminator-field-checkbox-1-69df11a3776d4-label\" class=\"forminator-label\">Pagrindin\u0117 veikla(os) <span class=\"forminator-required\">*<\/span><\/span><label id=\"forminator-field-checkbox-1-1-69df11a3776d4-label\" for=\"forminator-field-checkbox-1-1-69df11a3776d4\" class=\"forminator-checkbox\" title=\"Dirbu\"><input type=\"checkbox\" name=\"checkbox-1[]\" value=\"one\" id=\"forminator-field-checkbox-1-1-69df11a3776d4\" aria-labelledby=\"forminator-field-checkbox-1-1-69df11a3776d4-label\" data-calculation=\"0\"   data-hidden-behavior=\"zero\"\/><span class=\"forminator-checkbox-box\" aria-hidden=\"true\"><\/span><span class=\"forminator-checkbox-label\">Dirbu<\/span><\/label><label id=\"forminator-field-checkbox-1-2-69df11a3776d4-label\" for=\"forminator-field-checkbox-1-2-69df11a3776d4\" class=\"forminator-checkbox\" title=\"Studijuoju\"><input type=\"checkbox\" name=\"checkbox-1[]\" value=\"two\" id=\"forminator-field-checkbox-1-2-69df11a3776d4\" aria-labelledby=\"forminator-field-checkbox-1-2-69df11a3776d4-label\" data-calculation=\"0\"   data-hidden-behavior=\"zero\"\/><span class=\"forminator-checkbox-box\" aria-hidden=\"true\"><\/span><span class=\"forminator-checkbox-label\">Studijuoju<\/span><\/label><label id=\"forminator-field-checkbox-1-3-69df11a3776d4-label\" for=\"forminator-field-checkbox-1-3-69df11a3776d4\" class=\"forminator-checkbox\" title=\"Mokausi vidurin\u0117je mokykloje\"><input type=\"checkbox\" name=\"checkbox-1[]\" value=\"Mokausi-vidurin\u0117je-mokykloje\" id=\"forminator-field-checkbox-1-3-69df11a3776d4\" aria-labelledby=\"forminator-field-checkbox-1-3-69df11a3776d4-label\" data-calculation=\"0\"   data-hidden-behavior=\"zero\"\/><span class=\"forminator-checkbox-box\" aria-hidden=\"true\"><\/span><span class=\"forminator-checkbox-label\">Mokausi vidurin\u0117je mokykloje<\/span><\/label><label id=\"forminator-field-checkbox-1-4-69df11a3776d4-label\" for=\"forminator-field-checkbox-1-4-69df11a3776d4\" class=\"forminator-checkbox\" title=\"Nedirbu \/ nestudijuoju \/ nesimokau\"><input type=\"checkbox\" name=\"checkbox-1[]\" value=\"Nedirbu---nestudijuoju---nesimokau\" id=\"forminator-field-checkbox-1-4-69df11a3776d4\" aria-labelledby=\"forminator-field-checkbox-1-4-69df11a3776d4-label\" data-calculation=\"0\"   data-hidden-behavior=\"zero\"\/><span class=\"forminator-checkbox-box\" aria-hidden=\"true\"><\/span><span class=\"forminator-checkbox-label\">Nedirbu \/ nestudijuoju \/ nesimokau<\/span><\/label><\/div><\/div><\/div><div class=\"forminator-row\"><div id=\"checkbox-2\" class=\"forminator-field-checkbox forminator-col forminator-col-12\"><div role=\"group\" class=\"forminator-field required\" aria-labelledby=\"forminator-checkbox-group-forminator-field-checkbox-2-69df11a3776d4-label\"><span id=\"forminator-checkbox-group-forminator-field-checkbox-2-69df11a3776d4-label\" class=\"forminator-label\">Jums priimtiniausia moksl\u0173 sritis(-ys) <span class=\"forminator-required\">*<\/span><\/span><label id=\"forminator-field-checkbox-2-1-69df11a3776d4-label\" for=\"forminator-field-checkbox-2-1-69df11a3776d4\" class=\"forminator-checkbox\" title=\"Matematika, chemija, fizika\"><input type=\"checkbox\" name=\"checkbox-2[]\" value=\"one\" id=\"forminator-field-checkbox-2-1-69df11a3776d4\" aria-labelledby=\"forminator-field-checkbox-2-1-69df11a3776d4-label\" data-calculation=\"0\"   data-hidden-behavior=\"zero\"\/><span class=\"forminator-checkbox-box\" aria-hidden=\"true\"><\/span><span class=\"forminator-checkbox-label\">Matematika, chemija, fizika<\/span><\/label><label id=\"forminator-field-checkbox-2-2-69df11a3776d4-label\" for=\"forminator-field-checkbox-2-2-69df11a3776d4\" class=\"forminator-checkbox\" title=\"Istorija, biologija, geografija\"><input type=\"checkbox\" name=\"checkbox-2[]\" value=\"two\" id=\"forminator-field-checkbox-2-2-69df11a3776d4\" aria-labelledby=\"forminator-field-checkbox-2-2-69df11a3776d4-label\" data-calculation=\"0\"   data-hidden-behavior=\"zero\"\/><span class=\"forminator-checkbox-box\" aria-hidden=\"true\"><\/span><span class=\"forminator-checkbox-label\">Istorija, biologija, geografija<\/span><\/label><label id=\"forminator-field-checkbox-2-3-69df11a3776d4-label\" for=\"forminator-field-checkbox-2-3-69df11a3776d4\" class=\"forminator-checkbox\" title=\"Lietuvi\u0173 k., angl\u0173 k., rus\u0173 k.\"><input type=\"checkbox\" name=\"checkbox-2[]\" value=\"Lietuvi\u0173-k.,-angl\u0173-k.,-rus\u0173-k.\" id=\"forminator-field-checkbox-2-3-69df11a3776d4\" aria-labelledby=\"forminator-field-checkbox-2-3-69df11a3776d4-label\" data-calculation=\"0\"   data-hidden-behavior=\"zero\"\/><span class=\"forminator-checkbox-box\" aria-hidden=\"true\"><\/span><span class=\"forminator-checkbox-label\">Lietuvi\u0173 k., angl\u0173 k., rus\u0173 k.<\/span><\/label><\/div><\/div><\/div><div class=\"forminator-row\"><div id=\"textarea-2\" class=\"forminator-field-textarea forminator-col forminator-col-12\"><div class=\"forminator-field\"><label for=\"forminator-field-textarea-2_69df11a3776d4\" id=\"forminator-field-textarea-2_69df11a3776d4-label\" class=\"forminator-label\">J\u016bs\u0173 patirtis ir geb\u0117jimai darbo su vaikais srityje <span class=\"forminator-required\">*<\/span><\/label><textarea name=\"textarea-2\" placeholder=\"\" id=\"forminator-field-textarea-2_69df11a3776d4\" class=\"forminator-textarea\" rows=\"6\" style=\"min-height:140px;\" ><\/textarea><\/div><\/div><\/div><div class=\"forminator-row\"><div id=\"textarea-3\" class=\"forminator-field-textarea forminator-col forminator-col-12\"><div class=\"forminator-field\"><label for=\"forminator-field-textarea-3_69df11a3776d4\" id=\"forminator-field-textarea-3_69df11a3776d4-label\" class=\"forminator-label\">J\u016bs\u0173 motyvacija dalyvauti programoje <span class=\"forminator-required\">*<\/span><\/label><textarea name=\"textarea-3\" placeholder=\"\" id=\"forminator-field-textarea-3_69df11a3776d4\" class=\"forminator-textarea\" rows=\"6\" style=\"min-height:140px;\" ><\/textarea><\/div><\/div><\/div><div class=\"forminator-row\"><div id=\"textarea-1\" class=\"forminator-field-textarea forminator-col forminator-col-12\"><div class=\"forminator-field\"><label for=\"forminator-field-textarea-1_69df11a3776d4\" id=\"forminator-field-textarea-1_69df11a3776d4-label\" class=\"forminator-label\">Kur su\u017einojote apie \u0161i\u0105 savanoryst\u0117s program\u0105? <span class=\"forminator-required\">*<\/span><\/label><textarea name=\"textarea-1\" placeholder=\"\" id=\"forminator-field-textarea-1_69df11a3776d4\" class=\"forminator-textarea\" rows=\"6\" style=\"min-height:140px;\" ><\/textarea><\/div><\/div><\/div><div class=\"forminator-row\"><div id=\"consent-1\" class=\"forminator-field-consent forminator-col forminator-col-12\"><div class=\"forminator-field\"><label for=\"forminator-field-consent-1_69df11a3776d4\" id=\"forminator-field-consent-1_69df11a3776d4-label\" class=\"forminator-label\">Deklaracija <span class=\"forminator-required\">*<\/span><\/label><div class=\"forminator-checkbox__wrapper\"><label id=\"forminator-field-consent-1_69df11a3776d4__label\" class=\"forminator-checkbox forminator-consent\" aria-labelledby=\"forminator-field-consent-1_69df11a3776d4-label\" aria-hidden=\"true\"><input type=\"checkbox\" name=\"consent-1\" id=\"forminator-field-consent-1_69df11a3776d4\" value=\"checked\" aria-labelledby=\"forminator-field-consent-1_69df11a3776d4-label\" aria-describedby=\"forminator-field-consent-1_69df11a3776d4__description\" data-required=\"true\" aria-required=\"true\" \/><span class=\"forminator-checkbox-box\" aria-hidden=\"true\"><\/span><\/label><div id=\"forminator-field-consent-1_69df11a3776d4__description\" class=\"forminator-checkbox__label forminator-consent__label\"><p><label for=\"wpforms-3870-field_20_1\" class=\"wpforms-field-label-inline\">Patvirtinu, kad visa \u0161ioje formoje pateikta informacija yra tiksli ir teisinga.<\/label><\/p>\n<p><label for=\"wpforms-3870-field_20_1\" class=\"wpforms-field-label-inline\">Suprantu, kad d\u0117l neteisingos informacijos pateikimo \u0161ioje formoje, gresia \u0161alinimas i\u0161 Savanori\u0173\u2013korepetitori\u0173 programos.<\/label><\/p>\n<p><label for=\"wpforms-3870-field_20_1\" class=\"wpforms-field-label-inline\">Sutinku, kad V\u0161\u012e \u201eNe imti, bet duoti\u201c atlikt\u0173 visus reikiamus patikrinimus, susijusius su tinkamu ir saugiu mano dalyvavimu savanori\u0161koje veikloje.<\/label><\/p>\n<p>\u012esipareigoju dalyvauti \u012fvadiniuose Savanori\u0173\u2013korepetitori\u0173 programos mokymuose.<\/p><\/div><\/div><\/div><\/div><\/div><div class=\"forminator-row\"><div id=\"consent-2\" class=\"forminator-field-consent forminator-col forminator-col-12\"><div class=\"forminator-field\"><label for=\"forminator-field-consent-2_69df11a3776d4\" id=\"forminator-field-consent-2_69df11a3776d4-label\" class=\"forminator-label\">Deklaracija <span class=\"forminator-required\">*<\/span><\/label><div class=\"forminator-checkbox__wrapper\"><label id=\"forminator-field-consent-2_69df11a3776d4__label\" class=\"forminator-checkbox forminator-consent\" aria-labelledby=\"forminator-field-consent-2_69df11a3776d4-label\" aria-hidden=\"true\"><input type=\"checkbox\" name=\"consent-2\" id=\"forminator-field-consent-2_69df11a3776d4\" value=\"checked\" aria-labelledby=\"forminator-field-consent-2_69df11a3776d4-label\" aria-describedby=\"forminator-field-consent-2_69df11a3776d4__description\" data-required=\"true\" aria-required=\"true\" \/><span class=\"forminator-checkbox-box\" aria-hidden=\"true\"><\/span><\/label><div id=\"forminator-field-consent-2_69df11a3776d4__description\" class=\"forminator-checkbox__label forminator-consent__label\"><p>Suprantu, kad vadovaujantis Lietuvos Respublikos&nbsp;<a href=\"https:\/\/e-seimas.lrs.lt\/portal\/legalAct\/lt\/TAD\/TAIS.26397\/asr\">vaiko teisi\u0173 apsaugos pagrind\u0173 \u012fstatymu<\/a>, asmenys, u\u017esiimantys savanori\u0161ka veikla, kuri tiesioginiais ir reguliariais kontaktais susijusi su vaikais, turi gauti&nbsp;<a href=\"https:\/\/ird.lt\/lt\/paslaugos\/tvarkomu-valdomu-registru-ir-informaciniu-sistemu-paslaugos\/itariamuju-kaltinamuju-ir-nuteistuju-registro-iknr-paslaugos\/teiseto-darbo-su-vaikais-kodo-qr-kodo-uzsakymas-gyventojams\">teis\u0117to darbo su vaikais kod\u0105<\/a>,&nbsp; u\u017etikrinant\u012f, kad asmeniui netaikomi \u012fstatyme nustatyti darbo su vaikais apribojimai.<\/p>\n<p>U\u017e kodo u\u017esakym\u0105 nepilname\u010diams asmenims yra atsakingi t\u0117vai (glob\u0117jai), kurie prisijung\u0119 prie sistemos el. b\u016bdu kod\u0105 u\u017esako&nbsp; atstovaujamam asmeniui \u2013 savo vaikui (globotiniui).<\/p><\/div><\/div><\/div><\/div><\/div><div class=\"forminator-row\"><div id=\"upload-1\" class=\"forminator-field-upload forminator-col forminator-col-12\"><div class=\"forminator-field\"><label for=\"forminator-field-upload-1_69df11a3776d4\" id=\"forminator-field-upload-1_69df11a3776d4-label\" class=\"forminator-label\">\u012ekelkite teis\u0117to darbo su vaikais kod\u0105 arba pateikite j\u012f pasira\u0161ydami savanoryst\u0117s sutart\u012f<\/label><div class=\"forminator-file-upload\" data-element=\"upload-1_69df11a3776d4\"><input type=\"file\" name=\"upload-1\" id=\"forminator-field-upload-1_69df11a3776d4\" class=\"forminator-input-file\" accept=\".avif,.pdf\"><button id=\"forminator-field-upload-1_69df11a3776d4_button\" class=\"forminator-button forminator-button-upload\" data-id=\"forminator-field-upload-1_69df11a3776d4\">Choose File<\/button><span data-empty-text=\"No file chosen\">No file chosen<\/span><button class=\"forminator-button-delete\" style=\"display: none;\"><i class=\"forminator-icon-close\" aria-hidden=\"true\"><\/i><span class=\"forminator-screen-reader-only\">Delete uploaded file<\/span><\/button><\/div><\/div><\/div><\/div><div class=\"forminator-row\"><div id=\"captcha-1\" class=\"forminator-field-captcha forminator-col forminator-col-12\"><div class=\"forminator-captcha-left forminator-g-recaptcha recaptcha-invisible\" data-theme=\"light\" data-badge=\"bottomright\" data-sitekey=\"6LecR_okAAAAABiiUtsByyvmDXhtoNvH3l1-Oj1F\" data-size=\"invisible\"><\/div> <\/div><\/div><input type=\"hidden\" name=\"referer_url\" value=\"\" \/><div class=\"forminator-row forminator-row-last\"><div class=\"forminator-col\"><div class=\"forminator-field\"><button class=\"forminator-button forminator-button-submit\"><span>Pateikti<\/span><span aria-hidden=\"true\"><\/span><\/button><\/div><\/div><\/div><input type=\"hidden\" id=\"forminator_nonce\" name=\"forminator_nonce\" value=\"24068a1877\" \/><input type=\"hidden\" name=\"_wp_http_referer\" value=\"\/en\/wp-json\/wp\/v2\/pages\/54\" \/><input type=\"hidden\" name=\"form_id\" value=\"8445\"><input type=\"hidden\" name=\"page_id\" value=\"54\"><input type=\"hidden\" name=\"form_type\" value=\"default\"><input type=\"hidden\" name=\"current_url\" value=\"https:\/\/nibd.lt\/en\/sk-registracija\/\"><input type=\"hidden\" name=\"render_id\" value=\"0\"><input type=\"hidden\" name=\"action\" value=\"forminator_submit_form_custom-forms\"><input type=\"hidden\" name=\"trp-form-language\" value=\"en\"\/><\/form>\n<\/div>\n\n\n\n<p>&nbsp;<\/p>","protected":false},"excerpt":{"rendered":"<p>&nbsp;<\/p>","protected":false},"author":1,"featured_media":0,"parent":0,"menu_order":0,"comment_status":"closed","ping_status":"closed","template":"","meta":{"_uag_custom_page_level_css":"","ngg_post_thumbnail":0,"footnotes":""},"class_list":["post-54","page","type-page","status-publish","hentry"],"uagb_featured_image_src":{"full":false,"thumbnail":false,"medium":false,"medium_large":false,"large":false,"1536x1536":false,"2048x2048":false,"trp-custom-language-flag":false,"chromenews-featured":false,"chromenews-large":false,"chromenews-medium":false},"uagb_author_info":{"display_name":"E. Lukas","author_link":"https:\/\/nibd.lt\/en\/author\/neimtigmail-com\/"},"uagb_comment_info":0,"uagb_excerpt":"&nbsp;","_links":{"self":[{"href":"https:\/\/nibd.lt\/en\/wp-json\/wp\/v2\/pages\/54","targetHints":{"allow":["GET"]}}],"collection":[{"href":"https:\/\/nibd.lt\/en\/wp-json\/wp\/v2\/pages"}],"about":[{"href":"https:\/\/nibd.lt\/en\/wp-json\/wp\/v2\/types\/page"}],"author":[{"embeddable":true,"href":"https:\/\/nibd.lt\/en\/wp-json\/wp\/v2\/users\/1"}],"replies":[{"embeddable":true,"href":"https:\/\/nibd.lt\/en\/wp-json\/wp\/v2\/comments?post=54"}],"version-history":[{"count":21,"href":"https:\/\/nibd.lt\/en\/wp-json\/wp\/v2\/pages\/54\/revisions"}],"predecessor-version":[{"id":9463,"href":"https:\/\/nibd.lt\/en\/wp-json\/wp\/v2\/pages\/54\/revisions\/9463"}],"wp:attachment":[{"href":"https:\/\/nibd.lt\/en\/wp-json\/wp\/v2\/media?parent=54"}],"curies":[{"name":"wp","href":"https:\/\/api.w.org\/{rel}","templated":true}]}}