{"id":4252,"date":"2020-07-06T13:10:57","date_gmt":"2020-07-06T10:10:57","guid":{"rendered":"http:\/\/nibd.lt\/?page_id=4252"},"modified":"2025-02-23T02:01:30","modified_gmt":"2025-02-22T23:01:30","slug":"2018-2","status":"publish","type":"page","link":"https:\/\/nibd.lt\/en\/2018-2\/","title":{"rendered":"2018"},"content":{"rendered":"<div class=\"wp-block-group alignfull is-layout-constrained wp-block-group-is-layout-constrained\" style=\"padding-bottom:var(--wp--preset--spacing--80)\">\n<div class=\"wp-block-columns are-vertically-aligned-center is-layout-flex wp-container-core-columns-is-layout-1 wp-block-columns-is-layout-flex\" style=\"border-radius:25px;box-shadow:var(--wp--preset--shadow--natural)\">\n<div class=\"wp-block-column is-vertically-aligned-center is-layout-flow wp-block-column-is-layout-flow\" style=\"flex-basis:25%\">\n<div class=\"wp-block-uagb-image aligncenter uagb-block-d575cab5 wp-block-uagb-image--layout-default wp-block-uagb-image--effect-static wp-block-uagb-image--align-center is-style-rounded\"><figure class=\"wp-block-uagb-image__figure\"><img decoding=\"async\" srcset=\"https:\/\/nibd.lt\/wp-content\/uploads\/2020\/07\/Vilniaus-m.-sav.-1-1024x1024.jpg ,https:\/\/nibd.lt\/wp-content\/uploads\/2020\/07\/Vilniaus-m.-sav.-1-scaled.jpg 780w, https:\/\/nibd.lt\/wp-content\/uploads\/2020\/07\/Vilniaus-m.-sav.-1-scaled.jpg 360w\" sizes=\"auto, (max-width: 480px) 150px\" src=\"https:\/\/nibd.lt\/wp-content\/uploads\/2020\/07\/Vilniaus-m.-sav.-1-1024x1024.jpg\" alt=\"\" class=\"uag-image-4282\" width=\"160\" height=\"160\" title=\"Vilnius city municipality\" loading=\"lazy\" role=\"img\"\/><\/figure><\/div>\n<\/div>\n\n\n\n<div class=\"wp-block-column is-vertically-aligned-center is-layout-constrained wp-container-core-column-is-layout-2 wp-block-column-is-layout-constrained\" style=\"flex-basis:75%\">\n<p class=\"has-text-align-center has-small-font-size\" style=\"margin-top:0;margin-bottom:0;padding-top:var(--wp--preset--spacing--40);padding-right:var(--wp--preset--spacing--50);padding-bottom:var(--wp--preset--spacing--40);padding-left:var(--wp--preset--spacing--50)\"><strong>2018.11.27 sutartis Nr. A291-1931\/18 (2.2.1.95-TD2)<\/strong><br><strong><em>Our<\/em><\/strong><\/p>\n\n\n\n<p class=\"has-text-align-left\" style=\"margin-top:0;margin-bottom:0;padding-top:0;padding-right:var(--wp--preset--spacing--30);padding-bottom:0;padding-left:var(--wp--preset--spacing--30);font-size:15px\"><strong>Vieta:<\/strong> Vilnius city municipality<\/p>\n\n\n\n<p class=\"has-text-align-left\" style=\"margin-top:0;margin-bottom:0;padding-top:0;padding-right:var(--wp--preset--spacing--30);padding-bottom:0;padding-left:var(--wp--preset--spacing--30);font-size:15px\"><strong>Laikotarpis:<\/strong> 2018 m.<\/p>\n\n\n\n<p class=\"has-text-align-left\" style=\"margin-top:0;margin-bottom:0;padding-top:0;padding-right:var(--wp--preset--spacing--30);padding-bottom:0;padding-left:var(--wp--preset--spacing--30);font-size:15px\"><strong><strong>Finansavimo \u0161altinis<\/strong>:<\/strong> Vilniaus m. sav. administracija<\/p>\n\n\n\n<p class=\"has-text-align-left\" style=\"margin-top:0;margin-bottom:0;padding-top:0;padding-right:var(--wp--preset--spacing--30);padding-bottom:0;padding-left:var(--wp--preset--spacing--30);font-size:15px\"><strong><strong><strong>Skirtas finansavimas:<\/strong><\/strong><\/strong> 1500 \u20ac<\/p>\n\n\n\n<details class=\"wp-block-details is-layout-flow wp-container-core-details-is-layout-1 wp-block-details-is-layout-flow\" style=\"margin-top:0;margin-bottom:0;padding-top:var(--wp--preset--spacing--30);padding-right:var(--wp--preset--spacing--30);padding-bottom:0;padding-left:var(--wp--preset--spacing--30);font-size:15px\"><summary><strong>Tikslas<\/strong>\u25bc<\/summary>\n<p class=\"wp-container-content-1\" style=\"margin-top:0;margin-bottom:0;padding-top:0;padding-bottom:var(--wp--preset--spacing--20);font-size:15px;font-style:normal;font-weight:400;line-height:1.5\">Gerinti vaik\u0173 globos nam\u0173 aukl\u0117tini\u0173 mokslo, i\u0161silavinimo, profesijos \u012fgijimo svarbos suvokim\u0105, didinti u\u017eimtum\u0105, socialin\u0117s integracijos perspektyvas, pilietin\u012f aktyvum\u0105, ugdyti socialinius \u012fg\u016bd\u017eius ir kartu susidraugauti su vaik\u0173 globos nam\u0173 aukl\u0117tiniais.<\/p>\n<\/details>\n\n\n\n<details class=\"wp-block-details is-layout-flow wp-block-details-is-layout-flow\" style=\"margin-top:0;margin-bottom:0;padding-top:0;padding-right:var(--wp--preset--spacing--30);padding-bottom:var(--wp--preset--spacing--50);padding-left:var(--wp--preset--spacing--30);font-size:15px\"><summary><strong>Pasiekti rezultatai<\/strong>\u25bc<\/summary>\n<ul style=\"margin-top:0;margin-right:0;margin-bottom:0;margin-left:0;padding-top:0;padding-right:var(--wp--preset--spacing--40);padding-bottom:0;padding-left:var(--wp--preset--spacing--40);font-size:15px\" class=\"wp-block-list\">\n<li style=\"margin-top:0;margin-right:0;margin-bottom:0;margin-left:0;padding-top:0;padding-right:0;padding-bottom:var(--wp--preset--spacing--20);padding-left:0;line-height:1.5\">\u012e projekt\u0105 \u012ftraukt\u0173 jaunuoli\u0173, netekusi\u0173 t\u0117v\u0173 globos, skai\u010dius: 80<\/li>\n\n\n\n<li style=\"margin-top:0;margin-right:0;margin-bottom:0;margin-left:0;padding-top:0;padding-right:0;padding-bottom:var(--wp--preset--spacing--20);padding-left:0;line-height:1.5\">\u012e projekt\u0105 \u012ftraukt\u0173 savanori\u0173 skai\u010dius: 60<\/li>\n\n\n\n<li style=\"margin-top:0;margin-right:0;margin-bottom:0;margin-left:0;padding-top:0;padding-right:0;padding-bottom:var(--wp--preset--spacing--20);padding-left:0;line-height:1.5\">\u012e projekt\u0105 \u012ftraukt\u0173 partneri\u0173 skai\u010dius: 8<\/li>\n\n\n\n<li style=\"margin-top:0;margin-right:0;margin-bottom:0;margin-left:0;padding-top:0;padding-right:0;padding-bottom:var(--wp--preset--spacing--20);padding-left:0;line-height:1.5\">Ugdymo(si) veikl\u0173 savanoriams skai\u010dius: 5<\/li>\n\n\n\n<li style=\"margin-top:0;margin-right:0;margin-bottom:0;margin-left:0;padding-top:0;padding-right:0;padding-bottom:var(--wp--preset--spacing--20);padding-left:0;line-height:1.5\">Ugdymo(si) u\u017esi\u0117mim\u0173 jaunuoliams, netekusiems t\u0117v\u0173 globos, skai\u010dius: 480<\/li>\n\n\n\n<li style=\"margin-top:0;margin-right:0;margin-bottom:0;margin-left:0;padding-top:0;padding-right:0;padding-bottom:var(--wp--preset--spacing--20);padding-left:0;line-height:1.5\">Savanori\u0173 savanori\u0161kai veiklai skirt\u0173 valand\u0173 skai\u010dius: 960<\/li>\n<\/ul>\n<\/details>\n<\/div>\n<\/div>\n\n\n\n<div class=\"wp-block-columns are-vertically-aligned-center is-layout-flex wp-container-core-columns-is-layout-2 wp-block-columns-is-layout-flex\" style=\"border-radius:26px;box-shadow:var(--wp--preset--shadow--natural)\">\n<div class=\"wp-block-column is-vertically-aligned-center is-layout-flow wp-block-column-is-layout-flow\" style=\"flex-basis:25%\">\n<div class=\"wp-block-uagb-image aligncenter uagb-block-7db1c290 wp-block-uagb-image--layout-default wp-block-uagb-image--effect-static wp-block-uagb-image--align-center is-style-rounded\"><figure class=\"wp-block-uagb-image__figure\"><img decoding=\"async\" srcset=\"https:\/\/nibd.lt\/wp-content\/uploads\/2017\/11\/aukok2.jpg ,https:\/\/nibd.lt\/wp-content\/uploads\/2017\/11\/aukok2.jpg 780w, https:\/\/nibd.lt\/wp-content\/uploads\/2017\/11\/aukok2.jpg 360w\" sizes=\"auto, (max-width: 480px) 150px\" src=\"https:\/\/nibd.lt\/wp-content\/uploads\/2017\/11\/aukok2.jpg\" alt=\"\" class=\"uag-image-1694\" width=\"160\" height=\"160\" title=\"Aukok\" loading=\"lazy\" role=\"img\"\/><\/figure><\/div>\n<\/div>\n\n\n\n<div class=\"wp-block-column is-vertically-aligned-center is-layout-constrained wp-container-core-column-is-layout-4 wp-block-column-is-layout-constrained\" style=\"flex-basis:75%\">\n<p class=\"has-text-align-center has-small-font-size\" style=\"margin-top:0;margin-bottom:0;padding-top:var(--wp--preset--spacing--40);padding-right:var(--wp--preset--spacing--50);padding-bottom:var(--wp--preset--spacing--40);padding-left:var(--wp--preset--spacing--50)\"><strong>2018.10.11<\/strong> <strong>sutartis Nr. GVP\/PTS\/1364<br><em>Our<\/em><\/strong><\/p>\n\n\n\n<p class=\"has-text-align-left\" style=\"margin-top:0;margin-bottom:0;padding-top:0;padding-right:var(--wp--preset--spacing--30);padding-bottom:0;padding-left:var(--wp--preset--spacing--30);font-size:15px\"><strong>Vieta:<\/strong> Vilniaus m. sav., Kauno m. sav., Panev\u0117\u017eio m. sav.<\/p>\n\n\n\n<p class=\"has-text-align-left\" style=\"margin-top:0;margin-bottom:0;padding-top:0;padding-right:var(--wp--preset--spacing--30);padding-bottom:0;padding-left:var(--wp--preset--spacing--30);font-size:15px\"><strong>Laikotarpis:<\/strong> 2018 \u2013 2020 m.<\/p>\n\n\n\n<p class=\"has-text-align-left\" style=\"margin-top:0;margin-bottom:0;padding-top:0;padding-right:var(--wp--preset--spacing--30);padding-bottom:0;padding-left:var(--wp--preset--spacing--30);font-size:15px\"><strong><strong>Finansavimo \u0161altinis<\/strong>:<\/strong> V\u0161\u012e Geros valios projektai<\/p>\n\n\n\n<p class=\"has-text-align-left\" style=\"margin-top:0;margin-bottom:0;padding-top:0;padding-right:var(--wp--preset--spacing--30);padding-bottom:0;padding-left:var(--wp--preset--spacing--30);font-size:15px\"><strong><strong><strong>Skirtas finansavimas:<\/strong><\/strong><\/strong> 2145,96 \u20ac<\/p>\n\n\n\n<details class=\"wp-block-details is-layout-flow wp-container-core-details-is-layout-3 wp-block-details-is-layout-flow\" style=\"margin-top:0;margin-bottom:0;padding-top:var(--wp--preset--spacing--30);padding-right:var(--wp--preset--spacing--30);padding-bottom:0;padding-left:var(--wp--preset--spacing--30);font-size:15px\"><summary><strong>Tikslas<\/strong>\u25bc<\/summary>\n<p class=\"wp-container-content-2\" style=\"margin-top:0;margin-bottom:0;padding-top:0;padding-bottom:var(--wp--preset--spacing--20);font-size:15px;font-style:normal;font-weight:400\">Gerinti vaik\u0173 globos nam\u0173 aukl\u0117tini\u0173 mokslo, i\u0161silavinimo, profesijos \u012fgijimo svarbos suvokim\u0105, didinti socialin\u0117s integracijos perspektyvas, pilietin\u012f aktyvum\u0105, ugdyti socialinius \u012fg\u016bd\u017eius ir kartu susidraugauti su vaik\u0173 globos nam\u0173 aukl\u0117tiniais.<\/p>\n<\/details>\n\n\n\n<details class=\"wp-block-details is-layout-flow wp-block-details-is-layout-flow\" style=\"margin-top:0;margin-bottom:0;padding-top:0;padding-right:var(--wp--preset--spacing--30);padding-bottom:var(--wp--preset--spacing--50);padding-left:var(--wp--preset--spacing--30);font-size:15px\"><summary><strong>Pasiekti rezultatai<\/strong>\u25bc<\/summary>\n<ul style=\"margin-top:0;margin-right:0;margin-bottom:0;margin-left:0;padding-top:0;padding-right:var(--wp--preset--spacing--40);padding-bottom:0;padding-left:var(--wp--preset--spacing--40);font-size:15px\" class=\"wp-block-list\">\n<li style=\"margin-top:0;margin-right:0;margin-bottom:0;margin-left:0;padding-top:0;padding-bottom:var(--wp--preset--spacing--20);line-height:1.5\">\u012e projekt\u0105 \u012ftraukt\u0173 jaunuoli\u0173, netekusi\u0173 t\u0117v\u0173 globos, skai\u010dius: 80<\/li>\n\n\n\n<li style=\"margin-top:0;margin-right:0;margin-bottom:0;margin-left:0;padding-top:0;padding-bottom:var(--wp--preset--spacing--20);line-height:1.5\">\u012e projekt\u0105 \u012ftraukt\u0173 savanori\u0173 skai\u010dius: 80<\/li>\n\n\n\n<li style=\"margin-top:0;margin-right:0;margin-bottom:0;margin-left:0;padding-top:0;padding-bottom:var(--wp--preset--spacing--20);line-height:1.5\">\u012e projekt\u0105 \u012ftraukt\u0173 partneri\u0173 skai\u010dius: 4<\/li>\n\n\n\n<li style=\"margin-top:0;margin-right:0;margin-bottom:0;margin-left:0;padding-top:0;padding-bottom:var(--wp--preset--spacing--20);line-height:1.5\">Ugdymo(si) veikl\u0173 savanoriams skai\u010dius: 9<\/li>\n\n\n\n<li style=\"margin-top:0;margin-right:0;margin-bottom:0;margin-left:0;padding-top:0;padding-bottom:var(--wp--preset--spacing--20);line-height:1.5\">Ugdymo(si) u\u017esi\u0117mim\u0173 jaunuoliams, netekusiems t\u0117v\u0173 globos, skai\u010dius: 2880<\/li>\n\n\n\n<li style=\"margin-top:0;margin-right:0;margin-bottom:0;margin-left:0;padding-top:0;padding-bottom:var(--wp--preset--spacing--20);line-height:1.5\">Savanori\u0173 savanori\u0161kai veiklai skirt\u0173 valand\u0173 skai\u010dius: 5760<\/li>\n<\/ul>\n<\/details>\n<\/div>\n<\/div>\n<\/div>\n\n\n\n<p><\/p>","protected":false},"excerpt":{"rendered":"<p>2018.11.27 sutartis Nr. A291-1931\/18 (2.2.1.95-TD2)\u201eNe imti, bet duoti\u201c Vieta: Vilniaus m. sav. Laikotarpis: 2018 m. Finansavimo \u0161altinis: Vilniaus m. sav. administracija Skirtas finansavimas: 1500 \u20ac 2018.10.11 sutartis Nr. GVP\/PTS\/1364\u201eNe imti, bet duoti\u201c Vieta: Vilniaus m. sav., Kauno m. sav., Panev\u0117\u017eio m. sav. Laikotarpis: 2018 \u2013 2020 m. Finansavimo \u0161altinis: V\u0161\u012e Geros valios projektai Skirtas finansavimas: 2145,96 \u20ac<\/p>","protected":false},"author":1,"featured_media":0,"parent":0,"menu_order":0,"comment_status":"closed","ping_status":"closed","template":"","meta":{"_uag_custom_page_level_css":"","ngg_post_thumbnail":0,"footnotes":""},"class_list":["post-4252","page","type-page","status-publish","hentry"],"uagb_featured_image_src":{"full":false,"thumbnail":false,"medium":false,"medium_large":false,"large":false,"1536x1536":false,"2048x2048":false,"trp-custom-language-flag":false,"chromenews-featured":false,"chromenews-large":false,"chromenews-medium":false},"uagb_author_info":{"display_name":"E. Lukas","author_link":"https:\/\/nibd.lt\/en\/author\/neimtigmail-com\/"},"uagb_comment_info":0,"uagb_excerpt":"2018.11.27 sutartis Nr. A291-1931\/18 (2.2.1.95-TD2)\u201eNe imti, bet duoti\u201c Vieta: Vilniaus m. sav. Laikotarpis: 2018 m. Finansavimo \u0161altinis: Vilniaus m. sav. administracija Skirtas finansavimas: 1500 \u20ac 2018.10.11 sutartis Nr. GVP\/PTS\/1364\u201eNe imti, bet duoti\u201c Vieta: Vilniaus m. sav., Kauno m. sav., Panev\u0117\u017eio m. sav. Laikotarpis: 2018 \u2013 2020 m. Finansavimo \u0161altinis: V\u0161\u012e Geros valios projektai Skirtas finansavimas:&hellip;","_links":{"self":[{"href":"https:\/\/nibd.lt\/en\/wp-json\/wp\/v2\/pages\/4252","targetHints":{"allow":["GET"]}}],"collection":[{"href":"https:\/\/nibd.lt\/en\/wp-json\/wp\/v2\/pages"}],"about":[{"href":"https:\/\/nibd.lt\/en\/wp-json\/wp\/v2\/types\/page"}],"author":[{"embeddable":true,"href":"https:\/\/nibd.lt\/en\/wp-json\/wp\/v2\/users\/1"}],"replies":[{"embeddable":true,"href":"https:\/\/nibd.lt\/en\/wp-json\/wp\/v2\/comments?post=4252"}],"version-history":[{"count":71,"href":"https:\/\/nibd.lt\/en\/wp-json\/wp\/v2\/pages\/4252\/revisions"}],"predecessor-version":[{"id":10248,"href":"https:\/\/nibd.lt\/en\/wp-json\/wp\/v2\/pages\/4252\/revisions\/10248"}],"wp:attachment":[{"href":"https:\/\/nibd.lt\/en\/wp-json\/wp\/v2\/media?parent=4252"}],"curies":[{"name":"wp","href":"https:\/\/api.w.org\/{rel}","templated":true}]}}