{"id":3677,"date":"2020-03-19T09:50:42","date_gmt":"2020-03-19T07:50:42","guid":{"rendered":"https:\/\/nibdblog.wordpress.com\/?page_id=3677"},"modified":"2026-01-02T03:13:09","modified_gmt":"2026-01-02T00:13:09","slug":"savanoryste-verslui","status":"publish","type":"page","link":"https:\/\/nibd.lt\/en\/savanoryste-verslui\/","title":{"rendered":"Volunteering for business"},"content":{"rendered":"<div class=\"wp-block-group alignwide is-layout-constrained wp-block-group-is-layout-constrained\">\n<p style=\"text-align: justify;\">Kvie\u010diame \u012fmoni\u0173 darbuotojus vienai dienai prisijungti pr<span style=\"text-align: justify; color: var(--color-text);\">ie m\u016bs\u0173<a href=\"https:\/\/www.facebook.com\/jaunimocentrasVAJE\"> jaunimo savirai\u0161kos centro \u2013 VAJE<\/a><\/span><span style=\"text-align: justify; color: var(--color-text);\"> veikl\u0173 ir \u012fgyti nauj\u0173 \u012fg\u016bd\u017ei\u0173. Trumpalaik\u0117 savanoryst\u0117 yra puiki galimyb\u0117 <\/span><span style=\"text-align: justify; color: var(--color-text);\">sustiprinti komand\u0105, pa\u017einti kolegas kitokioje nei \u012fprasta aplinkoje. Po savanoryst\u0117s bus aptariamos visos dienos veiklos, suteikiamas gr\u012f\u017etamasis ry\u0161ys, galimyb\u0117 gauti skaitmenin\u012f kompetencij\u0173 \u017eenklel\u012f <a href=\"https:\/\/www.badgecraft.eu\/lt\/projects\/9684\">Badgecraft<\/a> sistemoje.<\/span><\/p>\n<p><strong>What can be done in one day?<img loading=\"lazy\" decoding=\"async\" class=\"wp-image-5022 size-medium alignright\" src=\"http:\/\/nibd.lt\/wp-content\/uploads\/2020\/10\/\u201ePasimatuok\u201c-profesij\u0105-su-NIBD_2014-200x300.jpg\" alt=\"\" width=\"200\" height=\"300\" srcset=\"https:\/\/nibd.lt\/wp-content\/uploads\/2020\/10\/\u201ePasimatuok\u201c-profesij\u0105-su-NIBD_2014-200x300.jpg 200w, https:\/\/nibd.lt\/wp-content\/uploads\/2020\/10\/\u201ePasimatuok\u201c-profesij\u0105-su-NIBD_2014.jpg 641w\" sizes=\"auto, (max-width: 200px) 100vw, 200px\" \/><\/strong><\/p>\n<ol>\n<li><strong>1. Present your profession to young people.<\/strong> Atvykite \u012f jaunimo savirai\u0161kos centr\u0105 <span style=\"text-align: justify; color: var(--color-text);\">- filling up the<\/span> VAJE ir papasakokite apie savo profesin\u0119 veikl\u0105. U\u017esi\u0117mimai skirti jaunuoliams, kurie nor\u0117t\u0173 daugiau su\u017einoti apie perspektyvas darbo rinkoje.<\/li>\n<li style=\"text-align: justify;\" class=\" translation-block\">Invite young people to your workplace so that they can see how the work is done. We believe that experience best reaches a person through practice.<\/li>\n<li style=\"text-align: justify;\"><strong>Prisijungti prie dienos veikl\u0173.<\/strong> Trumpalaik\u0117s savanoryst\u0117s metu suteikiame galimyb\u0119 dalyvauti jaunimo savirai\u0161kos centro <span style=\"text-align: justify; color: var(--color-text);\">- filling up the<\/span> VAJE veiklose. Kada paskutin\u012f kart\u0105 \u017eaid\u0117te \u201eKvadrat\u0105\u201c, \u201eBulv\u0119\u201c ar stalo \u017eaidimus? O gal mokate gaminti pa\u010di\u0105 skaniausi\u0105 lazanij\u0105 ir nor\u0117tum\u0117te tuo pasidalinti su jaunimu? \u0160ios ir kitos veiklos lauks j\u016bs\u0173 pasirinkus vienos dienos savanoryst\u0119.<\/li>\n<\/ol>\n<p style=\"text-align: justify;\">Have your own idea for an event or activity? Contact us by e-mail <a href=\"mailto:nibd@nibd.lt\" target=\"_blank\" rel=\"noopener noreferrer\">nibd@nibd.lt<\/a>, we will meet for a cup of coffee and discuss implementation options!<\/p>\nngg_shortcode_0_placeholder\n<\/div>","protected":false},"excerpt":{"rendered":"<p>Kvie\u010diame \u012fmoni\u0173 darbuotojus vienai dienai prisijungti prie m\u016bs\u0173 jaunimo savirai\u0161kos centro \u2013 VAJE veikl\u0173 ir \u012fgyti nauj\u0173 \u012fg\u016bd\u017ei\u0173. Trumpalaik\u0117 savanoryst\u0117 yra puiki galimyb\u0117 sustiprinti komand\u0105, pa\u017einti kolegas kitokioje nei \u012fprasta aplinkoje. Po savanoryst\u0117s bus aptariamos visos dienos veiklos, suteikiamas gr\u012f\u017etamasis ry\u0161ys, galimyb\u0117 gauti skaitmenin\u012f kompetencij\u0173 \u017eenklel\u012f Badgecraft sistemoje. K\u0105 galima nuveikti per vien\u0105 dien\u0105? Pristatyti savo profesij\u0105 jaunimui. Atvykite \u012f jaunimo savirai\u0161kos centr\u0105 \u2013 VAJE ir papasakokite apie savo profesin\u0119 veikl\u0105. U\u017esi\u0117mimai skirti jaunuoliams, kurie nor\u0117t\u0173 daugiau su\u017einoti apie perspektyvas darbo rinkoje. Pakviesti jaunim\u0105 \u012f savo darboviet\u0119, kad jie gyvai gal\u0117t\u0173 pamatyti, kaip vyksta darbas. Tikime, kad patirtis \u017emog\u0173 geriausiai pasiekia per praktik\u0105. Prisijungti prie dienos veikl\u0173. Trumpalaik\u0117s savanoryst\u0117s metu suteikiame galimyb\u0119 dalyvauti jaunimo savirai\u0161kos centro \u2013 VAJE veiklose. Kada paskutin\u012f kart\u0105 \u017eaid\u0117te \u201eKvadrat\u0105\u201c, \u201eBulv\u0119\u201c ar stalo \u017eaidimus? O gal mokate gaminti pa\u010di\u0105 skaniausi\u0105 lazanij\u0105 ir nor\u0117tum\u0117te tuo pasidalinti su jaunimu? \u0160ios ir kitos veiklos lauks j\u016bs\u0173 pasirinkus vienos dienos<\/p>","protected":false},"author":1,"featured_media":0,"parent":0,"menu_order":0,"comment_status":"closed","ping_status":"closed","template":"","meta":{"_uag_custom_page_level_css":"","ngg_post_thumbnail":0,"footnotes":""},"class_list":["post-3677","page","type-page","status-publish","hentry"],"uagb_featured_image_src":{"full":false,"thumbnail":false,"medium":false,"medium_large":false,"large":false,"1536x1536":false,"2048x2048":false,"trp-custom-language-flag":false,"chromenews-featured":false,"chromenews-large":false,"chromenews-medium":false},"uagb_author_info":{"display_name":"E. Lukas","author_link":"https:\/\/nibd.lt\/en\/author\/neimtigmail-com\/"},"uagb_comment_info":0,"uagb_excerpt":"Kvie\u010diame \u012fmoni\u0173 darbuotojus vienai dienai prisijungti prie m\u016bs\u0173 jaunimo savirai\u0161kos centro \u2013 VAJE veikl\u0173 ir \u012fgyti nauj\u0173 \u012fg\u016bd\u017ei\u0173. Trumpalaik\u0117 savanoryst\u0117 yra puiki galimyb\u0117 sustiprinti komand\u0105, pa\u017einti kolegas kitokioje nei \u012fprasta aplinkoje. Po savanoryst\u0117s bus aptariamos visos dienos veiklos, suteikiamas gr\u012f\u017etamasis ry\u0161ys, galimyb\u0117 gauti skaitmenin\u012f kompetencij\u0173 \u017eenklel\u012f Badgecraft sistemoje. K\u0105 galima nuveikti per vien\u0105 dien\u0105? Pristatyti&hellip;","_links":{"self":[{"href":"https:\/\/nibd.lt\/en\/wp-json\/wp\/v2\/pages\/3677","targetHints":{"allow":["GET"]}}],"collection":[{"href":"https:\/\/nibd.lt\/en\/wp-json\/wp\/v2\/pages"}],"about":[{"href":"https:\/\/nibd.lt\/en\/wp-json\/wp\/v2\/types\/page"}],"author":[{"embeddable":true,"href":"https:\/\/nibd.lt\/en\/wp-json\/wp\/v2\/users\/1"}],"replies":[{"embeddable":true,"href":"https:\/\/nibd.lt\/en\/wp-json\/wp\/v2\/comments?post=3677"}],"version-history":[{"count":23,"href":"https:\/\/nibd.lt\/en\/wp-json\/wp\/v2\/pages\/3677\/revisions"}],"predecessor-version":[{"id":11411,"href":"https:\/\/nibd.lt\/en\/wp-json\/wp\/v2\/pages\/3677\/revisions\/11411"}],"wp:attachment":[{"href":"https:\/\/nibd.lt\/en\/wp-json\/wp\/v2\/media?parent=3677"}],"curies":[{"name":"wp","href":"https:\/\/api.w.org\/{rel}","templated":true}]}}