{"id":3501,"date":"2019-11-27T11:26:51","date_gmt":"2019-11-27T09:26:51","guid":{"rendered":"https:\/\/nibdblog.wordpress.com\/?page_id=3501"},"modified":"2020-04-27T18:56:33","modified_gmt":"2020-04-27T18:56:33","slug":"seksualines-prievartos-pries-vaikus-prevencija","status":"publish","type":"page","link":"https:\/\/nibd.lt\/en\/seksualines-prievartos-pries-vaikus-prevencija\/","title":{"rendered":"Prevention of sexual abuse of children"},"content":{"rendered":"<p><a href=\"http:\/\/www.pvc.lt\/lt\/socialines-kampanijos\/mastau-todel-nesiunciu\" target=\"_blank\" rel=\"noopener noreferrer\"><img loading=\"lazy\" decoding=\"async\" class=\"size-medium wp-image-3510 alignleft\" src=\"https:\/\/nibdblog.files.wordpress.com\/2019\/11\/sekstingo-plakatas-mini.jpg?w=212\" alt=\"Sekstingo plakatas mini\" width=\"212\" height=\"300\" \/><\/a><\/p>\n<ul>\n<li><a href=\"https:\/\/www.stopwykorzystywaniu.pl\/lt\/\" target=\"_blank\" rel=\"noopener noreferrer\">Specialist\u0173 ir t\u0117v\u0173 \u0161vietimas apie vaik\u0173 apsaug\u0105 nuo seksualin\u0117s privartos<\/a><\/li>\n<li><a href=\"http:\/\/www.pvc.lt\/lt\/socialines-kampanijos\/1-is-5\" target=\"_blank\" rel=\"noopener noreferrer\">Med\u017eiaga prevenciniams u\u017esi\u0117mimams ikimokyklinio ir 1kl. vaikams<\/a><\/li>\n<li><a href=\"https:\/\/www.coe.int\/en\/web\/children\/for-children\" target=\"_blank\" rel=\"noopener noreferrer\">Video med\u017eiaga vyresniems vaikams (angl\u0173 k.)<\/a><\/li>\n<li><a href=\"http:\/\/www.pvc.lt\/lt\/socialines-kampanijos\" target=\"_blank\" rel=\"noopener noreferrer\">Socialin\u0117s kampanijos seksualin\u0117s prievartos prie\u0161 vaikus prevencijai<\/a><\/li>\n<\/ul>","protected":false},"excerpt":{"rendered":"<p>Specialist\u0173 ir t\u0117v\u0173 \u0161vietimas apie vaik\u0173 apsaug\u0105 nuo seksualin\u0117s privartos Med\u017eiaga prevenciniams u\u017esi\u0117mimams ikimokyklinio ir 1kl. vaikams Video med\u017eiaga vyresniems vaikams (angl\u0173 k.) Socialin\u0117s kampanijos seksualin\u0117s prievartos prie\u0161 vaikus prevencijai<\/p>","protected":false},"author":1,"featured_media":0,"parent":0,"menu_order":0,"comment_status":"closed","ping_status":"closed","template":"","meta":{"_uag_custom_page_level_css":"","ngg_post_thumbnail":0,"footnotes":""},"class_list":["post-3501","page","type-page","status-publish","hentry"],"uagb_featured_image_src":{"full":false,"thumbnail":false,"medium":false,"medium_large":false,"large":false,"1536x1536":false,"2048x2048":false,"trp-custom-language-flag":false,"chromenews-featured":false,"chromenews-large":false,"chromenews-medium":false},"uagb_author_info":{"display_name":"E. Lukas","author_link":"https:\/\/nibd.lt\/en\/author\/neimtigmail-com\/"},"uagb_comment_info":0,"uagb_excerpt":"Specialist\u0173 ir t\u0117v\u0173 \u0161vietimas apie vaik\u0173 apsaug\u0105 nuo seksualin\u0117s privartos Med\u017eiaga prevenciniams u\u017esi\u0117mimams ikimokyklinio ir 1kl. vaikams Video med\u017eiaga vyresniems vaikams (angl\u0173 k.) Socialin\u0117s kampanijos seksualin\u0117s prievartos prie\u0161 vaikus prevencijai","_links":{"self":[{"href":"https:\/\/nibd.lt\/en\/wp-json\/wp\/v2\/pages\/3501","targetHints":{"allow":["GET"]}}],"collection":[{"href":"https:\/\/nibd.lt\/en\/wp-json\/wp\/v2\/pages"}],"about":[{"href":"https:\/\/nibd.lt\/en\/wp-json\/wp\/v2\/types\/page"}],"author":[{"embeddable":true,"href":"https:\/\/nibd.lt\/en\/wp-json\/wp\/v2\/users\/1"}],"replies":[{"embeddable":true,"href":"https:\/\/nibd.lt\/en\/wp-json\/wp\/v2\/comments?post=3501"}],"version-history":[{"count":1,"href":"https:\/\/nibd.lt\/en\/wp-json\/wp\/v2\/pages\/3501\/revisions"}],"predecessor-version":[{"id":3837,"href":"https:\/\/nibd.lt\/en\/wp-json\/wp\/v2\/pages\/3501\/revisions\/3837"}],"wp:attachment":[{"href":"https:\/\/nibd.lt\/en\/wp-json\/wp\/v2\/media?parent=3501"}],"curies":[{"name":"wp","href":"https:\/\/api.w.org\/{rel}","templated":true}]}}