{"id":2909,"date":"2019-03-06T14:12:30","date_gmt":"2019-03-06T12:12:30","guid":{"rendered":"https:\/\/nibdblog.wordpress.com\/?page_id=2909"},"modified":"2025-02-23T14:42:26","modified_gmt":"2025-02-23T11:42:26","slug":"paslaugos","status":"publish","type":"page","link":"https:\/\/nibd.lt\/en\/paslaugos\/","title":{"rendered":"Services"},"content":{"rendered":"<div class=\"wp-block-group alignwide is-layout-constrained wp-block-group-is-layout-constrained\">\n<div class=\"wp-block-uagb-image uagb-block-a0553a8d wp-block-uagb-image--layout-default wp-block-uagb-image--effect-zoomin wp-block-uagb-image--align-none\"><figure class=\"wp-block-uagb-image__figure\"><a class=\"\" href=\"https:\/\/nibd.lt\/wp-content\/uploads\/2024\/06\/NIBD-paslaugos-724x1024.jpg\" target=\"\" rel=\"noopener\"><img decoding=\"async\"  sizes=\"auto, (max-width: 480px) 150px\" src=\"https:\/\/nibd.lt\/wp-content\/uploads\/2024\/06\/NIBD-paslaugos-724x1024.jpg\" alt=\"\" width=\"724\" height=\"1024\" title=\"\" loading=\"lazy\" role=\"img\"\/><\/a><\/figure><\/div>\n\n\n\n<figure class=\"wp-block-video\"><video controls src=\"https:\/\/nibd.lt\/wp-content\/uploads\/2025\/02\/113-KABINETAS.mp4\"><\/video><\/figure>\n\n\n\n<p>D\u0117l susitikim\u0173 erdv\u0117s ir animatoriaus u\u017eimtumo teirautis el. p. <a href=\"mailto:nibd@nibd.lt\">nibd@nibd.lt<\/a> arba tel. +37060558683\nngg_shortcode_0_placeholder<\/p>\n<\/div>\n\n\n\n<p><\/p>","protected":false},"excerpt":{"rendered":"<p>D\u0117l susitikim\u0173 erdv\u0117s ir animatoriaus u\u017eimtumo teirautis el. p. nibd@nibd.lt arba tel. +37060558683<\/p>","protected":false},"author":1,"featured_media":0,"parent":0,"menu_order":0,"comment_status":"closed","ping_status":"closed","template":"","meta":{"_uag_custom_page_level_css":"","ngg_post_thumbnail":0,"footnotes":""},"class_list":["post-2909","page","type-page","status-publish","hentry"],"uagb_featured_image_src":{"full":false,"thumbnail":false,"medium":false,"medium_large":false,"large":false,"1536x1536":false,"2048x2048":false,"trp-custom-language-flag":false,"chromenews-featured":false,"chromenews-large":false,"chromenews-medium":false},"uagb_author_info":{"display_name":"E. Lukas","author_link":"https:\/\/nibd.lt\/en\/author\/neimtigmail-com\/"},"uagb_comment_info":0,"uagb_excerpt":"D\u0117l susitikim\u0173 erdv\u0117s ir animatoriaus u\u017eimtumo teirautis el. p. nibd@nibd.lt arba tel. +37060558683","_links":{"self":[{"href":"https:\/\/nibd.lt\/en\/wp-json\/wp\/v2\/pages\/2909","targetHints":{"allow":["GET"]}}],"collection":[{"href":"https:\/\/nibd.lt\/en\/wp-json\/wp\/v2\/pages"}],"about":[{"href":"https:\/\/nibd.lt\/en\/wp-json\/wp\/v2\/types\/page"}],"author":[{"embeddable":true,"href":"https:\/\/nibd.lt\/en\/wp-json\/wp\/v2\/users\/1"}],"replies":[{"embeddable":true,"href":"https:\/\/nibd.lt\/en\/wp-json\/wp\/v2\/comments?post=2909"}],"version-history":[{"count":32,"href":"https:\/\/nibd.lt\/en\/wp-json\/wp\/v2\/pages\/2909\/revisions"}],"predecessor-version":[{"id":10265,"href":"https:\/\/nibd.lt\/en\/wp-json\/wp\/v2\/pages\/2909\/revisions\/10265"}],"wp:attachment":[{"href":"https:\/\/nibd.lt\/en\/wp-json\/wp\/v2\/media?parent=2909"}],"curies":[{"name":"wp","href":"https:\/\/api.w.org\/{rel}","templated":true}]}}