{"id":2645,"date":"2018-11-23T10:00:28","date_gmt":"2018-11-23T08:00:28","guid":{"rendered":"https:\/\/nibdblog.wordpress.com\/?page_id=2645"},"modified":"2025-02-03T11:58:55","modified_gmt":"2025-02-03T08:58:55","slug":"interaktyvios-priemones","status":"publish","type":"page","link":"https:\/\/nibd.lt\/en\/interaktyvios-priemones\/","title":{"rendered":"Interactive tools"},"content":{"rendered":"<div class=\"wp-block-group alignwide is-layout-constrained wp-block-group-is-layout-constrained\">\n<ul class=\"wp-block-list\">\n<li style=\"margin-top:0;margin-bottom:0;padding-top:0;padding-bottom:0\"><a href=\"https:\/\/app.metafox.eu\" target=\"_blank\" rel=\"noopener\">metafox.eu &#8211; emocij\u0173 \u012fsivertinimui<\/a><\/li>\n\n\n\n<li style=\"margin-top:0;margin-bottom:0;padding-top:0;padding-bottom:0\"><a href=\"https:\/\/gather.town\/\" target=\"_blank\" rel=\"noopener\">gather.town \u2013 Interaktyv\u016bs susitikimo kambariai<\/a><\/li>\n\n\n\n<li style=\"margin-top:0;margin-bottom:0;padding-top:0;padding-bottom:0\"><a href=\"https:\/\/wheelofnames.com\" target=\"_blank\" rel=\"noopener\">wheelofnames.com \u2013 klausim\u0173 ratas<\/a><\/li>\n\n\n\n<li style=\"margin-top:0;margin-bottom:0;padding-top:0;padding-bottom:0\"><a href=\"https:\/\/h5p.org\" target=\"_blank\" rel=\"noopener\">H5P.org \u2013 Interaktyvaus turinio k\u016brimas<\/a><\/li>\n\n\n\n<li style=\"margin-top:0;margin-bottom:0;padding-top:0;padding-bottom:0\"><a href=\"https:\/\/wordwall.net\/resource\/1435170\/emocij\u0173-ratas\" target=\"_blank\" rel=\"noopener\">Pokalbiams apie emocijas<\/a><\/li>\n\n\n\n<li style=\"margin-top:0;margin-bottom:0;padding-top:0;padding-bottom:0\"><a href=\"https:\/\/flinga.fi\/?fbclid=IwAR3qgSBtxHgGU5RuXWdDp06KEsSthCip8u2RnaKOV4w4cadf52574GJW8N4\" target=\"_blank\" rel=\"noopener\">Flinga \u2013 susipa\u017einimo \u017eaidimai<\/a><\/li>\n\n\n\n<li style=\"margin-top:0;margin-bottom:0;padding-top:0;padding-bottom:0\"><a href=\"https:\/\/play.unofreak.com\/?fbclid=IwAR0prYA3CZoGz_Ems22oKA5Ts7Xe1R8shD8q0jbhc2cLJB8nvdeDxRhiDAI\" target=\"_blank\" rel=\"noopener\">UNO kort\u0173 \u017eaidimas<\/a><\/li>\n\n\n\n<li style=\"margin-top:0;margin-bottom:0;padding-top:0;padding-bottom:0\"><a aria-label=\"9 linksmi \u017eaidimai, kurie leis Jums i\u0161aukl\u0117ti emoci\u0161kai stabilius vaikus (opens in a new tab)\" href=\"https:\/\/www.refa.lt\/idomybes\/9-linksmi-zaidimai-kurie-leis-jums-isaukleti-emociskai-stabilius-vaikus\/\" target=\"_blank\" rel=\"noreferrer noopener\">9 linksmi \u017eaidimai, kurie leis Jums i\u0161aukl\u0117ti emoci\u0161kai stabilius vaikus<\/a><\/li>\n\n\n\n<li style=\"margin-top:0;margin-bottom:0;padding-top:0;padding-right:0;padding-bottom:0;padding-left:0\"><a href=\"http:\/\/www.zaidziutaip.lt\/susipazinimo-zaidimai\/?fbclid=IwAR3e_P8fos6X53TPCi_v5K_0nVj06z9RiRMnKKAhBv2d4bX2xEpLo__dWtQ\" target=\"_blank\" rel=\"noopener noreferrer\">Susipa\u017einimo \u017eaidimai<\/a><\/li>\n\n\n\n<li style=\"margin-top:0;margin-bottom:0;padding-top:0;padding-bottom:0\"><a href=\"https:\/\/skribbl.io\" target=\"_blank\" rel=\"noopener noreferrer\">Scribbl.io \u2013 kalb\u0173 mokymasis pie\u0161iant<\/a><\/li>\n\n\n\n<li style=\"margin-top:0;margin-bottom:0;padding-top:0;padding-bottom:0\"><a href=\"http:\/\/lt.boardgamearena.com\" target=\"_blank\" rel=\"noopener noreferrer\">Stalo \u017eaidimai online<\/a><\/li>\n\n\n\n<li style=\"margin-top:0;margin-bottom:0;padding-top:0;padding-bottom:0\"><a href=\"https:\/\/kahoot.com\" target=\"_blank\" rel=\"noopener noreferrer\">Kahoot!<\/a><\/li>\n\n\n\n<li style=\"margin-top:0;margin-bottom:0;padding-top:0;padding-bottom:0\"><a href=\"https:\/\/www.mentimeter.com\" target=\"_blank\" rel=\"noopener noreferrer\">Mentimeter \u2013 interaktyvi\u0173 pristatym\u0173 ir susitikim\u0173 k\u016brimas<\/a><\/li>\n\n\n\n<li style=\"margin-top:0;margin-bottom:0;padding-top:0;padding-bottom:0\"><a href=\"https:\/\/padlet.com\" target=\"_blank\" rel=\"noopener noreferrer\">Padlet.com<\/a><\/li>\n\n\n\n<li style=\"margin-top:0;margin-bottom:0;padding-top:0;padding-bottom:0\"><a href=\"https:\/\/dangries.com\/rectangleworld\/PaperSnowflake\/\" target=\"_blank\" rel=\"noopener noreferrer\">Snaigi\u0173 karpymas<\/a><\/li>\n\n\n\n<li style=\"margin-top:0;margin-bottom:0;padding-top:0;padding-bottom:0\"><a href=\"https:\/\/en.actionbound.com\/?setlang\" target=\"_blank\" rel=\"noopener noreferrer\">Actionbound \u2013 mar\u0161rut\u0173 k\u016brimas orientacin\u0117ms veikloms<\/a><\/li>\n\n\n\n<li style=\"margin-top:0;margin-bottom:0;padding-top:0;padding-bottom:0\"><a href=\"https:\/\/slack.com\/intl\/en-lt\/\" target=\"_blank\" rel=\"noopener noreferrer\">Slack.com \u2013 komunikacijos platforma<\/a><\/li>\n\n\n\n<li style=\"margin-top:0;margin-bottom:0;padding-top:0;padding-bottom:0\"><a href=\"http:\/\/www.gomoodboard.com\" target=\"_blank\" rel=\"noopener\">Moodboard<\/a><\/li>\n\n\n\n<li style=\"margin-top:0;margin-bottom:0;padding-top:0;padding-bottom:0\"><a href=\"https:\/\/www.canva.com\" target=\"_blank\" rel=\"noopener\">Canva<\/a><\/li>\n\n\n\n<li style=\"padding-top:0;padding-right:0;padding-bottom:0;padding-left:0\"><a href=\"https:\/\/www.sli.do\" target=\"_blank\" rel=\"noopener\">Slido &#8211; pasirinkim\u0173, balsavimo programa<\/a><\/li>\n<\/ul>\n<\/div>\n\n\n\n<p><\/p>","protected":false},"excerpt":{"rendered":"","protected":false},"author":1,"featured_media":0,"parent":0,"menu_order":0,"comment_status":"closed","ping_status":"closed","template":"","meta":{"_uag_custom_page_level_css":"","ngg_post_thumbnail":0,"footnotes":""},"class_list":["post-2645","page","type-page","status-publish","hentry"],"uagb_featured_image_src":{"full":false,"thumbnail":false,"medium":false,"medium_large":false,"large":false,"1536x1536":false,"2048x2048":false,"trp-custom-language-flag":false,"chromenews-featured":false,"chromenews-large":false,"chromenews-medium":false},"uagb_author_info":{"display_name":"E. Lukas","author_link":"https:\/\/nibd.lt\/en\/author\/neimtigmail-com\/"},"uagb_comment_info":0,"uagb_excerpt":null,"_links":{"self":[{"href":"https:\/\/nibd.lt\/en\/wp-json\/wp\/v2\/pages\/2645","targetHints":{"allow":["GET"]}}],"collection":[{"href":"https:\/\/nibd.lt\/en\/wp-json\/wp\/v2\/pages"}],"about":[{"href":"https:\/\/nibd.lt\/en\/wp-json\/wp\/v2\/types\/page"}],"author":[{"embeddable":true,"href":"https:\/\/nibd.lt\/en\/wp-json\/wp\/v2\/users\/1"}],"replies":[{"embeddable":true,"href":"https:\/\/nibd.lt\/en\/wp-json\/wp\/v2\/comments?post=2645"}],"version-history":[{"count":44,"href":"https:\/\/nibd.lt\/en\/wp-json\/wp\/v2\/pages\/2645\/revisions"}],"predecessor-version":[{"id":9501,"href":"https:\/\/nibd.lt\/en\/wp-json\/wp\/v2\/pages\/2645\/revisions\/9501"}],"wp:attachment":[{"href":"https:\/\/nibd.lt\/en\/wp-json\/wp\/v2\/media?parent=2645"}],"curies":[{"name":"wp","href":"https:\/\/api.w.org\/{rel}","templated":true}]}}