{"id":2072,"date":"2018-07-12T13:30:29","date_gmt":"2018-07-12T11:30:29","guid":{"rendered":"https:\/\/nibdblog.wordpress.com\/?page_id=2072"},"modified":"2026-03-25T17:17:35","modified_gmt":"2026-03-25T14:17:35","slug":"ziniasklaida","status":"publish","type":"page","link":"https:\/\/nibd.lt\/en\/ziniasklaida\/","title":{"rendered":"Media"},"content":{"rendered":"<p><a href=\"https:\/\/nibd.lt\/ziniasklaida\/\" target=\"_blank\" rel=\"noreferrer noopener\"><\/a><\/p>\n\n\n\n<div class=\"wp-block-group alignwide is-content-justification-left is-layout-constrained wp-container-core-group-is-layout-1 wp-block-group-is-layout-constrained\">\n<ul class=\"wp-block-list\">\n<li style=\"margin-top:0;margin-right:0;margin-bottom:0;margin-left:0;padding-top:0;padding-right:0;padding-bottom:0;padding-left:0\"><a href=\"https:\/\/www.marijosradijas.lt\/transliacijos\/331287-2026-03-24-18-15-seimos-zidinys.html\">Apie jaunim\u0105 kaime kalbasi asociacijos \u201eTrinus\u201c vadovas Edvinas Vrubliauskas ir V\u0160\u012e \u201eNe imti, bet duoti\u201c vadovas Lukas Dvilevi\u010dius<\/a> | Marijos radijo laida: \u0160eimos \u017eidinys (2026.03.24)<\/li>\n\n\n\n<li style=\"margin-top:0;margin-right:0;margin-bottom:0;margin-left:0;padding-top:0;padding-right:0;padding-bottom:0;padding-left:0\"><a href=\"https:\/\/www.ziniuradijas.lt\/laidos\/ekspertai-pataria\/savanoryste-regionuose-ar-lietuvai-reikia-nacionalinio-savanorystes-standarto?video=1\">Savanoryst\u0117 regionuose: ar Lietuvai reikia nacionalinio savanoryst\u0117s standarto?<\/a> | \u017dini\u0173 radijo rubrika: Ekspertai pataria (2026.03.16, 11:05)<\/li>\n\n\n\n<li style=\"margin-top:0;margin-right:0;margin-bottom:0;margin-left:0;padding-top:0;padding-right:0;padding-bottom:0;padding-left:0\"><a href=\"https:\/\/kurstoti.lt\/s\/15771\/kviecia-i-unikalias-savanoriskas-veiklas-stodami-gausite-ir-papildomu-balu\">Kvie\u010dia \u012f unikalias savanori\u0161kas veiklas: stodami gausite ir papildom\u0173 bal\u0173<\/a> | Kur stoti (2025.10.30)<\/li>\n\n\n\n<li style=\"margin-top:0;margin-right:0;margin-bottom:0;margin-left:0;padding-top:0;padding-right:0;padding-bottom:0;padding-left:0\"><a href=\"https:\/\/www.lrytas.lt\/gyvenimo-budas\/seima\/2025\/08\/12\/news\/kai-jaunimo-svajones-igauna-forma-atviras-jaunimo-centras-vaje-pradeda-statybas-39052674\">Kai jaunimo svajon\u0117s \u012fgauna form\u0105: atviras jaunimo centras \u2013 VAJE pradeda statybas<\/a> | Lrytas.lt (2025.08.12)<\/li>\n\n\n\n<li style=\"margin-top:0;margin-right:0;margin-bottom:0;margin-left:0;padding-top:0;padding-right:0;padding-bottom:0;padding-left:0\"><a href=\"https:\/\/www.lrytas.lt\/gyvenimo-budas\/likimai\/2025\/07\/29\/news\/kai-savanoryste-tampa-gyvenimo-keliu-luizos-istorija-organizacijoje-ne-imti-bet-duoti--38874167\">Kai savanoryst\u0117 tampa gyvenimo keliu: Luizos istorija organizacijoje \u201eNe imti, bet duoti\u201c<\/a> | Lrytas.lt (2025.07.29)<\/li>\n\n\n\n<li style=\"margin-top:0;margin-right:0;margin-bottom:0;margin-left:0;padding-top:0;padding-right:0;padding-bottom:0;padding-left:0\"><a href=\"https:\/\/www.lrytas.lt\/gyvenimo-budas\/seima\/2025\/04\/28\/news\/jaunima-igalinantys-mokymai-vilniaus-rajone-jaunimo-centras-vaje-ruosia-jaunuolius-savarankiskam-gyvenimui-37605721\"> Jaunim\u0105 \u012fgalinantys mokymai Vilniaus rajone: jaunimo centras \u2013 VAJE ruo\u0161ia jaunuolius savaranki\u0161kam gyvenimui<\/a> | Lrytas.lt (2025.04.28)<\/li>\n\n\n\n<li style=\"margin-top:0;margin-right:0;margin-bottom:0;margin-left:0;padding-top:0;padding-right:0;padding-bottom:0;padding-left:0\"><a href=\"https:\/\/www.lrytas.lt\/gyvenimo-budas\/psichologija\/2025\/03\/10\/news\/vsi-ne-imti-bet-duoti-kviecia-jaunima-atrasti-savo-galimybes-projekte-jungtys--36837259\" data-type=\"link\" data-id=\"https:\/\/www.lrytas.lt\/gyvenimo-budas\/psichologija\/2025\/03\/10\/news\/vsi-ne-imti-bet-duoti-kviecia-jaunima-atrasti-savo-galimybes-projekte-jungtys--36837259\">V\u0161\u012e \u201eNe imti, bet duoti\u201c kvie\u010dia jaunim\u0105 atrasti savo galimybes projekte \u201eJUNGTYS\u201c<\/a> | Lrytas.lt (2025.03.10)<\/li>\n\n\n\n<li style=\"margin-top:0;margin-right:0;margin-bottom:0;margin-left:0;padding-top:0;padding-right:0;padding-bottom:0;padding-left:0\"><a href=\"https:\/\/projektas.lrytas.lt\/savanorystes-banga\/dalyvis\/42\">Gabriel\u0117 Ruzgait\u0117<\/a> apie savanoryst\u0119 V\u0161\u012e \u201eNe imti, bet duoti\u201c | Lrytas.lt (2024)<\/li>\n\n\n\n<li style=\"margin-top:0;margin-right:0;margin-bottom:0;margin-left:0;padding-top:0;padding-right:0;padding-bottom:0;padding-left:0\"><a href=\"https:\/\/projektas.lrytas.lt\/savanorystes-banga\/dalyvis\/47\">Daina Perveneckait\u0117<\/a> apie savanoryst\u0119 V\u0161\u012e \u201eNe imti, bet duoti\u201c | Lrytas.lt (2024)<\/li>\n\n\n\n<li style=\"margin-top:0;margin-right:0;margin-bottom:0;margin-left:0;padding-top:0;padding-right:0;padding-bottom:0;padding-left:0\"><a href=\"https:\/\/projektas.lrytas.lt\/savanorystes-banga\/dalyvis\/53\">Sofija Kupre\u0161\u010denko<\/a> apie savanoryst\u0119 V\u0161\u012e \u201eNe imti, bet duoti\u201c | Lrytas.lt (2024)<\/li>\n\n\n\n<li style=\"margin-top:0;margin-right:0;margin-bottom:0;margin-left:0;padding-top:0;padding-right:0;padding-bottom:0;padding-left:0\"><a href=\"https:\/\/projektas.lrytas.lt\/savanorystes-banga\/dalyvis\/48\">Olivija Vaidak<\/a> apie savanoryst\u0119 V\u0161\u012e \u201eNe imti, bet duoti\u201c | Lrytas.lt (2024)<\/li>\n\n\n\n<li style=\"margin-top:0;margin-right:0;margin-bottom:0;margin-left:0;padding-top:0;padding-right:0;padding-bottom:0;padding-left:0\"><a href=\"https:\/\/radior.lt\/specialist-po-rabote-s-molodezhju-sandra-gauchjute-o-proekte-jungtys-kotoryj-pomogaet-molodezhi-reshat-povsednevnye-problemy\/\">\u0421\u043f\u0435\u0446\u0438\u0430\u043b\u0438\u0441\u0442 \u043f\u043e \u0440\u0430\u0431\u043e\u0442\u0435 \u0441 \u043c\u043e\u043b\u043e\u0434\u0435\u0436\u044c\u044e \u0421\u0430\u043d\u0434\u0440\u0430 \u0413\u0430\u0443\u0447\u044e\u0442\u0435 \u2013 \u043e \u043f\u0440\u043e\u0435\u043a\u0442\u0435 JUNGTYS, \u043a\u043e\u0442\u043e\u0440\u044b\u0439 \u043f\u043e\u043c\u043e\u0433\u0430\u0435\u0442 \u043c\u043e\u043b\u043e\u0434\u0435\u0436\u0438 \u0440\u0435\u0448\u0430\u0442\u044c \u043f\u043e\u0432\u0441\u0435\u0434\u043d\u0435\u0432\u043d\u044b\u0435 \u043f\u0440\u043e\u0431\u043b\u0435\u043c\u044b<\/a> | Radio R (2024.06.27)<\/li>\n\n\n\n<li style=\"margin-top:0;margin-right:0;margin-bottom:0;margin-left:0;padding-top:0;padding-right:0;padding-bottom:0;padding-left:0\"><a href=\"https:\/\/www.youtube.com\/watch?v=o5GRhGFI6ZU&amp;list=PLwf7Dt_xhIpIQlPIC45S9a9qO-dVl0o8A&amp;index=15\">Galim kartu. Ne imti, bet duoti<\/a> | TV Europa (2023.10.24)<\/li>\n\n\n\n<li style=\"margin-top:0;margin-right:0;margin-bottom:0;margin-left:0;padding-top:0;padding-right:0;padding-bottom:0;padding-left:0\"><a href=\"https:\/\/fb.watch\/k6zBdxHSsk\/\">Augimo receptas: <span class=\"xt0psk2\">Not to take, but to give<\/span> pasakoja apie pasitik\u0117jim\u0105 savimi ir impuls\u0105 nuveikti daugiau, gautus i\u0161 NVO akademijos.<\/a> | Atviros Lietuvos fondas (2023.04.24)<\/li>\n\n\n\n<li style=\"margin-top:0;margin-right:0;margin-bottom:0;margin-left:0;padding-top:0;padding-right:0;padding-bottom:0;padding-left:0\"><a href=\"https:\/\/www.lrt.lt\/mediateka\/irasas\/2000260631\/10-12-ar-ir-kaip-keiciasi-visuomenes-poziuris-i-vaikus-netekusius-tevu-globos\">Ar ir kaip kei\u010diasi visuomen\u0117s po\u017ei\u016bris \u012f vaikus, netekusius t\u0117v\u0173 globos?<\/a> | LRT radijo laida 10-12 (2023.03.02, 58:45)<\/li>\n\n\n\n<li style=\"margin-top:0;margin-right:0;margin-bottom:0;margin-left:0;padding-top:0;padding-right:0;padding-bottom:0;padding-left:0\"><a href=\"https:\/\/www.lrt.lt\/mediateka\/irasas\/2000232464\/labas-rytas-lietuva-ii-d-tevu-globos-netekusiems-vaikams-projekto-ne-imti-bet-duoti-savanoriu-pagalba\">T\u0117v\u0173 globos netekusiems vaikams \u2013 projekto \u201eNe imti, bet duoti\u201c savanori\u0173 pagalba<\/a> | Labas rytas, Lietuva II d. (2022.09.12, 13:25)<\/li>\n\n\n\n<li style=\"margin-top:0;margin-right:0;margin-bottom:0;margin-left:0;padding-top:0;padding-right:0;padding-bottom:0;padding-left:0\"><a href=\"https:\/\/www.15min.lt\/gyvenimas\/naujiena\/laisvalaikis\/vaidotu-atvira-jaunimo-erdve-vaje-tampa-jaunimo-centru-1038-1913756\">Vaidot\u0173 atvira jaunimo erdv\u0117 \u2013 VAJE tampa jaunimo centru<\/a> | 15min (2022.08.09)<\/li>\n\n\n\n<li style=\"margin-top:0;margin-right:0;margin-bottom:0;margin-left:0;padding-top:0;padding-right:0;padding-bottom:0;padding-left:0\"><a href=\"https:\/\/www.15min.lt\/naujiena\/aktualu\/svietimas\/vu-geografu-ir-ne-imti-bet-duoti-parengtas-zemelapis-pades-identifikuoti-lietuvos-jaunimo-problemas-233-1742814\">VU geograf\u0173 ir \u201eNe imti, bet duoti\u201c parengtas \u017eem\u0117lapis pad\u0117s identifikuoti Lietuvos jaunimo problemas<\/a> | 15min (2022.06.29)<\/li>\n\n\n\n<li style=\"margin-top:0;margin-right:0;margin-bottom:0;margin-left:0;padding-top:0;padding-right:0;padding-bottom:0;padding-left:0\"><a href=\"https:\/\/naujienos.vu.lt\/vu-geografu-ir-ne-imti-bet-duoti-parengtas-zemelapis-pades-identifikuoti-lietuvos-jaunimo-problemas\/\">VU geograf\u0173 ir \u201eNe imti, bet duoti\u201c parengtas \u017eem\u0117lapis pad\u0117s identifikuoti Lietuvos jaunimo problemas<\/a> | Vilniaus universitetas (2022.06.28)<\/li>\n\n\n\n<li style=\"margin-top:0;margin-right:0;margin-bottom:0;margin-left:0;padding-top:0;padding-right:0;padding-bottom:0;padding-left:0\"><a href=\"https:\/\/www.vrsa.lt\/jaunimui\/jaunimo-naujienos\/465\/susitikimu-su-jaunimu-ciklas-pamoka-kitaip:2678\">Susitikim\u0173 su jaunimu ciklas \u201ePamoka kitaip\u201c<\/a> | Vilniaus r. sav. (2022.04.19)<\/li>\n\n\n\n<li style=\"margin-top:0;margin-right:0;margin-bottom:0;margin-left:0;padding-top:0;padding-right:0;padding-bottom:0;padding-left:0\"><a href=\"https:\/\/www.vrsa.lt\/gyventojams\/naujienos\/40\/vaidotu-atvira-jaunimo-erdve-vaje:2092\">Vaidot\u0173 atvira jaunimo erdv\u0117 VAJE<\/a> | Vilniaus r. sav. (2022.01.31)<\/li>\n\n\n\n<li style=\"margin-top:0;margin-right:0;margin-bottom:0;margin-left:0;padding-top:0;padding-right:0;padding-bottom:0;padding-left:0\"><a href=\"https:\/\/www.15min.lt\/gyvenimas\/naujiena\/pokalbiai\/lukas-padeda-mokytis-tevu-globos-netekusiems-vaikams-tapo-vieno-ju-krikstateviu-1040-1570948?utm_source=Facebook&amp;utm_medium=post&amp;utm_campaign=15min_Rugs\u0117jis\" target=\"_blank\" rel=\"noopener\">Lukas padeda mokytis t\u0117v\u0173 globos netekusiems vaikams: tapo vieno j\u0173 krik\u0161tat\u0117viu<\/a> | 15min (2021.09.25)<\/li>\n\n\n\n<li style=\"margin-top:0;margin-right:0;margin-bottom:0;margin-left:0;padding-top:0;padding-right:0;padding-bottom:0;padding-left:0\"><a href=\"https:\/\/www.facebook.com\/watch\/live\/?v=859471258012713&amp;ref=watch_permalink\" target=\"_blank\" rel=\"noopener\">Galimybi\u0173 mug\u0117. Virtualus pokalbis apie savanoryst\u0119<\/a> | Vilniaus m. sav. centrin\u0117 biblioteka, Eurodesk (2021.06.30)<\/li>\n\n\n\n<li style=\"margin-top:0;margin-right:0;margin-bottom:0;margin-left:0;padding-top:0;padding-right:0;padding-bottom:0;padding-left:0\"><a href=\"https:\/\/naujienos.vu.lt\/savanorystes-tradicijas-vu-idieges-e-l-dvilevicius-tai-unikalus-budas-praplesti-akirati-tobulinti-igudzius-ir-praktiskai-prisideti-prie-reiksmingos-veiklos\/\">Savanoryst\u0117s tradicijas VU \u012fdieg\u0119s E. L. Dvilevi\u010dius: tai unikalus b\u016bdas prapl\u0117sti akirat\u012f, tobulinti \u012fg\u016bd\u017eius ir prakti\u0161kai prisid\u0117ti prie reik\u0161mingos veiklos<\/a> | Vilniaus universitetas (2021.05.28)<\/li>\n\n\n\n<li style=\"margin-top:0;margin-right:0;margin-bottom:0;margin-left:0;padding-top:0;padding-right:0;padding-bottom:0;padding-left:0\"><a href=\"https:\/\/www.15min.lt\/gyvenimas\/naujiena\/laisvalaikis\/58-eriu-janina-drasiai-keicia-profesijas-nuo-mokytojos-iki-pardavejos-nuo-pardavejos-iki-korepetitores-1038-1500818?fbclid=IwAR2S4luR5UY8BV5798tphbuL-DG6GKPjxXnVMOKghQSPW_vBtFI6RaI0buI\" target=\"_blank\" rel=\"noopener\">58-eri\u0173 Janina dr\u0105siai kei\u010dia profesijas \u2013 nuo mokytojos iki pardav\u0117jos, nuo pardav\u0117jos \u2013 iki korepetitor\u0117s<\/a> | 15min (2021.05.12)<\/li>\n\n\n\n<li style=\"margin-top:0;margin-right:0;margin-bottom:0;margin-left:0;padding-top:0;padding-right:0;padding-bottom:0;padding-left:0\"><a href=\"https:\/\/www.15min.lt\/gyvenimas\/naujiena\/seima\/vaida-pasirinko-neiprasta-savanoryste-socialiai-jautriems-vaikams-padeda-siekti-ju-svajoniu-moksluose-1026-1475518\" target=\"_blank\" rel=\"noopener\">Vaida pasirinko ne\u012fprast\u0105 savanoryst\u0119 \u2013 socialiai jautriems vaikams padeda siekti j\u0173 svajoni\u0173 moksluose<\/a> | 15min (2021.03.25)<\/li>\n\n\n\n<li style=\"margin-top:0;margin-right:0;margin-bottom:0;margin-left:0;padding-top:0;padding-right:0;padding-bottom:0;padding-left:0\"><a href=\"https:\/\/www.15min.lt\/video\/organizacijoje-ne-imti-bet-duoti-savanoryste-tampa-draugyste-192522?preview=1&amp;fbclid=IwAR0NIBS1eGRQbGRbdGepxtf91gRypxVpYPZvwnoc6LYmngm1dZ42TRA4K2s\" target=\"_blank\" rel=\"noopener\">Organizacijoje \u201eNe imti, bet duoti\u201c savanoryst\u0117 tampa draugyste<\/a> | 15min (2020.12.11)<\/li>\n\n\n\n<li style=\"margin-top:0;margin-right:0;margin-bottom:0;margin-left:0;padding-top:0;padding-right:0;padding-bottom:0;padding-left:0\"><a href=\"https:\/\/www.krastozinios.lt\/2020\/08\/13\/09\/49\/savanorystei-amzius-ne-riba-vsi-ne-imti-bet-duoti-kviecia-prisijungti-prie-54-projekto\/?fbclid=IwAR2563XSLo2mkjUsTGn59LQ64Gg3hOZzS_fD8a_YB3HT_2gSq1FbT0eOu6g\" target=\"_blank\" rel=\"noopener noreferrer\">Savanorystei am\u017eius ne riba! V\u0161\u012e \u201eNe imti, bet duoti\u201c kvie\u010dia prisijungti prie \u201e54+\u201c projekto!<\/a> | Kra\u0161to \u017einios (2020.08.13)<\/li>\n\n\n\n<li style=\"margin-top:0;margin-right:0;margin-bottom:0;margin-left:0;padding-top:0;padding-right:0;padding-bottom:0;padding-left:0\"><a href=\"https:\/\/vilniauskrastas.lt\/savanorystei-amzius-ne-riba-vsi-ne-imti-bet-duoti-kviecia-prisijungti-prie-54-projekto\/?fbclid=IwAR2iikon28coOQ4oDMm9rf4vNQHApaS8hmpsi_7KNq7HEQu-yfrMoxgf4U0\" target=\"_blank\" rel=\"noopener noreferrer\">Savanorystei am\u017eius ne riba! V\u0161\u012e \u201eNe imti, bet duoti\u201c kvie\u010dia prisijungti prie \u201e54+\u201c projekto!<\/a> | Vilniaus kra\u0161tas (2020.08.12)<\/li>\n\n\n\n<li style=\"margin-top:0;margin-right:0;margin-bottom:0;margin-left:0;padding-top:0;padding-right:0;padding-bottom:0;padding-left:0\"><a href=\"https:\/\/spf.viko.lt\/seminaras-savanoryste-kuri-ikvepia\/\" target=\"_blank\" rel=\"noopener noreferrer\">Seminaras \u201eSavanoryst\u0117, kuri \u012fkvepia\u201c<\/a> | Vilniaus kolegija (2019.11.07)<\/li>\n\n\n\n<li style=\"margin-top:0;margin-right:0;margin-bottom:0;margin-left:0;padding-top:0;padding-right:0;padding-bottom:0;padding-left:0\"><a style=\"box-shadow: 0 0 0 1px rgba(var(--color-primary-rgb),0.2);\" href=\"https:\/\/www.facebook.com\/SavanoriuCentras\/videos\/394083191427752\/\" target=\"_blank\" rel=\"noopener noreferrer\">Svanoryst\u0117, kuri \u012fkvepia!<\/a>&nbsp;<em>Silvija Butkut\u0117<\/em>&nbsp;| Savanori\u0173 centras (2019.04.29)<\/li>\n\n\n\n<li style=\"margin-top:0;margin-right:0;margin-bottom:0;margin-left:0;padding-top:0;padding-right:0;padding-bottom:0;padding-left:0\"><a style=\"box-shadow: 0 0 0 1px rgba(var(--color-primary-rgb),0.2);\" href=\"https:\/\/www.facebook.com\/SavanoriuCentras\/videos\/586202101864407\/\" target=\"_blank\" rel=\"noopener noreferrer\">Svanoryst\u0117, kuri \u012fkvepia!<\/a>&nbsp;<em>Simona Burbulyt\u0117<\/em>&nbsp;| Savanori\u0173 centras (2019.04.23)<\/li>\n\n\n\n<li style=\"margin-top:0;margin-right:0;margin-bottom:0;margin-left:0;padding-top:0;padding-right:0;padding-bottom:0;padding-left:0\"><a style=\"box-shadow: 0 0 0 1px rgba(var(--color-primary-rgb),0.2);\" href=\"https:\/\/www.15min.lt\/gyvenimas\/naujiena\/seima\/e-l-dvilevicius-dziugu-jog-teigiamai-keiciasi-visuomenes-poziuris-i-vaiku-globos-namuose-augancius-vaikus-1026-1074326?fbclid=IwAR2qS0sZPQjN3HbpZcSDsqixFtDVdL8p8R08JW_iZsVdgG1RRD1tXwEivyI\" target=\"_blank\" rel=\"noopener noreferrer\">E. L. Dvilevi\u010dius: d\u017eiugu, jog teigiamai kei\u010diasi visuomen\u0117s po\u017ei\u016bris \u012f vaik\u0173 globos namuose augan\u010dius vaikus<\/a> | 15MIN (2018.12.13)<\/li>\n\n\n\n<li style=\"margin-top:0;margin-right:0;margin-bottom:0;margin-left:0;padding-top:0;padding-right:0;padding-bottom:0;padding-left:0\"><a href=\"http:\/\/nibd.lt\/wp-content\/uploads\/2020\/07\/\u017durnalas-\u201eTapati\u201c-apie-\u201eNe-imti-bet-duoti\u201c-vadov\u0105-ir-jo-istorij\u0105-\u0161ioje-organizacijoje.pdf\" target=\"_blank\" rel=\"noopener noreferrer\">\u017durnalas \u201eTapati\u201c apie \u201eNe imti, bet duoti\u201c vadov\u0105 ir jo istorij\u0105 \u0161ioje organizacijoje<\/a> | Lietuva.lt (2018.10.03)<\/li>\n\n\n\n<li style=\"margin-top:0;margin-right:0;margin-bottom:0;margin-left:0;padding-top:0;padding-right:0;padding-bottom:0;padding-left:0\"><a style=\"box-shadow: 0 0 0 1px rgba(var(--color-primary-rgb),0.2);\" href=\"https:\/\/www.facebook.com\/pozityvusdienorastis\/videos\/2044507682507732\/?__tn__=%2CdkCH-R-R&amp;eid=ARCrS0hzMO3Bln4qX0wPAbG6gZyYxrAd_eOgsh3JP1bfPoXE4eV6ORTIpnOJ24PAGanB0DJJKhLLfWq1&amp;hc_ref=ARQTElrnW4K6O2wO2-KAVBA8EL4_HpKuvvZJ0S10QYYBD32TdTF80h3hlu3P4j9gGaA&amp;hc_location=group\" target=\"_blank\" rel=\"noopener noreferrer\">Savanoryst\u0117s sl\u0117piniai: Silvija padeda vaikams i\u0161 globos nam\u0173<\/a> | Pozityvus dienora\u0161tis (2018)<\/li>\n\n\n\n<li style=\"margin-top:0;margin-right:0;margin-bottom:0;margin-left:0;padding-top:0;padding-right:0;padding-bottom:0;padding-left:0\"><a style=\"box-shadow: 0 0 0 1px rgba(var(--color-primary-rgb),0.2);\" href=\"http:\/\/www.lietuva.lt\/100\/lt\/simtmecio-dovanos\/bus-padovanota\/ne-imti-bet-duoti\" target=\"_blank\" rel=\"noopener noreferrer\">\u201eNe imti, bet duoti\u201c&nbsp;\u0161imtme\u010dio dovanos Lietuvai<\/a> | Lietuva.lt (2018)<\/li>\n\n\n\n<li style=\"margin-top:0;margin-right:0;margin-bottom:0;margin-left:0;padding-top:0;padding-right:0;padding-bottom:0;padding-left:0\"><a style=\"box-shadow: 0 0 0 1px rgba(var(--color-primary-rgb),0.2);\" href=\"https:\/\/lvjc.lt\/ne-imti-bet-duoti-uzkresk-gerumu\/\" target=\"_blank\" rel=\"noopener noreferrer\">Ne imti, bet duoti (U\u017ekr\u0117sk gerumu)<\/a> | Lietuvos vaik\u0173 ir jaunimo centras (2018.02)<\/li>\n\n\n\n<li style=\"margin-top:0;margin-right:0;margin-bottom:0;margin-left:0;padding-top:0;padding-right:0;padding-bottom:0;padding-left:0\"><a style=\"box-shadow: 0 0 0 1px rgba(var(--color-primary-rgb),0.2);\" href=\"https:\/\/www.tv3.lt\/naujiena\/gyvenimas\/928965\/savanore-sujaudins-iki-sirdies-gelmiu-naslaiciai-taupo-pinigus-tevu-kapams-tvarkyti\" target=\"_blank\" rel=\"noopener noreferrer\">Savanor\u0117 sujaudins iki \u0161irdies gelmi\u0173: na\u0161lai\u010diai taupo pinigus t\u0117v\u0173 kapams tvarkyti<\/a> | tv3.lt (2017.10.11)<\/li>\n\n\n\n<li style=\"margin-top:0;margin-right:0;margin-bottom:0;margin-left:0;padding-top:0;padding-right:0;padding-bottom:0;padding-left:0\"><a style=\"box-shadow: 0 0 0 1px rgba(var(--color-primary-rgb),0.2);\" href=\"https:\/\/euroblogas.lt\/2016\/11\/24\/kas-atsitinka-kai-ne-tik-imi-bet-ir-duodi\/\" target=\"_blank\" rel=\"noopener noreferrer\">Kas atsitinka, kai ne tik imi, bet ir&nbsp;duodi<\/a> | Euro blogas (2016.11.24)<\/li>\n\n\n\n<li style=\"margin-top:0;margin-right:0;margin-bottom:0;margin-left:0;padding-top:0;padding-right:0;padding-bottom:0;padding-left:0\"><a style=\"box-shadow: 0 0 0 1px rgba(var(--color-primary-rgb),0.2);\" href=\"https:\/\/www.15min.lt\/naujiena\/laisvalaikis\/ivairenybes\/ne-imti-bet-duoti-savanoryste-keicianti-lietuvos-ateiti-941-689327\" target=\"_blank\" rel=\"noopener noreferrer\">\u201eNe imti, bet duoti\u201c \u2013 savanoryst\u0117, kei\u010dianti Lietuvos ateit\u012f<\/a> | 15min (2016.09.28)<\/li>\n\n\n\n<li style=\"margin-top:0;margin-right:0;margin-bottom:0;margin-left:0;padding-top:0;padding-right:0;padding-bottom:0;padding-left:0\"><a style=\"box-shadow: 0 0 0 1px rgba(var(--color-primary-rgb),0.2);\" href=\"http:\/\/www.universitetozurnalistas.kf.vu.lt\/podcast\/ne-imti-bet-duoti\/\" target=\"_blank\" rel=\"noopener noreferrer\">Not to take, but to give<\/a> | Universiteto \u017eurnalistas (2016.07.25)<\/li>\n\n\n\n<li style=\"margin-top:0;margin-right:0;margin-bottom:0;margin-left:0;padding-top:0;padding-right:0;padding-bottom:0;padding-left:0\"><a style=\"box-shadow: 0 0 0 1px rgba(var(--color-primary-rgb),0.2);\" href=\"https:\/\/www.lrt.lt\/naujienos\/lietuvoje\/2\/115584\/ne-imti-bet-duoti-vadove-savanoris-parodo-vaikui-kas-vyksta-uz-globos-namu-sienu#wowzaplaystart=2821000&amp;wowzaplayduration=281000\" target=\"_blank\" rel=\"noopener noreferrer\">\u201eNe imti, bet duoti\u201c vadov\u0117: savanoris parodo vaikui, kas vyksta u\u017e globos nam\u0173 sien\u0173<\/a> | LRT (2015.10.03)<\/li>\n\n\n\n<li style=\"margin-top:0;margin-right:0;margin-bottom:0;margin-left:0;padding-top:0;padding-right:0;padding-bottom:0;padding-left:0\"><a href=\"https:\/\/www.lrt.lt\/mediateka\/irasas\/84875\/labas-rytas-lietuva?fbclid=IwAR0on3HaTV4vRORM4a2Nh2zXIz-UlU2ox2BjZ68_DJ-N_0PRmmaScRqdYMU\" target=\"_blank\" rel=\"noopener\">Reporta\u017eas apie socialin\u012f projekt\u0105 \u201eNe imti, bet duoti\u201c<\/a> | LRT (2015.10.03) &#8211; nuo 32,05 min.<\/li>\n\n\n\n<li style=\"margin-top:0;margin-right:0;margin-bottom:0;margin-left:0;padding-top:0;padding-right:0;padding-bottom:0;padding-left:0\"><a href=\"http:\/\/balarama.lt\/ne-imti-o-duoti\/\" target=\"_blank\" rel=\"noopener noreferrer\">Ne imti, o duoti<\/a> | Balarama.lt (2015.05.22)<\/li>\n<\/ul>\n<\/div>","protected":false},"excerpt":{"rendered":"","protected":false},"author":1,"featured_media":0,"parent":0,"menu_order":0,"comment_status":"closed","ping_status":"closed","template":"","meta":{"_uag_custom_page_level_css":"","ngg_post_thumbnail":0,"footnotes":""},"class_list":["post-2072","page","type-page","status-publish","hentry"],"uagb_featured_image_src":{"full":false,"thumbnail":false,"medium":false,"medium_large":false,"large":false,"1536x1536":false,"2048x2048":false,"trp-custom-language-flag":false,"chromenews-featured":false,"chromenews-large":false,"chromenews-medium":false},"uagb_author_info":{"display_name":"E. Lukas","author_link":"https:\/\/nibd.lt\/en\/author\/neimtigmail-com\/"},"uagb_comment_info":0,"uagb_excerpt":null,"_links":{"self":[{"href":"https:\/\/nibd.lt\/en\/wp-json\/wp\/v2\/pages\/2072","targetHints":{"allow":["GET"]}}],"collection":[{"href":"https:\/\/nibd.lt\/en\/wp-json\/wp\/v2\/pages"}],"about":[{"href":"https:\/\/nibd.lt\/en\/wp-json\/wp\/v2\/types\/page"}],"author":[{"embeddable":true,"href":"https:\/\/nibd.lt\/en\/wp-json\/wp\/v2\/users\/1"}],"replies":[{"embeddable":true,"href":"https:\/\/nibd.lt\/en\/wp-json\/wp\/v2\/comments?post=2072"}],"version-history":[{"count":56,"href":"https:\/\/nibd.lt\/en\/wp-json\/wp\/v2\/pages\/2072\/revisions"}],"predecessor-version":[{"id":11909,"href":"https:\/\/nibd.lt\/en\/wp-json\/wp\/v2\/pages\/2072\/revisions\/11909"}],"wp:attachment":[{"href":"https:\/\/nibd.lt\/en\/wp-json\/wp\/v2\/media?parent=2072"}],"curies":[{"name":"wp","href":"https:\/\/api.w.org\/{rel}","templated":true}]}}