{"id":2048,"date":"2018-07-12T08:33:42","date_gmt":"2018-07-12T06:33:42","guid":{"rendered":"http:\/\/neimtibetduoti.com\/?page_id=2048"},"modified":"2025-02-03T11:23:16","modified_gmt":"2025-02-03T08:23:16","slug":"savanoryste","status":"publish","type":"page","link":"https:\/\/nibd.lt\/en\/savanoryste\/","title":{"rendered":"Volunteering"},"content":{"rendered":"<div class=\"wp-block-group alignwide is-layout-constrained wp-block-group-is-layout-constrained\">\n<p><iframe loading=\"lazy\" title=\"Kam reikalingi savanoriai? | Ne imti, bet duoti\" width=\"640\" height=\"360\" src=\"https:\/\/www.youtube.com\/embed\/kqDkdsmmZ_8?feature=oembed\" frameborder=\"0\" allow=\"accelerometer; autoplay; clipboard-write; encrypted-media; gyroscope; picture-in-picture; web-share\" referrerpolicy=\"strict-origin-when-cross-origin\" allowfullscreen><\/iframe><\/p>\n<hr>\n<p><iframe loading=\"lazy\" title=\"Savanoryst\u0117 360\u00ba jaunimui\" width=\"640\" height=\"360\" src=\"https:\/\/www.youtube.com\/embed\/OlDcb8vMHHw?feature=oembed\" frameborder=\"0\" allow=\"accelerometer; autoplay; clipboard-write; encrypted-media; gyroscope; picture-in-picture; web-share\" referrerpolicy=\"strict-origin-when-cross-origin\" allowfullscreen><\/iframe><\/p>\n<hr>\n<p style=\"text-align: center;\"><strong>Savanoryst\u0117s kokybi\u0161k\u0105 ir skland\u0173 proces\u0105 u\u017etikrina mentoriai \u2013 asmenys, kurie atsako u\u017e asmenin\u0119 pagalb\u0105 savanoriams vis\u0105 j\u0173 savanoryst\u0117s keli\u0105.<\/strong><\/p>\n<p>&nbsp;<\/p>\n<p style=\"text-align: center;\"><strong>K\u0104 VEIKIA MENTORIUS?<\/strong><\/p>\n<p>1. Nustato savanorio bei savanorius priiman\u010di\u0173 organizacij\u0173 poreikius ir galimybes.<\/p>\n<p>2. Kuria saugi\u0105 erdv\u0119 refleksijai.<\/p>\n<p>3. Strukt\u016bruoja savanorio mokymo(si) proces\u0105, padeda \u012f(si)vertinti ugdomas kompetencijas.<\/p>\n<p>4. Dirba su savanoriais individualiai ir grup\u0117je.<\/p>\n<p>5. Teikia metodin\u0119 pagalb\u0105, mokymus ir konsultuoja savanorius priiman\u010dias organizacijas.<\/p>\n<p>6. Padeda pasirinkti savanorio poreikius atitinkan\u010di\u0105 priiman\u010di\u0105 organizacij\u0105.<\/p>\n<p>7. U\u017etikrina savalaik\u012f informacijos pateikim\u0105 savanoriams ir savanorius priiman\u010dioms organizacijoms, teikia gr\u012f\u017etam\u0105j\u012f ry\u0161\u012f veiklos procese.<\/p>\n<hr>\n<p><iframe loading=\"lazy\" title=\"Savanoryst\u0117s programos | Ne imti, bet duoti\" width=\"640\" height=\"360\" src=\"https:\/\/www.youtube.com\/embed\/qDcDwpNByG4?feature=oembed\" frameborder=\"0\" allow=\"accelerometer; autoplay; clipboard-write; encrypted-media; gyroscope; picture-in-picture; web-share\" referrerpolicy=\"strict-origin-when-cross-origin\" allowfullscreen><\/iframe><\/p>\n<hr>\n<p style=\"text-align: center;\">&nbsp;<\/p>\nngg_shortcode_0_placeholder\n<\/div>","protected":false},"excerpt":{"rendered":"<p>Savanoryst\u0117s kokybi\u0161k\u0105 ir skland\u0173 proces\u0105 u\u017etikrina mentoriai \u2013 asmenys, kurie atsako u\u017e asmenin\u0119 pagalb\u0105 savanoriams vis\u0105 j\u0173 savanoryst\u0117s keli\u0105. &nbsp; K\u0104 VEIKIA MENTORIUS? 1. Nustato savanorio bei savanorius priiman\u010di\u0173 organizacij\u0173 poreikius ir galimybes. 2. Kuria saugi\u0105 erdv\u0119 refleksijai. 3. Strukt\u016bruoja savanorio mokymo(si) proces\u0105, padeda \u012f(si)vertinti ugdomas kompetencijas. 4. Dirba su savanoriais individualiai ir grup\u0117je. 5. Teikia metodin\u0119 pagalb\u0105, mokymus ir konsultuoja savanorius priiman\u010dias organizacijas. 6. Padeda pasirinkti savanorio poreikius atitinkan\u010di\u0105 priiman\u010di\u0105 organizacij\u0105. 7. U\u017etikrina savalaik\u012f informacijos pateikim\u0105 savanoriams ir savanorius priiman\u010dioms organizacijoms, teikia gr\u012f\u017etam\u0105j\u012f ry\u0161\u012f veiklos procese. &nbsp;<\/p>","protected":false},"author":1,"featured_media":0,"parent":0,"menu_order":0,"comment_status":"closed","ping_status":"closed","template":"","meta":{"_uag_custom_page_level_css":"","ngg_post_thumbnail":0,"footnotes":""},"class_list":["post-2048","page","type-page","status-publish","hentry"],"uagb_featured_image_src":{"full":false,"thumbnail":false,"medium":false,"medium_large":false,"large":false,"1536x1536":false,"2048x2048":false,"trp-custom-language-flag":false,"chromenews-featured":false,"chromenews-large":false,"chromenews-medium":false},"uagb_author_info":{"display_name":"E. Lukas","author_link":"https:\/\/nibd.lt\/en\/author\/neimtigmail-com\/"},"uagb_comment_info":0,"uagb_excerpt":"Savanoryst\u0117s kokybi\u0161k\u0105 ir skland\u0173 proces\u0105 u\u017etikrina mentoriai \u2013 asmenys, kurie atsako u\u017e asmenin\u0119 pagalb\u0105 savanoriams vis\u0105 j\u0173 savanoryst\u0117s keli\u0105. &nbsp; K\u0104 VEIKIA MENTORIUS? 1. Nustato savanorio bei savanorius priiman\u010di\u0173 organizacij\u0173 poreikius ir galimybes. 2. Kuria saugi\u0105 erdv\u0119 refleksijai. 3. Strukt\u016bruoja savanorio mokymo(si) proces\u0105, padeda \u012f(si)vertinti ugdomas kompetencijas. 4. Dirba su savanoriais individualiai ir grup\u0117je. 5.&hellip;","_links":{"self":[{"href":"https:\/\/nibd.lt\/en\/wp-json\/wp\/v2\/pages\/2048","targetHints":{"allow":["GET"]}}],"collection":[{"href":"https:\/\/nibd.lt\/en\/wp-json\/wp\/v2\/pages"}],"about":[{"href":"https:\/\/nibd.lt\/en\/wp-json\/wp\/v2\/types\/page"}],"author":[{"embeddable":true,"href":"https:\/\/nibd.lt\/en\/wp-json\/wp\/v2\/users\/1"}],"replies":[{"embeddable":true,"href":"https:\/\/nibd.lt\/en\/wp-json\/wp\/v2\/comments?post=2048"}],"version-history":[{"count":24,"href":"https:\/\/nibd.lt\/en\/wp-json\/wp\/v2\/pages\/2048\/revisions"}],"predecessor-version":[{"id":9459,"href":"https:\/\/nibd.lt\/en\/wp-json\/wp\/v2\/pages\/2048\/revisions\/9459"}],"wp:attachment":[{"href":"https:\/\/nibd.lt\/en\/wp-json\/wp\/v2\/media?parent=2048"}],"curies":[{"name":"wp","href":"https:\/\/api.w.org\/{rel}","templated":true}]}}