{"id":1926,"date":"2018-07-10T10:18:51","date_gmt":"2018-07-10T08:18:51","guid":{"rendered":"http:\/\/neimtibetduoti.com\/?page_id=1926"},"modified":"2025-07-04T01:05:54","modified_gmt":"2025-07-03T22:05:54","slug":"dokumentacija","status":"publish","type":"page","link":"https:\/\/nibd.lt\/en\/apie-mus\/dokumentacija\/","title":{"rendered":"Documentation"},"content":{"rendered":"<div class=\"wp-block-group alignfull is-layout-flow wp-block-group-is-layout-flow\" style=\"padding-right:var(--wp--preset--spacing--70);padding-bottom:var(--wp--preset--spacing--40);padding-left:var(--wp--preset--spacing--70)\">\n<details class=\"wp-block-details is-layout-flow wp-block-details-is-layout-flow\" style=\"padding-top:0;padding-bottom:var(--wp--preset--spacing--40);font-size:16px;font-style:normal;font-weight:700;line-height:1.2\"><summary>STEIGIMO DOKUMENTAS \u25bc<\/summary>\n<ul style=\"margin-top:0;margin-right:0;margin-bottom:0;margin-left:0;padding-right:var(--wp--preset--spacing--40);padding-left:var(--wp--preset--spacing--40);font-size:14px;font-style:normal;font-weight:400\" class=\"wp-block-list\">\n<li style=\"margin-top:0;margin-right:0;margin-bottom:0;margin-left:0;padding-top:0;padding-bottom:0\"><a href=\"https:\/\/nibd.lt\/wp-content\/uploads\/2022\/08\/NIBD-istatai.pdf\">V\u0161\u012e \u201eNe imti, bet duoti\u201c \u012fstatai<\/a><\/li>\n<\/ul>\n<\/details>\n\n\n\n<details class=\"wp-block-details is-layout-flow wp-block-details-is-layout-flow\" style=\"margin-top:0;margin-bottom:var(--wp--preset--spacing--40);font-size:16px;font-style:normal;font-weight:700;line-height:1.2\"><summary>STRATEGINIAI VEIKLOS PLANAI IR ATASKAITOS \u25bc<\/summary>\n<ul style=\"margin-top:0;margin-right:0;margin-bottom:0;margin-left:0;padding-top:0;padding-right:var(--wp--preset--spacing--40);padding-bottom:0;padding-left:var(--wp--preset--spacing--40);font-size:14px;font-style:normal;font-weight:400\" class=\"wp-block-list\">\n<li style=\"margin-top:0;margin-right:0;margin-bottom:0;margin-left:0;padding-top:0;padding-right:0;padding-bottom:0;padding-left:0\"><a href=\"https:\/\/nibd.lt\/wp-content\/uploads\/2025\/07\/NIBD-strategija_2025-2029.pdf\">2025-2029 m. strategija<\/a><\/li>\n<\/ul>\n<\/details>\n\n\n\n<details class=\"wp-block-details is-layout-flow wp-block-details-is-layout-flow\" style=\"margin-top:0;margin-bottom:0;padding-bottom:var(--wp--preset--spacing--40);font-size:16px;font-style:normal;font-weight:700;line-height:1.2\"><summary>VEIKLOS PLANAI IR ATASKAITOS \u25bc<\/summary>\n<ul style=\"margin-top:0;margin-right:0;margin-bottom:0;margin-left:0;padding-top:0;padding-right:var(--wp--preset--spacing--40);padding-bottom:0;padding-left:var(--wp--preset--spacing--40);font-size:14px;font-style:normal;font-weight:400;line-height:1.5\" class=\"wp-block-list\">\n<li style=\"margin-top:0;margin-right:0;margin-bottom:0;margin-left:0;padding-top:0;padding-right:0;padding-bottom:0;padding-left:0;font-size:14px\"><a href=\"https:\/\/nibd.lt\/wp-content\/uploads\/2025\/07\/NIBD-veiklos-planas_2025.pdf\">2025 m. V\u0161\u012e \u201eNe imti, bet duoti\u201c veiklos planas<\/a><\/li>\n\n\n\n<li style=\"margin-top:0;margin-right:0;margin-bottom:0;margin-left:0;padding-top:0;padding-right:0;padding-bottom:0;padding-left:0;font-size:14px\"><a href=\"https:\/\/nibd.lt\/wp-content\/uploads\/2025\/02\/NIBD-veiklos-ataskaita_2024.pdf\">2024 m. V\u0161\u012e \u201eNe imti, bet duoti\u201c veiklos ataskaita<\/a><\/li>\n\n\n\n<li style=\"margin-top:0;margin-right:0;margin-bottom:0;margin-left:0;padding-top:0;padding-right:0;padding-bottom:0;padding-left:0;font-size:14px\"><a href=\"https:\/\/nibd.lt\/wp-content\/uploads\/2024\/12\/NIBD-veiklos-planas_2024.pdf\">2024 m. V\u0161\u012e \u201eNe imti, bet duoti\u201c veiklos planas<\/a><\/li>\n\n\n\n<li style=\"margin-top:0;margin-right:0;margin-bottom:0;margin-left:0;padding-top:0;padding-right:0;padding-bottom:0;padding-left:0;font-size:14px\"><a href=\"https:\/\/nibd.lt\/wp-content\/uploads\/2025\/01\/VAJE-veiklos-ataskaita_2024.pdf\">2024 m. Vaidot\u0173 atviro jaunimo centro \u2013 VAJE veiklos ataskaita<\/a><\/li>\n\n\n\n<li style=\"margin-top:0;margin-right:0;margin-bottom:0;margin-left:0;padding-top:0;padding-right:0;padding-bottom:0;padding-left:0;font-size:14px\"><a href=\"https:\/\/nibd.lt\/wp-content\/uploads\/2025\/01\/VAJE-veiklos-planas_2024.pdf\">2024 m. Vaidot\u0173 atviro jaunimo centro \u2013 VAJE veiklos planas<\/a><\/li>\n\n\n\n<li style=\"margin-top:0;margin-right:0;margin-bottom:0;margin-left:0;padding-top:0;padding-right:0;padding-bottom:0;padding-left:0;font-size:14px\"><a href=\"https:\/\/nibd.lt\/wp-content\/uploads\/2024\/04\/NIBD-veiklos-ataskaita_2023.pdf\">2023 m. V\u0161\u012e \u201eNe imti, bet duoti\u201c veiklos ataskaita<\/a><\/li>\n\n\n\n<li style=\"margin-top:0;margin-right:0;margin-bottom:0;margin-left:0;padding-top:0;padding-right:0;padding-bottom:0;padding-left:0;font-size:14px\"><a href=\"https:\/\/nibd.lt\/wp-content\/uploads\/2024\/02\/NIBD-veiklos-planas_2023.pdf\">2023 m. V\u0161\u012e \u201eNe imti, bet duoti\u201c veiklos planas<\/a><\/li>\n\n\n\n<li style=\"margin-top:0;margin-right:0;margin-bottom:0;margin-left:0;padding-top:0;padding-right:0;padding-bottom:0;padding-left:0;font-size:14px\"><a href=\"https:\/\/nibd.lt\/wp-content\/uploads\/2024\/02\/VAJE-veiklos-ataskaita_2023.pdf\">2023 m. Vaidot\u0173 atviro jaunimo centro \u2013 VAJE veiklos ataskaita<\/a><\/li>\n\n\n\n<li style=\"margin-top:0;margin-right:0;margin-bottom:0;margin-left:0;padding-top:0;padding-right:0;padding-bottom:0;padding-left:0;font-size:14px\"><a href=\"https:\/\/nibd.lt\/wp-content\/uploads\/2024\/02\/VAJE-veiklos-planas_2023.pdf\">2023 m. Vaidot\u0173 atviro jaunimo centro \u2013 VAJE veiklos planas<\/a><\/li>\n\n\n\n<li style=\"margin-top:0;margin-right:0;margin-bottom:0;margin-left:0;padding-top:0;padding-right:0;padding-bottom:0;padding-left:0;font-size:14px\"><a href=\"https:\/\/nibd.lt\/wp-content\/uploads\/2024\/03\/NIBD-veiklos-ataskaita_2022.pdf\">2022 m. V\u0161\u012e \u201eNe imti, bet duoti\u201c veiklos ataskaita<\/a><\/li>\n\n\n\n<li style=\"margin-top:0;margin-right:0;margin-bottom:0;margin-left:0;padding-top:0;padding-right:0;padding-bottom:0;padding-left:0;font-size:14px\"><a href=\"https:\/\/nibd.lt\/wp-content\/uploads\/2024\/03\/NIBD-veiklos-planas_2022.pdf\">2022 m. V\u0161\u012e \u201eNe imti, bet duoti\u201c veiklos planas<\/a><\/li>\n\n\n\n<li style=\"margin-top:0;margin-right:0;margin-bottom:0;margin-left:0;padding-top:0;padding-right:0;padding-bottom:0;padding-left:0;font-size:14px\"><a href=\"https:\/\/nibd.lt\/wp-content\/uploads\/2024\/01\/VAJE-veiklos-ataskaita_2022.pdf\">2022 m. Vaidot\u0173 atviros jaunimo erdv\u0117s \u2013 VAJE veiklos ataskaita<\/a><\/li>\n\n\n\n<li style=\"margin-top:0;margin-right:0;margin-bottom:0;margin-left:0;padding-top:0;padding-right:0;padding-bottom:0;padding-left:0;font-size:14px\"><a href=\"https:\/\/nibd.lt\/wp-content\/uploads\/2022\/12\/VAJE-veiklos-planas_2022.pdf\">2022 m. Vaidot\u0173 atviros jaunimo erdv\u0117s \u2013 VAJE veiklos planas<\/a><\/li>\n\n\n\n<li style=\"margin-top:0;margin-right:0;margin-bottom:0;margin-left:0;padding-top:0;padding-right:0;padding-bottom:0;padding-left:0;font-size:14px\"><a href=\"https:\/\/nibd.lt\/wp-content\/uploads\/2024\/12\/NIBD-veiklos-ataskaita_2019-2020.pdf\">2019-2020 m. m. V\u0161\u012e \u201eNe imti, bet duoti\u201c veiklos ataskaita&nbsp;<\/a><\/li>\n\n\n\n<li style=\"margin-top:0;margin-right:0;margin-bottom:0;margin-left:0;padding-top:0;padding-right:0;padding-bottom:0;padding-left:0;font-size:14px\"><a href=\"https:\/\/nibd.lt\/wp-content\/uploads\/2024\/12\/NIBD-veiklos-planas_2019-2020.pdf\">2019-2020 m. m. V\u0161\u012e \u201eNe imti, bet duoti\u201c veiklos planas<\/a><\/li>\n\n\n\n<li style=\"margin-top:0;margin-right:0;margin-bottom:0;margin-left:0;padding-top:0;padding-right:0;padding-bottom:0;padding-left:0;font-size:14px\"><a href=\"https:\/\/nibd.lt\/wp-content\/uploads\/2024\/12\/NIBD-veiklos-ataskaita_2018-2019.pdf\">2018-2019 m. m. V\u0161\u012e \u201eNe imti, bet duoti\u201c veiklos ataskaita<\/a><\/li>\n\n\n\n<li style=\"margin-top:0;margin-right:0;margin-bottom:0;margin-left:0;padding-top:0;padding-right:0;padding-bottom:0;padding-left:0;font-size:14px\"><a href=\"https:\/\/nibd.lt\/wp-content\/uploads\/2024\/12\/NIBD-veiklos-planas_2018-2019.pdf\">2018-2019 m. m. V\u0161\u012e \u201eNe imti, bet duoti\u201c veiklos planas<\/a><\/li>\n<\/ul>\n<\/details>\n\n\n\n<details class=\"wp-block-details is-layout-flow wp-block-details-is-layout-flow\" style=\"margin-top:0;margin-bottom:0;font-size:16px;font-style:normal;font-weight:700;line-height:1.2\"><summary>V\u012e REGISTR\u0172 CENTRUI TEIKIAMI FINANSINI\u0172 IR VEIKLOS ATASKAIT\u0172 RINKINIAI \u25bc<\/summary>\n<ul style=\"margin-top:0;margin-right:0;margin-bottom:0;margin-left:0;padding-top:0;padding-right:var(--wp--preset--spacing--40);padding-bottom:0;padding-left:var(--wp--preset--spacing--40);font-size:14px;font-style:normal;font-weight:400;line-height:1.5\" class=\"wp-block-list\">\n<li style=\"margin-top:0;margin-bottom:0;padding-top:0;padding-bottom:0;line-height:1.5\"><a href=\"https:\/\/www.registrucentras.lt\/jar\/p\/fa_edoc.php?enc=DBHCjE3mo6ZbG78K9L6N7b4%2F4d6kmxMa9UIj2UPoaogB%2BGKuFOuZnnUtnG1aNmwabYYX99BOrpjoaEKpAZC0wL4Z2%2BG%2B7x8AUXBsOi%2FM8ndSHgpf5i8OT7gWW%2FcJtfIu9W8vLZT70sNc8ircctF18wUTyxDIy2EBsfJELRIDV%2Fs%2B9aA%3D\">2024 m. finansin\u0117 ir veiklos ataskaita<\/a><\/li>\n\n\n\n<li style=\"margin-top:0;margin-bottom:0;padding-top:0;padding-bottom:0;line-height:1.5\"><a href=\"https:\/\/www.registrucentras.lt\/jar\/p\/fa_edoc.php?enc=DBHCTnRgwag4W%2BJf82LfTZpSYWfVVNZORz5rsFzgBT3AQD6eBDAKzIoE4Bcol5caTWduVropsUHPw4OYuMCVe0X%2FL8iF935L7bOeAS6FJKohrQW8iyqU8%2BaU0lHp6rxNhCtouuAu7eYnYstYmQuzI8Nj6QPD6R%2B0dWOy%2B6zA5KPomLA%3D\">2023 m. finansin\u0117 ir veiklos ataskaita<\/a><\/li>\n\n\n\n<li style=\"margin-top:0;margin-bottom:0;padding-top:0;padding-bottom:0;line-height:1.5\"><a href=\"https:\/\/www.registrucentras.lt\/jar\/p\/fa_edoc.php?enc=DBHCPNBiid5TgYMTOvak6%2B848%2BaFlq9A0N%2BjOHwwmhKJoVcJ0XLjKEZAjAgiz%2Fpsp1kRGdYSVfWApxs3ZboVz55wss%2FsA4SSMfL59G2SOF%2FS%2FxZElNmUKlfQQqiS%2FjFgRwzNKSBQG6cTtiutp2VWZUka%2FvpJlqKygRJ0mMnHJ%2Boyiso%3D\">2022 m. finansin\u0117 ir veiklos ataskaita<\/a><\/li>\n\n\n\n<li style=\"margin-top:0;margin-bottom:0;padding-top:0;padding-bottom:0;line-height:1.5\"><a href=\"https:\/\/www.registrucentras.lt\/jar\/p\/fa_edoc.php?enc=DBHCB3ongxH8ORJXZlBeD8EJtWKeOmestECbNFpnblAitHz8odGmfrNamteFpAA4oOeucSlpzegqzlHcmCBcb%2B19eMRoJgPau2M9fPzn50PnI1zwawBfHIGXgPBPDA428%2BGmnVxVWfzKVjcxHm6a7CyGA%2F7Rl2BY1oeRDry3DVxbVXE%3D\">2021 m. finansin\u0117 ir veiklos ataskaita<\/a><\/li>\n\n\n\n<li style=\"margin-top:0;margin-bottom:0;padding-top:0;padding-bottom:0;line-height:1.5\"><a href=\"https:\/\/www.registrucentras.lt\/jar\/p\/fa_edoc.php?enc=DBHChXHK1JeEHQEanRLVyq2LChkx7PZP9%2FS8LXVFoXTPFq7mExgEzph2zq5R8GNAUZdvGgjcB0oSp2XVbNo0WIgy5PDoM2Et1ZtIufYAFciGH1vOx%2FSV%2FlpGZXuAxMEWsac60iaHKhy%2B5Uh4Rs3kgf5OLbHq9u78M%2FuwvNuwBQhW0gw%3D\">2020 m. finansin\u0117 ir veiklos ataskaita<\/a><\/li>\n\n\n\n<li style=\"margin-top:0;margin-bottom:0;padding-top:0;padding-bottom:0;line-height:1.5\"><a href=\"https:\/\/www.registrucentras.lt\/jar\/p\/fa_edoc.php?enc=DBHCDOfpEqY7eh53QcOUeOqsaFhwQ8U%2FcNBBOOtcsF3iD%2FVNb7p8jBB9LDrmgqUA9DiimoXVMK1hW9i30J0zw9ra%2Bz5WICzfKz2pZePPkINw%2BGUb0RQrO6uiiM%2BI8eF4XE5jS6blNIy8O%2Bn%2Bu69zUxTIZaKo4kZ4s5IM13Apu1RupnA%3D\">2019 m. finansin\u0117 ir veiklos ataskaita<\/a><\/li>\n\n\n\n<li style=\"margin-top:0;margin-bottom:0;padding-top:0;padding-bottom:0;line-height:1.5\"><a href=\"https:\/\/www.registrucentras.lt\/jar\/p\/fa_edoc.php?enc=DBHCQrkQcj0ZYItZW9e9cniktfUPQwb6j%2FROkER%2F9AgNLmZkM0u74BZDRf%2B%2Bp1qhZjMA3iTqWtwQq%2BKoT7EMzOinLzO662gjumseAtMwJ1TonTIaHhGMzf7eSHqcvEIiOU9qCXxnP%2BIPdIm3X2SoZY6SLTeFpM0RouEKJXfZYbNjBII%3D\">2018 m. finansin\u0117 ir veiklos ataskaita<\/a><\/li>\n\n\n\n<li style=\"margin-top:0;margin-bottom:0;padding-top:0;padding-bottom:0;line-height:1.5\"><a href=\"https:\/\/www.registrucentras.lt\/jar\/p\/fa_edoc.php?enc=DBHCfOUKlN5Xv3uhYb%2B6rTG80hLxTIKCpyxjASqtTLWf8633GNCWYr2GeySTy0X8tnraEJDAyobLXa%2BojlXfFBx8ATfvs%2BDiYMWQIL0sEUY9VCyEpKO6525lu6wbPOxjTxrXPaYEigBEuUaaBFE6vkXOzzQiHd09wHl1P34oycQalcw%3D\">2017 m. finansin\u0117 ir veiklos ataskaita<\/a><\/li>\n<\/ul>\n<\/details>\n<\/div>\n\n\n\n<p><\/p>","protected":false},"excerpt":{"rendered":"","protected":false},"author":1,"featured_media":0,"parent":68,"menu_order":0,"comment_status":"closed","ping_status":"closed","template":"","meta":{"_uag_custom_page_level_css":"","ngg_post_thumbnail":0,"footnotes":""},"class_list":["post-1926","page","type-page","status-publish","hentry"],"uagb_featured_image_src":{"full":false,"thumbnail":false,"medium":false,"medium_large":false,"large":false,"1536x1536":false,"2048x2048":false,"trp-custom-language-flag":false,"chromenews-featured":false,"chromenews-large":false,"chromenews-medium":false},"uagb_author_info":{"display_name":"E. Lukas","author_link":"https:\/\/nibd.lt\/en\/author\/neimtigmail-com\/"},"uagb_comment_info":0,"uagb_excerpt":null,"_links":{"self":[{"href":"https:\/\/nibd.lt\/en\/wp-json\/wp\/v2\/pages\/1926","targetHints":{"allow":["GET"]}}],"collection":[{"href":"https:\/\/nibd.lt\/en\/wp-json\/wp\/v2\/pages"}],"about":[{"href":"https:\/\/nibd.lt\/en\/wp-json\/wp\/v2\/types\/page"}],"author":[{"embeddable":true,"href":"https:\/\/nibd.lt\/en\/wp-json\/wp\/v2\/users\/1"}],"replies":[{"embeddable":true,"href":"https:\/\/nibd.lt\/en\/wp-json\/wp\/v2\/comments?post=1926"}],"version-history":[{"count":150,"href":"https:\/\/nibd.lt\/en\/wp-json\/wp\/v2\/pages\/1926\/revisions"}],"predecessor-version":[{"id":10727,"href":"https:\/\/nibd.lt\/en\/wp-json\/wp\/v2\/pages\/1926\/revisions\/10727"}],"up":[{"embeddable":true,"href":"https:\/\/nibd.lt\/en\/wp-json\/wp\/v2\/pages\/68"}],"wp:attachment":[{"href":"https:\/\/nibd.lt\/en\/wp-json\/wp\/v2\/media?parent=1926"}],"curies":[{"name":"wp","href":"https:\/\/api.w.org\/{rel}","templated":true}]}}