{"id":1596,"date":"2017-11-11T10:56:53","date_gmt":"2017-11-11T08:56:53","guid":{"rendered":"http:\/\/neimtibetduoti.com\/?page_id=1596"},"modified":"2020-04-27T19:00:35","modified_gmt":"2020-04-27T19:00:35","slug":"members","status":"publish","type":"page","link":"https:\/\/nibd.lt\/en\/en\/members\/","title":{"rendered":"Members"},"content":{"rendered":"<p>The Executive Board:<\/p>\n\n<p>Event management:<\/p>\n\n<p>Volunteers at &#8222;SOS Children&#8217;s Village&#8221;:<\/p>\n<div id='gallery-3' class='gallery galleryid-1596 gallery-columns-3 gallery-size-medium'><figure class='gallery-item'>\n\t\t\t<div class='gallery-icon landscape'>\n\t\t\t\t<a href='https:\/\/nibd.lt\/wp-content\/uploads\/2017\/10\/medeina-kurtinaitytc4972.jpg'><img width=\"300\" height=\"300\" src=\"https:\/\/nibd.lt\/wp-content\/uploads\/2017\/10\/medeina-kurtinaitytc4972-300x300.jpg\" class=\"attachment-medium size-medium\" alt=\"Medeina Kurtinaityt\u0117\" aria-describedby=\"gallery-3-1426\" srcset=\"https:\/\/nibd.lt\/wp-content\/uploads\/2017\/10\/medeina-kurtinaitytc4972-300x300.jpg 300w, https:\/\/nibd.lt\/wp-content\/uploads\/2017\/10\/medeina-kurtinaitytc4972-150x150.jpg 150w, https:\/\/nibd.lt\/wp-content\/uploads\/2017\/10\/medeina-kurtinaitytc4972.jpg 720w\" sizes=\"auto, (max-width: 300px) 100vw, 300px\" loading=\"lazy\" decoding=\"async\" \/><\/a>\n\t\t\t<\/div>\n\t\t\t\t<figcaption class='wp-caption-text gallery-caption' id='gallery-3-1426'>\n\t\t\t\tMedeina Kurtinaityt\u0117\n\t\t\t\t<\/figcaption><\/figure>\n\t\t<\/div>\n\n<p>Volunteers at &#8222;Antakalnis&#8221; foster care institution:<\/p>\n\n<p>Volunteers at &#8222;\u017dolynas&#8221; foster care institution:<\/p>\n<div id='gallery-5' class='gallery galleryid-1596 gallery-columns-3 gallery-size-medium'><figure class='gallery-item'>\n\t\t\t<div class='gallery-icon landscape'>\n\t\t\t\t<a href='https:\/\/nibd.lt\/en\/simona-burbulyte-colour-2\/'><img width=\"300\" height=\"300\" src=\"https:\/\/nibd.lt\/wp-content\/uploads\/2017\/10\/simona-burbulyte-colour2-300x300.jpg\" class=\"attachment-medium size-medium\" alt=\"Simona Burbulyte colour\" aria-describedby=\"gallery-5-1435\" srcset=\"https:\/\/nibd.lt\/wp-content\/uploads\/2017\/10\/simona-burbulyte-colour2-300x300.jpg 300w, https:\/\/nibd.lt\/wp-content\/uploads\/2017\/10\/simona-burbulyte-colour2-150x150.jpg 150w, https:\/\/nibd.lt\/wp-content\/uploads\/2017\/10\/simona-burbulyte-colour2.jpg 750w\" sizes=\"auto, (max-width: 300px) 100vw, 300px\" loading=\"lazy\" decoding=\"async\" \/><\/a>\n\t\t\t<\/div>\n\t\t\t\t<figcaption class='wp-caption-text gallery-caption' id='gallery-5-1435'>\n\t\t\t\tVilniaus savanori\u0173 kurator\u0117 Simona Burbulyt\u0117\n\t\t\t\t<\/figcaption><\/figure>\n\t\t<\/div>\n\n<p>Volunteers at &#8222;Gil\u0117&#8221; foster care institution:<\/p>\n\n<p>Volunteers at &#8222;The Lighthouse Foundation&#8221;, Vilnius city municipality and &#8222;Naujininkai&#8221; foster care institution:<\/p>\n<div id='gallery-7' class='gallery galleryid-1596 gallery-columns-3 gallery-size-medium'><figure class='gallery-item'>\n\t\t\t<div class='gallery-icon landscape'>\n\t\t\t\t<a href='https:\/\/nibd.lt\/en\/medeina-kurtinaityte-3\/'><img width=\"300\" height=\"300\" src=\"https:\/\/nibd.lt\/wp-content\/uploads\/2017\/10\/medeina-kurtinaitytc4972-300x300.jpg\" class=\"attachment-medium size-medium\" alt=\"Medeina Kurtinaityt\u0117\" aria-describedby=\"gallery-7-1426\" srcset=\"https:\/\/nibd.lt\/wp-content\/uploads\/2017\/10\/medeina-kurtinaitytc4972-300x300.jpg 300w, https:\/\/nibd.lt\/wp-content\/uploads\/2017\/10\/medeina-kurtinaitytc4972-150x150.jpg 150w, https:\/\/nibd.lt\/wp-content\/uploads\/2017\/10\/medeina-kurtinaitytc4972.jpg 720w\" sizes=\"auto, (max-width: 300px) 100vw, 300px\" loading=\"lazy\" decoding=\"async\" \/><\/a>\n\t\t\t<\/div>\n\t\t\t\t<figcaption class='wp-caption-text gallery-caption' id='gallery-7-1426'>\n\t\t\t\tMedeina Kurtinaityt\u0117\n\t\t\t\t<\/figcaption><\/figure>\n\t\t<\/div>","protected":false},"excerpt":{"rendered":"<p>The Executive Board: Event management: Volunteers at &#8222;SOS Children&#8217;s Village&#8221;: Volunteers at &#8222;Antakalnis&#8221; foster care institution: Volunteers at &#8222;\u017dolynas&#8221; foster care institution: Volunteers at &#8222;Gil\u0117&#8221; foster care institution: Volunteers at &#8222;The Lighthouse Foundation&#8221;, Vilnius city municipality and &#8222;Naujininkai&#8221; foster care institution:<\/p>","protected":false},"author":1,"featured_media":0,"parent":1576,"menu_order":0,"comment_status":"closed","ping_status":"closed","template":"","meta":{"_uag_custom_page_level_css":"","ngg_post_thumbnail":0,"footnotes":""},"class_list":["post-1596","page","type-page","status-publish","hentry"],"uagb_featured_image_src":{"full":false,"thumbnail":false,"medium":false,"medium_large":false,"large":false,"1536x1536":false,"2048x2048":false,"trp-custom-language-flag":false,"chromenews-featured":false,"chromenews-large":false,"chromenews-medium":false},"uagb_author_info":{"display_name":"E. Lukas","author_link":"https:\/\/nibd.lt\/en\/author\/neimtigmail-com\/"},"uagb_comment_info":0,"uagb_excerpt":"The Executive Board: Event management: Volunteers at &#8222;SOS Children&#8217;s Village&#8221;: Volunteers at &#8222;Antakalnis&#8221; foster care institution: Volunteers at &#8222;\u017dolynas&#8221; foster care institution: Volunteers at &#8222;Gil\u0117&#8221; foster care institution: Volunteers at &#8222;The Lighthouse Foundation&#8221;, Vilnius city municipality and &#8222;Naujininkai&#8221; foster care institution:","_links":{"self":[{"href":"https:\/\/nibd.lt\/en\/wp-json\/wp\/v2\/pages\/1596","targetHints":{"allow":["GET"]}}],"collection":[{"href":"https:\/\/nibd.lt\/en\/wp-json\/wp\/v2\/pages"}],"about":[{"href":"https:\/\/nibd.lt\/en\/wp-json\/wp\/v2\/types\/page"}],"author":[{"embeddable":true,"href":"https:\/\/nibd.lt\/en\/wp-json\/wp\/v2\/users\/1"}],"replies":[{"embeddable":true,"href":"https:\/\/nibd.lt\/en\/wp-json\/wp\/v2\/comments?post=1596"}],"version-history":[{"count":1,"href":"https:\/\/nibd.lt\/en\/wp-json\/wp\/v2\/pages\/1596\/revisions"}],"predecessor-version":[{"id":3565,"href":"https:\/\/nibd.lt\/en\/wp-json\/wp\/v2\/pages\/1596\/revisions\/3565"}],"up":[{"embeddable":true,"href":"https:\/\/nibd.lt\/en\/wp-json\/wp\/v2\/pages\/1576"}],"wp:attachment":[{"href":"https:\/\/nibd.lt\/en\/wp-json\/wp\/v2\/media?parent=1596"}],"curies":[{"name":"wp","href":"https:\/\/api.w.org\/{rel}","templated":true}]}}