{"id":1228,"date":"2017-09-16T17:44:41","date_gmt":"2017-09-16T15:44:41","guid":{"rendered":"http:\/\/neimtibetduoti.com\/?page_id=1228"},"modified":"2020-04-27T19:00:35","modified_gmt":"2020-04-27T19:00:35","slug":"patycios-gali-ir-turi-liautis","status":"publish","type":"page","link":"https:\/\/nibd.lt\/en\/patycios-gali-ir-turi-liautis\/","title":{"rendered":"Bullying can and must stop"},"content":{"rendered":"<p><a href=\"http:\/\/bepatyciu.lt\" target=\"_blank\" rel=\"noopener noreferrer\"><img loading=\"lazy\" decoding=\"async\" class=\"size-full wp-image-1244 aligncenter\" src=\"https:\/\/nibdblog.files.wordpress.com\/2017\/09\/be-patyciu.jpg\" alt=\"Be-patyciu\" width=\"426\" height=\"426\" \/><\/a><\/p>\n<p style=\"text-align:justify;\">Mokykloje vykstan\u010dios paty\u010dios yra aktuali problema \u2013 b\u016btent mokykl\u0105 kaip vien\u0105 i\u0161 viet\u0173, kur da\u017eniausiai pastebi paty\u010dias, i\u0161skiria dauguma \u017emoni\u0173. Tai atskleid\u0117\u00a0\u201eVaik\u0173 linijos\u201c inicijuota visuomen\u0117s nuomon\u0117s apklausa.<\/p>\n<p style=\"text-align:justify;\">Globojami vaikai su \u0161ia problema susiduria dar da\u017eniau. Savanoris \u2013 vienas i\u0161 t\u0173, kurie gali palaikyti savo mokinuk\u0105, jam patarti ir i\u0161klausyti. \u0160ioje svetain\u0117je rasite daugiau patarim\u0173, pad\u0117sian\u010di\u0173 pad\u0117ti ir palaikyti vaik\u0105, jei jis susiduria su paty\u010diomis mokykloje.<\/p>","protected":false},"excerpt":{"rendered":"<p>Mokykloje vykstan\u010dios paty\u010dios yra aktuali problema \u2013 b\u016btent mokykl\u0105 kaip vien\u0105 i\u0161 viet\u0173, kur da\u017eniausiai pastebi paty\u010dias, i\u0161skiria dauguma \u017emoni\u0173. Tai atskleid\u0117\u00a0\u201eVaik\u0173 linijos\u201c inicijuota visuomen\u0117s nuomon\u0117s apklausa. Globojami vaikai su \u0161ia problema susiduria dar da\u017eniau. Savanoris \u2013 vienas i\u0161 t\u0173, kurie gali palaikyti savo mokinuk\u0105, jam patarti ir i\u0161klausyti. \u0160ioje svetain\u0117je rasite daugiau patarim\u0173, pad\u0117sian\u010di\u0173 pad\u0117ti ir palaikyti vaik\u0105, jei jis susiduria su paty\u010diomis mokykloje.<\/p>","protected":false},"author":1,"featured_media":0,"parent":0,"menu_order":0,"comment_status":"closed","ping_status":"closed","template":"","meta":{"_uag_custom_page_level_css":"","ngg_post_thumbnail":0,"footnotes":""},"class_list":["post-1228","page","type-page","status-publish","hentry"],"uagb_featured_image_src":{"full":false,"thumbnail":false,"medium":false,"medium_large":false,"large":false,"1536x1536":false,"2048x2048":false,"trp-custom-language-flag":false,"chromenews-featured":false,"chromenews-large":false,"chromenews-medium":false},"uagb_author_info":{"display_name":"E. Lukas","author_link":"https:\/\/nibd.lt\/en\/author\/neimtigmail-com\/"},"uagb_comment_info":0,"uagb_excerpt":"Mokykloje vykstan\u010dios paty\u010dios yra aktuali problema \u2013 b\u016btent mokykl\u0105 kaip vien\u0105 i\u0161 viet\u0173, kur da\u017eniausiai pastebi paty\u010dias, i\u0161skiria dauguma \u017emoni\u0173. Tai atskleid\u0117\u00a0\u201eVaik\u0173 linijos\u201c inicijuota visuomen\u0117s nuomon\u0117s apklausa. Globojami vaikai su \u0161ia problema susiduria dar da\u017eniau. Savanoris \u2013 vienas i\u0161 t\u0173, kurie gali palaikyti savo mokinuk\u0105, jam patarti ir i\u0161klausyti. \u0160ioje svetain\u0117je rasite daugiau patarim\u0173, pad\u0117sian\u010di\u0173&hellip;","_links":{"self":[{"href":"https:\/\/nibd.lt\/en\/wp-json\/wp\/v2\/pages\/1228","targetHints":{"allow":["GET"]}}],"collection":[{"href":"https:\/\/nibd.lt\/en\/wp-json\/wp\/v2\/pages"}],"about":[{"href":"https:\/\/nibd.lt\/en\/wp-json\/wp\/v2\/types\/page"}],"author":[{"embeddable":true,"href":"https:\/\/nibd.lt\/en\/wp-json\/wp\/v2\/users\/1"}],"replies":[{"embeddable":true,"href":"https:\/\/nibd.lt\/en\/wp-json\/wp\/v2\/comments?post=1228"}],"version-history":[{"count":1,"href":"https:\/\/nibd.lt\/en\/wp-json\/wp\/v2\/pages\/1228\/revisions"}],"predecessor-version":[{"id":3576,"href":"https:\/\/nibd.lt\/en\/wp-json\/wp\/v2\/pages\/1228\/revisions\/3576"}],"wp:attachment":[{"href":"https:\/\/nibd.lt\/en\/wp-json\/wp\/v2\/media?parent=1228"}],"curies":[{"name":"wp","href":"https:\/\/api.w.org\/{rel}","templated":true}]}}