{"id":10842,"date":"2025-08-27T02:44:58","date_gmt":"2025-08-26T23:44:58","guid":{"rendered":"https:\/\/nibd.lt\/?page_id=10842"},"modified":"2026-04-05T00:03:15","modified_gmt":"2026-04-04T21:03:15","slug":"jaunimui","status":"publish","type":"page","link":"https:\/\/nibd.lt\/en\/jaunimui\/","title":{"rendered":"Jaunimui"},"content":{"rendered":"<div class=\"wp-block-group alignfull is-layout-constrained wp-container-core-group-is-layout-1 wp-block-group-is-layout-constrained\" style=\"margin-top:0;margin-bottom:0;padding-top:0;padding-right:0;padding-bottom:0;padding-left:0\">\n<p class=\"has-text-align-center\"><strong>Psichologin\u0117 ir emocin\u0117 sveikata<\/strong><\/p>\n\n\n\n<ul class=\"wp-block-list\">\n<li>Nemokamos <a href=\"http:\/\/www.psichikos-sveikata.lt\/\">pagalbos galimyb\u0117s<\/a> <strong>Vilniuje<\/strong>&nbsp;patiriant psichikos sveikatos sunkumus.<\/li>\n\n\n\n<li>Psichologini\u0173 krizi\u0173 pagalbos <a href=\"https:\/\/pkpc.lt\">centras.<\/a><\/li>\n<\/ul>\n\n\n\n<div class=\"wp-block-blockspare-shape-divider alignfull blockspare-ef1b98c0-6f32-4 blockspare-block-animation bs-hover-style-8\" blockspare-animation=\"AFTclipHorizontal\"><style>.blockspare-ef1b98c0-6f32-4 .blockspare-svg-wrapper{color:#febc62;height:72px;padding-top:0px;padding-right:0px;padding-bottom:0px;padding-left:0px;margin-top:30px;margin-right:0px;margin-bottom:30px;margin-left:0px}<\/style><div class=\"blockspare-blocks blockspare-svg-wrapper blockspare-hover-item is-horizontally-flipped has-width-1-1\"><div class=\"blockspare-svg-svg-inner blockspare-separator-wrapper\"><svg class=\"double-wave\" preserveaspectratio=\"none\" aria-hidden=\"true\" xmlns=\"http:\/\/www.w3.org\/2000\/svg\" viewbox=\"0 0 1946 175\"><path class=\"st0\" d=\"M-.5 27.7v146.8h1946V10.7s-170.6 20.4-265 57.2c0 0-374.1 116.7-794.2 24.7 0 0-414.1-100.9-673.1-92-.1 0-102.9 5.2-213.7 27.1z\"><\/path><path class=\"st1\" d=\"M1945.5 69.9s-425.5-100-888 20.5c0 0-342.6 63.3-611.4 43.8 0 0-224.9-40.3-446.6-84.4V174h1946V69.9z\"><\/path><path d=\"M-.5 88s425.5-100 888 20.5c0 0 342.6 63.3 611.4 43.8 0 0 224.9-20.2 446.6-64.3v87H-.5V88z\"><\/path><\/svg><\/div><\/div><\/div>\n\n\n\n<div class=\"wp-block-blockspare-shape-divider alignfull blockspare-5ae9f654-1da6-4 blockspare-block-animation bs-hover-style-8\" blockspare-animation=\"AFTclipHorizontal\"><style>.blockspare-5ae9f654-1da6-4 .blockspare-svg-wrapper{color:#febc62;height:72px;padding-top:0px;padding-right:0px;padding-bottom:0px;padding-left:0px;margin-top:-31px;margin-right:0px;margin-bottom:30px;margin-left:0px}<\/style><div class=\"blockspare-blocks blockspare-svg-wrapper blockspare-hover-item is-vertically-flipped is-horizontally-flipped has-width-1-1\"><div class=\"blockspare-svg-svg-inner blockspare-separator-wrapper\"><svg class=\"fan\" preserveaspectratio=\"none\" aria-hidden=\"true\" xmlns=\"http:\/\/www.w3.org\/2000\/svg\" viewbox=\"0 0 1917 105\"><path class=\"st1\" d=\"M-.5 0l958.8 69.3L1917 0v77H-.5z\"><\/path><path class=\"st2\" d=\"M-.5 24.5l958.8 46.3L1917 24.5V77H-.5z\"><\/path><path class=\"st3\" d=\"M-.5 49.1l958.8 23.1L1917 49.1V77H-.5z\"><\/path><path d=\"M-.5 77H1917v28H-.5z\"><\/path><\/svg><\/div><\/div><\/div>\n\n\n\n<p class=\"has-text-align-center\"><strong>Negalia<\/strong><\/p>\n\n\n\n<ul class=\"wp-block-list\">\n<li>Autisti\u0161ko \u017emogaus kasdienyb\u0117. Komiksas <a href=\"https:\/\/draugija.lt\/wp-content\/uploads\/2025\/10\/Komiksas-spalvotas-TELEFONUI.pdf\">skaitymui<\/a> ir <a href=\"https:\/\/draugija.lt\/wp-content\/uploads\/2025\/10\/Komiksas-nespalvotas-SPAUSDINIMUI.pdf\">spausdinimui<\/a>.<\/li>\n<\/ul>\n<\/div>\n\n\n\n<div class=\"wp-block-blockspare-shape-divider alignfull blockspare-82560ce6-e175-4 blockspare-block-animation bs-hover-style-8\" blockspare-animation=\"AFTclipHorizontal\"><style>.blockspare-82560ce6-e175-4 .blockspare-svg-wrapper{color:#febc62;height:72px;padding-top:0px;padding-right:0px;padding-bottom:0px;padding-left:0px;margin-top:30px;margin-right:0px;margin-bottom:30px;margin-left:0px}<\/style><div class=\"blockspare-blocks blockspare-svg-wrapper blockspare-hover-item is-horizontally-flipped has-width-1-1\"><div class=\"blockspare-svg-svg-inner blockspare-separator-wrapper\"><svg class=\"double-wave\" preserveaspectratio=\"none\" aria-hidden=\"true\" xmlns=\"http:\/\/www.w3.org\/2000\/svg\" viewbox=\"0 0 1946 175\"><path class=\"st0\" d=\"M-.5 27.7v146.8h1946V10.7s-170.6 20.4-265 57.2c0 0-374.1 116.7-794.2 24.7 0 0-414.1-100.9-673.1-92-.1 0-102.9 5.2-213.7 27.1z\"><\/path><path class=\"st1\" d=\"M1945.5 69.9s-425.5-100-888 20.5c0 0-342.6 63.3-611.4 43.8 0 0-224.9-40.3-446.6-84.4V174h1946V69.9z\"><\/path><path d=\"M-.5 88s425.5-100 888 20.5c0 0 342.6 63.3 611.4 43.8 0 0 224.9-20.2 446.6-64.3v87H-.5V88z\"><\/path><\/svg><\/div><\/div><\/div>\n\n\n\n<div class=\"wp-block-blockspare-shape-divider alignfull blockspare-75f5c02b-84c7-4 blockspare-block-animation bs-hover-style-8\" blockspare-animation=\"AFTclipHorizontal\"><style>.blockspare-75f5c02b-84c7-4 .blockspare-svg-wrapper{color:#febc62;height:72px;padding-top:0px;padding-right:0px;padding-bottom:0px;padding-left:0px;margin-top:-31px;margin-right:0px;margin-bottom:30px;margin-left:0px}<\/style><div class=\"blockspare-blocks blockspare-svg-wrapper blockspare-hover-item is-vertically-flipped is-horizontally-flipped has-width-1-1\"><div class=\"blockspare-svg-svg-inner blockspare-separator-wrapper\"><svg class=\"fan\" preserveaspectratio=\"none\" aria-hidden=\"true\" xmlns=\"http:\/\/www.w3.org\/2000\/svg\" viewbox=\"0 0 1917 105\"><path class=\"st1\" d=\"M-.5 0l958.8 69.3L1917 0v77H-.5z\"><\/path><path class=\"st2\" d=\"M-.5 24.5l958.8 46.3L1917 24.5V77H-.5z\"><\/path><path class=\"st3\" d=\"M-.5 49.1l958.8 23.1L1917 49.1V77H-.5z\"><\/path><path d=\"M-.5 77H1917v28H-.5z\"><\/path><\/svg><\/div><\/div><\/div>","protected":false},"excerpt":{"rendered":"<p>Psichologin\u0117 ir emocin\u0117 sveikata Negalia<\/p>","protected":false},"author":1,"featured_media":0,"parent":0,"menu_order":0,"comment_status":"closed","ping_status":"closed","template":"","meta":{"_uag_custom_page_level_css":"","ngg_post_thumbnail":0,"footnotes":""},"class_list":["post-10842","page","type-page","status-publish","hentry"],"uagb_featured_image_src":{"full":false,"thumbnail":false,"medium":false,"medium_large":false,"large":false,"1536x1536":false,"2048x2048":false,"trp-custom-language-flag":false,"chromenews-featured":false,"chromenews-large":false,"chromenews-medium":false},"uagb_author_info":{"display_name":"E. Lukas","author_link":"https:\/\/nibd.lt\/en\/author\/neimtigmail-com\/"},"uagb_comment_info":0,"uagb_excerpt":"Psichologin\u0117 ir emocin\u0117 sveikata Negalia","_links":{"self":[{"href":"https:\/\/nibd.lt\/en\/wp-json\/wp\/v2\/pages\/10842","targetHints":{"allow":["GET"]}}],"collection":[{"href":"https:\/\/nibd.lt\/en\/wp-json\/wp\/v2\/pages"}],"about":[{"href":"https:\/\/nibd.lt\/en\/wp-json\/wp\/v2\/types\/page"}],"author":[{"embeddable":true,"href":"https:\/\/nibd.lt\/en\/wp-json\/wp\/v2\/users\/1"}],"replies":[{"embeddable":true,"href":"https:\/\/nibd.lt\/en\/wp-json\/wp\/v2\/comments?post=10842"}],"version-history":[{"count":20,"href":"https:\/\/nibd.lt\/en\/wp-json\/wp\/v2\/pages\/10842\/revisions"}],"predecessor-version":[{"id":12033,"href":"https:\/\/nibd.lt\/en\/wp-json\/wp\/v2\/pages\/10842\/revisions\/12033"}],"wp:attachment":[{"href":"https:\/\/nibd.lt\/en\/wp-json\/wp\/v2\/media?parent=10842"}],"curies":[{"name":"wp","href":"https:\/\/api.w.org\/{rel}","templated":true}]}}